{"id":3847,"date":"2019-08-19T19:20:03","date_gmt":"2019-08-19T19:20:03","guid":{"rendered":"https:\/\/visitviskovo.hr\/?page_id=3847"},"modified":"2020-05-12T11:53:39","modified_gmt":"2020-05-12T11:53:39","slug":"kraljevica","status":"publish","type":"page","link":"https:\/\/visitviskovo.hr\/it\/cosa-fare\/i-dintorni-di-viskovo\/kraljevica\/","title":{"rendered":"Kraljevica"},"content":{"rendered":"\n<p>Kraljevica (Porto Re) \u00e8 un&#8217;antica cittadina costiera, situata all&#8217;entrata della Baia di Buccari (Bakar), a una ventina di chilometri a sud di Fiume. Grazie alla sua costa frastagliata e alla sua vegetazione lussureggiante, la citt\u00e0 vanta spiagge stupende e una bella passeggiata. I due castelli medievali e una chiesa, lasciati in eredit\u00e0 dalle nobili famiglie dei Frankopan e Zrinski, in estate diventano palcoscenici per spettacoli culturali e luoghi di divertimento. Kraljevica e dintorni sono una rinomata destinazione turistica per coloro desiderano riposarsi, andare in barca, fare immersioni e, naturalmente, divertirsi e godere dell&#8217;offerta culturale cittadina.<\/p>\n\n\n\n<p>Gi\u00e0 nel XIII secolo Kraljevica viene citata come luogo in cui si rifugi\u00f2 nel 1242 il re ungherese Bela IV in fuga dai mongoli. La citt\u00e0 \u00e8 conosciuta come la base navale austriaca e il cantiere pi\u00f9 antico dell&#8217;Adriatico. Il Santuario di S. Nicola attira i fedeli e soprattutto i marinai che ogni anno partecipano al pellegrinaggio marittimo. \u00c8 grazie alla sua posizione geografica, alle bellezze naturali e al clima salubre che alla fine del secolo scorso Kraljevica divenne uno dei primi centri di turismo salutistico al quale la citt\u00e0 deve il suo ulteriore sviluppo turistico. Infatti, \u00e8 sulla penisola di O\u0161tro che nel 1891 venne costruito uno dei primi stabilimenti balneari del Quarnero, premiato nel 1894 a Vienna e nel 1896 a Budapest.<\/p>\n\n\n\n<p>Alla lunga tradizione nel campo del turismo sanitario a Kraljevica hanno contribuito anche i benefici del clima. Cos\u00ec, in una descrizione del luogo scritta agli inizi del XX secolo si fa cenno ai bagni di mare, di aria, di sole e di sabbia e vi si sottolinea l&#8217;influenza della bora sulla salute.<\/p>\n\n\n\n<table class=\"wp-block-table\"><tbody><tr><td><strong>Indirizzo:<\/strong>&nbsp;Turisti\u010dka zajednica Grada Kraljevice, Rovina bb, 51262 Kraljevica<strong>&nbsp;<\/strong><br><strong>Tel:<\/strong>&nbsp;+385 51 282 078<strong>&nbsp;<\/strong><br><strong>Web:<\/strong>&nbsp;<a rel=\"noreferrer noopener\" href=\"http:\/\/www.tzg-kraljevica.hr\/\" target=\"_blank\">www.tzg-kraljevica.hr<\/a>&nbsp;&nbsp;&nbsp;&nbsp;&nbsp;<br><strong>E-mail:<\/strong>&nbsp;<a href=\"mailto:tzg.kraljevica@ri.t-com.hr\">tzg.kraljevica@ri.t-com.hr<\/a><\/td><\/tr><\/tbody><\/table>\n","protected":false},"excerpt":{"rendered":"<p>Kraljevica (Porto Re) \u00e8 un&#8217;antica cittadina costiera, situata all&#8217;entrata della Baia di Buccari (Bakar), a una ventina di chilometri a sud di Fiume. Grazie alla sua costa frastagliata e alla sua vegetazione lussureggiante, la citt\u00e0 vanta spiagge stupende e una bella passeggiata. I due castelli medievali e una chiesa, lasciati in eredit\u00e0 dalle nobili famiglie [&hellip;]<\/p>\n","protected":false},"author":1,"featured_media":13531,"parent":3785,"menu_order":0,"comment_status":"closed","ping_status":"closed","template":"","meta":{"_acf_changed":false,"footnotes":""},"acf":[],"yoast_head":"<!-- This site is optimized with the Yoast SEO plugin v22.7 - https:\/\/yoast.com\/wordpress\/plugins\/seo\/ -->\n<title>Kraljevica - Turisti\u010dka zajednica op\u0107ine Vi\u0161kovo<\/title>\n<meta name=\"robots\" content=\"index, follow, max-snippet:-1, max-image-preview:large, max-video-preview:-1\" \/>\n<link rel=\"canonical\" href=\"https:\/\/visitviskovo.hr\/it\/cosa-fare\/i-dintorni-di-viskovo\/kraljevica\/\" \/>\n<meta property=\"og:locale\" content=\"it_IT\" \/>\n<meta property=\"og:type\" content=\"article\" \/>\n<meta property=\"og:title\" content=\"Kraljevica - Turisti\u010dka zajednica op\u0107ine Vi\u0161kovo\" \/>\n<meta property=\"og:description\" content=\"Kraljevica (Porto Re) \u00e8 un&#8217;antica cittadina costiera, situata all&#8217;entrata della Baia di Buccari (Bakar), a una ventina di chilometri a sud di Fiume. Grazie alla sua costa frastagliata e alla sua vegetazione lussureggiante, la citt\u00e0 vanta spiagge stupende e una bella passeggiata. I due castelli medievali e una chiesa, lasciati in eredit\u00e0 dalle nobili famiglie [&hellip;]\" \/>\n<meta property=\"og:url\" content=\"https:\/\/visitviskovo.hr\/it\/cosa-fare\/i-dintorni-di-viskovo\/kraljevica\/\" \/>\n<meta property=\"og:site_name\" content=\"Turisti\u010dka zajednica op\u0107ine Vi\u0161kovo\" \/>\n<meta property=\"article:publisher\" content=\"https:\/\/web.facebook.com\/VisitViskovo\" \/>\n<meta property=\"article:modified_time\" content=\"2020-05-12T11:53:39+00:00\" \/>\n<meta property=\"og:image\" content=\"https:\/\/visitviskovo.hr\/wp-content\/uploads\/2020\/05\/kraljevica-Large-1280x720.png\" \/>\n\t<meta property=\"og:image:width\" content=\"1280\" \/>\n\t<meta property=\"og:image:height\" content=\"720\" \/>\n\t<meta property=\"og:image:type\" content=\"image\/png\" \/>\n<meta name=\"twitter:card\" content=\"summary_large_image\" \/>\n<meta name=\"twitter:label1\" content=\"Tempo di lettura stimato\" \/>\n\t<meta name=\"twitter:data1\" content=\"1 minuto\" \/>\n<script type=\"application\/ld+json\" class=\"yoast-schema-graph\">{\"@context\":\"https:\/\/schema.org\",\"@graph\":[{\"@type\":\"WebPage\",\"@id\":\"https:\/\/visitviskovo.hr\/it\/cosa-fare\/i-dintorni-di-viskovo\/kraljevica\/\",\"url\":\"https:\/\/visitviskovo.hr\/it\/cosa-fare\/i-dintorni-di-viskovo\/kraljevica\/\",\"name\":\"Kraljevica - Turisti\u010dka zajednica op\u0107ine Vi\u0161kovo\",\"isPartOf\":{\"@id\":\"https:\/\/visitviskovo.hr\/it\/#website\"},\"primaryImageOfPage\":{\"@id\":\"https:\/\/visitviskovo.hr\/it\/cosa-fare\/i-dintorni-di-viskovo\/kraljevica\/#primaryimage\"},\"image\":{\"@id\":\"https:\/\/visitviskovo.hr\/it\/cosa-fare\/i-dintorni-di-viskovo\/kraljevica\/#primaryimage\"},\"thumbnailUrl\":\"https:\/\/visitviskovo.hr\/wp-content\/uploads\/2020\/05\/kraljevica-Large.png\",\"datePublished\":\"2019-08-19T19:20:03+00:00\",\"dateModified\":\"2020-05-12T11:53:39+00:00\",\"breadcrumb\":{\"@id\":\"https:\/\/visitviskovo.hr\/it\/cosa-fare\/i-dintorni-di-viskovo\/kraljevica\/#breadcrumb\"},\"inLanguage\":\"it-IT\",\"potentialAction\":[{\"@type\":\"ReadAction\",\"target\":[\"https:\/\/visitviskovo.hr\/it\/cosa-fare\/i-dintorni-di-viskovo\/kraljevica\/\"]}]},{\"@type\":\"ImageObject\",\"inLanguage\":\"it-IT\",\"@id\":\"https:\/\/visitviskovo.hr\/it\/cosa-fare\/i-dintorni-di-viskovo\/kraljevica\/#primaryimage\",\"url\":\"https:\/\/visitviskovo.hr\/wp-content\/uploads\/2020\/05\/kraljevica-Large.png\",\"contentUrl\":\"https:\/\/visitviskovo.hr\/wp-content\/uploads\/2020\/05\/kraljevica-Large.png\",\"width\":1920,\"height\":1080},{\"@type\":\"BreadcrumbList\",\"@id\":\"https:\/\/visitviskovo.hr\/it\/cosa-fare\/i-dintorni-di-viskovo\/kraljevica\/#breadcrumb\",\"itemListElement\":[{\"@type\":\"ListItem\",\"position\":1,\"name\":\"Home\",\"item\":\"https:\/\/visitviskovo.hr\/it\/\"},{\"@type\":\"ListItem\",\"position\":2,\"name\":\"Cosa fare\",\"item\":\"https:\/\/visitviskovo.hr\/it\/cosa-fare\/\"},{\"@type\":\"ListItem\",\"position\":3,\"name\":\"I dintorni di Vi\u0161kovo\",\"item\":\"https:\/\/visitviskovo.hr\/it\/cosa-fare\/i-dintorni-di-viskovo\/\"},{\"@type\":\"ListItem\",\"position\":4,\"name\":\"Kraljevica\"}]},{\"@type\":\"WebSite\",\"@id\":\"https:\/\/visitviskovo.hr\/it\/#website\",\"url\":\"https:\/\/visitviskovo.hr\/it\/\",\"name\":\"Turisti\u010dka zajednica op\u0107ine Vi\u0161kovo\",\"description\":\"\",\"potentialAction\":[{\"@type\":\"SearchAction\",\"target\":{\"@type\":\"EntryPoint\",\"urlTemplate\":\"https:\/\/visitviskovo.hr\/it\/?s={search_term_string}\"},\"query-input\":\"required name=search_term_string\"}],\"inLanguage\":\"it-IT\"}]}<\/script>\n<!-- \/ Yoast SEO plugin. -->","yoast_head_json":{"title":"Kraljevica - Turisti\u010dka zajednica op\u0107ine Vi\u0161kovo","robots":{"index":"index","follow":"follow","max-snippet":"max-snippet:-1","max-image-preview":"max-image-preview:large","max-video-preview":"max-video-preview:-1"},"canonical":"https:\/\/visitviskovo.hr\/it\/cosa-fare\/i-dintorni-di-viskovo\/kraljevica\/","og_locale":"it_IT","og_type":"article","og_title":"Kraljevica - Turisti\u010dka zajednica op\u0107ine Vi\u0161kovo","og_description":"Kraljevica (Porto Re) \u00e8 un&#8217;antica cittadina costiera, situata all&#8217;entrata della Baia di Buccari (Bakar), a una ventina di chilometri a sud di Fiume. Grazie alla sua costa frastagliata e alla sua vegetazione lussureggiante, la citt\u00e0 vanta spiagge stupende e una bella passeggiata. I due castelli medievali e una chiesa, lasciati in eredit\u00e0 dalle nobili famiglie [&hellip;]","og_url":"https:\/\/visitviskovo.hr\/it\/cosa-fare\/i-dintorni-di-viskovo\/kraljevica\/","og_site_name":"Turisti\u010dka zajednica op\u0107ine Vi\u0161kovo","article_publisher":"https:\/\/web.facebook.com\/VisitViskovo","article_modified_time":"2020-05-12T11:53:39+00:00","og_image":[{"width":1280,"height":720,"url":"https:\/\/visitviskovo.hr\/wp-content\/uploads\/2020\/05\/kraljevica-Large-1280x720.png","type":"image\/png"}],"twitter_card":"summary_large_image","twitter_misc":{"Tempo di lettura stimato":"1 minuto"},"schema":{"@context":"https:\/\/schema.org","@graph":[{"@type":"WebPage","@id":"https:\/\/visitviskovo.hr\/it\/cosa-fare\/i-dintorni-di-viskovo\/kraljevica\/","url":"https:\/\/visitviskovo.hr\/it\/cosa-fare\/i-dintorni-di-viskovo\/kraljevica\/","name":"Kraljevica - Turisti\u010dka zajednica op\u0107ine Vi\u0161kovo","isPartOf":{"@id":"https:\/\/visitviskovo.hr\/it\/#website"},"primaryImageOfPage":{"@id":"https:\/\/visitviskovo.hr\/it\/cosa-fare\/i-dintorni-di-viskovo\/kraljevica\/#primaryimage"},"image":{"@id":"https:\/\/visitviskovo.hr\/it\/cosa-fare\/i-dintorni-di-viskovo\/kraljevica\/#primaryimage"},"thumbnailUrl":"https:\/\/visitviskovo.hr\/wp-content\/uploads\/2020\/05\/kraljevica-Large.png","datePublished":"2019-08-19T19:20:03+00:00","dateModified":"2020-05-12T11:53:39+00:00","breadcrumb":{"@id":"https:\/\/visitviskovo.hr\/it\/cosa-fare\/i-dintorni-di-viskovo\/kraljevica\/#breadcrumb"},"inLanguage":"it-IT","potentialAction":[{"@type":"ReadAction","target":["https:\/\/visitviskovo.hr\/it\/cosa-fare\/i-dintorni-di-viskovo\/kraljevica\/"]}]},{"@type":"ImageObject","inLanguage":"it-IT","@id":"https:\/\/visitviskovo.hr\/it\/cosa-fare\/i-dintorni-di-viskovo\/kraljevica\/#primaryimage","url":"https:\/\/visitviskovo.hr\/wp-content\/uploads\/2020\/05\/kraljevica-Large.png","contentUrl":"https:\/\/visitviskovo.hr\/wp-content\/uploads\/2020\/05\/kraljevica-Large.png","width":1920,"height":1080},{"@type":"BreadcrumbList","@id":"https:\/\/visitviskovo.hr\/it\/cosa-fare\/i-dintorni-di-viskovo\/kraljevica\/#breadcrumb","itemListElement":[{"@type":"ListItem","position":1,"name":"Home","item":"https:\/\/visitviskovo.hr\/it\/"},{"@type":"ListItem","position":2,"name":"Cosa fare","item":"https:\/\/visitviskovo.hr\/it\/cosa-fare\/"},{"@type":"ListItem","position":3,"name":"I dintorni di Vi\u0161kovo","item":"https:\/\/visitviskovo.hr\/it\/cosa-fare\/i-dintorni-di-viskovo\/"},{"@type":"ListItem","position":4,"name":"Kraljevica"}]},{"@type":"WebSite","@id":"https:\/\/visitviskovo.hr\/it\/#website","url":"https:\/\/visitviskovo.hr\/it\/","name":"Turisti\u010dka zajednica op\u0107ine Vi\u0161kovo","description":"","potentialAction":[{"@type":"SearchAction","target":{"@type":"EntryPoint","urlTemplate":"https:\/\/visitviskovo.hr\/it\/?s={search_term_string}"},"query-input":"required name=search_term_string"}],"inLanguage":"it-IT"}]}},"_links":{"self":[{"href":"https:\/\/visitviskovo.hr\/it\/wp-json\/wp\/v2\/pages\/3847"}],"collection":[{"href":"https:\/\/visitviskovo.hr\/it\/wp-json\/wp\/v2\/pages"}],"about":[{"href":"https:\/\/visitviskovo.hr\/it\/wp-json\/wp\/v2\/types\/page"}],"author":[{"embeddable":true,"href":"https:\/\/visitviskovo.hr\/it\/wp-json\/wp\/v2\/users\/1"}],"replies":[{"embeddable":true,"href":"https:\/\/visitviskovo.hr\/it\/wp-json\/wp\/v2\/comments?post=3847"}],"version-history":[{"count":2,"href":"https:\/\/visitviskovo.hr\/it\/wp-json\/wp\/v2\/pages\/3847\/revisions"}],"predecessor-version":[{"id":13535,"href":"https:\/\/visitviskovo.hr\/it\/wp-json\/wp\/v2\/pages\/3847\/revisions\/13535"}],"up":[{"embeddable":true,"href":"https:\/\/visitviskovo.hr\/it\/wp-json\/wp\/v2\/pages\/3785"}],"wp:featuredmedia":[{"embeddable":true,"href":"https:\/\/visitviskovo.hr\/it\/wp-json\/wp\/v2\/media\/13531"}],"wp:attachment":[{"href":"https:\/\/visitviskovo.hr\/it\/wp-json\/wp\/v2\/media?parent=3847"}],"curies":[{"name":"wp","href":"https:\/\/api.w.org\/{rel}","templated":true}]}}