{"id":3879,"date":"2019-08-19T19:24:24","date_gmt":"2019-08-19T19:24:24","guid":{"rendered":"https:\/\/visitviskovo.hr\/?page_id=3879"},"modified":"2020-05-12T12:00:05","modified_gmt":"2020-05-12T12:00:05","slug":"kostrena","status":"publish","type":"page","link":"https:\/\/visitviskovo.hr\/it\/cosa-fare\/i-dintorni-di-viskovo\/kostrena\/","title":{"rendered":"Kostrena"},"content":{"rendered":"\n<p>Kostrena, che dista nove chilometri da Fiume, \u00e8 una destinazione che ogni citt\u00e0, con la pretesa di essere una citt\u00e0 mediterranea, dovrebbe vantare. Ma \u00e8 soltanto Fiume ad averla. Con i suoi 10 chilometri di lunghezza, la penisola di Kostrena vanta spiagge bellissime, un vero magnete per attirare i bagnanti.<\/p>\n\n\n\n<p>Il clima mite a volte perturbato dalle forti raffiche di bora, le piante mediterranee e le famose groma\u010de (muri a secco) sono i tratti caratteristici di quest&#8217;area carsica.<\/p>\n\n\n\n<p>Kostrena ha sempre vissuto al ritmo del mare il quale ha segnato la vita dei suoi abitanti, perlopi\u00f9 marinai, che navigavano e navigano ancora oggi in molti mari del mondo.<\/p>\n\n\n\n<p>Da queste terre provengono numerosi capitani ricordati nella storia, tra cui il capitano Pavle Randi\u0107, che fu il primo ad attraversare il canale di Suez in occasione della sua apertura, Erazmo Bernard Ti\u0107ac, il progettista capo che partecip\u00f2 alla costruzione della prima nave commerciale a propulsione atomica &#8220;Savanah&#8221;, e Kuzma Franoli\u0107, che partecip\u00f2 con coraggio all&#8217;opera di salvataggio dei naufraghi del &#8220;Titanic&#8221; e contribu\u00ec alla gloria dei nostri marinai. Inoltre, da Costrena provengono apprezzati costruttori navali e armatori.<\/p>\n\n\n\n<p>Ma lasciamola da parte la storia&#8230; il presente di Kostrena \u00e8 all&#8217;insegna del turismo, dei bagnanti e degli amanti delle passeggiate, che vi trovano spiagge stupende nonch\u00e9 uno dei pi\u00f9 bei lungomari, mentre i subacquei vengono attratti dal fondale marino variegato.<\/p>\n\n\n\n<table class=\"wp-block-table\"><tbody><tr><td><strong>Indirizzo:<\/strong>&nbsp;Ufficio Turistico &nbsp;Kostrena, Kostrenskih boraca 1A, 51000 Kostrena<strong>&nbsp;<\/strong><br><strong>Tel:<\/strong>&nbsp;+385 51 289 207<strong>&nbsp;<\/strong><br><strong>Web:<\/strong>&nbsp;<a rel=\"noreferrer noopener\" href=\"http:\/\/www.tzo-kostrena.hr\/\" target=\"_blank\">www.tzo-kostrena.hr<\/a>&nbsp;&nbsp;&nbsp;<br><strong>E-mail:<\/strong>&nbsp;<a href=\"mailto:info@tzo-kostrena.hr\">info@tzo-kostrena.hr<\/a><\/td><\/tr><\/tbody><\/table>\n","protected":false},"excerpt":{"rendered":"<p>Kostrena, che dista nove chilometri da Fiume, \u00e8 una destinazione che ogni citt\u00e0, con la pretesa di essere una citt\u00e0 mediterranea, dovrebbe vantare. Ma \u00e8 soltanto Fiume ad averla. Con i suoi 10 chilometri di lunghezza, la penisola di Kostrena vanta spiagge bellissime, un vero magnete per attirare i bagnanti. Il clima mite a volte [&hellip;]<\/p>\n","protected":false},"author":1,"featured_media":3885,"parent":3785,"menu_order":0,"comment_status":"closed","ping_status":"closed","template":"","meta":{"_acf_changed":false,"footnotes":""},"acf":[],"yoast_head":"<!-- This site is optimized with the Yoast SEO plugin v22.7 - https:\/\/yoast.com\/wordpress\/plugins\/seo\/ -->\n<title>Kostrena - Turisti\u010dka zajednica op\u0107ine Vi\u0161kovo<\/title>\n<meta name=\"robots\" content=\"index, follow, max-snippet:-1, max-image-preview:large, max-video-preview:-1\" \/>\n<link rel=\"canonical\" href=\"https:\/\/visitviskovo.hr\/it\/cosa-fare\/i-dintorni-di-viskovo\/kostrena\/\" \/>\n<meta property=\"og:locale\" content=\"it_IT\" \/>\n<meta property=\"og:type\" content=\"article\" \/>\n<meta property=\"og:title\" content=\"Kostrena - Turisti\u010dka zajednica op\u0107ine Vi\u0161kovo\" \/>\n<meta property=\"og:description\" content=\"Kostrena, che dista nove chilometri da Fiume, \u00e8 una destinazione che ogni citt\u00e0, con la pretesa di essere una citt\u00e0 mediterranea, dovrebbe vantare. Ma \u00e8 soltanto Fiume ad averla. Con i suoi 10 chilometri di lunghezza, la penisola di Kostrena vanta spiagge bellissime, un vero magnete per attirare i bagnanti. Il clima mite a volte [&hellip;]\" \/>\n<meta property=\"og:url\" content=\"https:\/\/visitviskovo.hr\/it\/cosa-fare\/i-dintorni-di-viskovo\/kostrena\/\" \/>\n<meta property=\"og:site_name\" content=\"Turisti\u010dka zajednica op\u0107ine Vi\u0161kovo\" \/>\n<meta property=\"article:publisher\" content=\"https:\/\/web.facebook.com\/VisitViskovo\" \/>\n<meta property=\"article:modified_time\" content=\"2020-05-12T12:00:05+00:00\" \/>\n<meta property=\"og:image\" content=\"https:\/\/visitviskovo.hr\/wp-content\/uploads\/2019\/07\/566ac5b4a7baf.jpg\" \/>\n\t<meta property=\"og:image:width\" content=\"800\" \/>\n\t<meta property=\"og:image:height\" content=\"600\" \/>\n\t<meta property=\"og:image:type\" content=\"image\/jpeg\" \/>\n<meta name=\"twitter:card\" content=\"summary_large_image\" \/>\n<meta name=\"twitter:label1\" content=\"Tempo di lettura stimato\" \/>\n\t<meta name=\"twitter:data1\" content=\"1 minuto\" \/>\n<script type=\"application\/ld+json\" class=\"yoast-schema-graph\">{\"@context\":\"https:\/\/schema.org\",\"@graph\":[{\"@type\":\"WebPage\",\"@id\":\"https:\/\/visitviskovo.hr\/it\/cosa-fare\/i-dintorni-di-viskovo\/kostrena\/\",\"url\":\"https:\/\/visitviskovo.hr\/it\/cosa-fare\/i-dintorni-di-viskovo\/kostrena\/\",\"name\":\"Kostrena - Turisti\u010dka zajednica op\u0107ine Vi\u0161kovo\",\"isPartOf\":{\"@id\":\"https:\/\/visitviskovo.hr\/it\/#website\"},\"primaryImageOfPage\":{\"@id\":\"https:\/\/visitviskovo.hr\/it\/cosa-fare\/i-dintorni-di-viskovo\/kostrena\/#primaryimage\"},\"image\":{\"@id\":\"https:\/\/visitviskovo.hr\/it\/cosa-fare\/i-dintorni-di-viskovo\/kostrena\/#primaryimage\"},\"thumbnailUrl\":\"https:\/\/visitviskovo.hr\/wp-content\/uploads\/2019\/07\/566ac5b4a7baf.jpg\",\"datePublished\":\"2019-08-19T19:24:24+00:00\",\"dateModified\":\"2020-05-12T12:00:05+00:00\",\"breadcrumb\":{\"@id\":\"https:\/\/visitviskovo.hr\/it\/cosa-fare\/i-dintorni-di-viskovo\/kostrena\/#breadcrumb\"},\"inLanguage\":\"it-IT\",\"potentialAction\":[{\"@type\":\"ReadAction\",\"target\":[\"https:\/\/visitviskovo.hr\/it\/cosa-fare\/i-dintorni-di-viskovo\/kostrena\/\"]}]},{\"@type\":\"ImageObject\",\"inLanguage\":\"it-IT\",\"@id\":\"https:\/\/visitviskovo.hr\/it\/cosa-fare\/i-dintorni-di-viskovo\/kostrena\/#primaryimage\",\"url\":\"https:\/\/visitviskovo.hr\/wp-content\/uploads\/2019\/07\/566ac5b4a7baf.jpg\",\"contentUrl\":\"https:\/\/visitviskovo.hr\/wp-content\/uploads\/2019\/07\/566ac5b4a7baf.jpg\",\"width\":800,\"height\":600},{\"@type\":\"BreadcrumbList\",\"@id\":\"https:\/\/visitviskovo.hr\/it\/cosa-fare\/i-dintorni-di-viskovo\/kostrena\/#breadcrumb\",\"itemListElement\":[{\"@type\":\"ListItem\",\"position\":1,\"name\":\"Home\",\"item\":\"https:\/\/visitviskovo.hr\/it\/\"},{\"@type\":\"ListItem\",\"position\":2,\"name\":\"Cosa fare\",\"item\":\"https:\/\/visitviskovo.hr\/it\/cosa-fare\/\"},{\"@type\":\"ListItem\",\"position\":3,\"name\":\"I dintorni di Vi\u0161kovo\",\"item\":\"https:\/\/visitviskovo.hr\/it\/cosa-fare\/i-dintorni-di-viskovo\/\"},{\"@type\":\"ListItem\",\"position\":4,\"name\":\"Kostrena\"}]},{\"@type\":\"WebSite\",\"@id\":\"https:\/\/visitviskovo.hr\/it\/#website\",\"url\":\"https:\/\/visitviskovo.hr\/it\/\",\"name\":\"Turisti\u010dka zajednica op\u0107ine Vi\u0161kovo\",\"description\":\"\",\"potentialAction\":[{\"@type\":\"SearchAction\",\"target\":{\"@type\":\"EntryPoint\",\"urlTemplate\":\"https:\/\/visitviskovo.hr\/it\/?s={search_term_string}\"},\"query-input\":\"required name=search_term_string\"}],\"inLanguage\":\"it-IT\"}]}<\/script>\n<!-- \/ Yoast SEO plugin. -->","yoast_head_json":{"title":"Kostrena - Turisti\u010dka zajednica op\u0107ine Vi\u0161kovo","robots":{"index":"index","follow":"follow","max-snippet":"max-snippet:-1","max-image-preview":"max-image-preview:large","max-video-preview":"max-video-preview:-1"},"canonical":"https:\/\/visitviskovo.hr\/it\/cosa-fare\/i-dintorni-di-viskovo\/kostrena\/","og_locale":"it_IT","og_type":"article","og_title":"Kostrena - Turisti\u010dka zajednica op\u0107ine Vi\u0161kovo","og_description":"Kostrena, che dista nove chilometri da Fiume, \u00e8 una destinazione che ogni citt\u00e0, con la pretesa di essere una citt\u00e0 mediterranea, dovrebbe vantare. Ma \u00e8 soltanto Fiume ad averla. Con i suoi 10 chilometri di lunghezza, la penisola di Kostrena vanta spiagge bellissime, un vero magnete per attirare i bagnanti. Il clima mite a volte [&hellip;]","og_url":"https:\/\/visitviskovo.hr\/it\/cosa-fare\/i-dintorni-di-viskovo\/kostrena\/","og_site_name":"Turisti\u010dka zajednica op\u0107ine Vi\u0161kovo","article_publisher":"https:\/\/web.facebook.com\/VisitViskovo","article_modified_time":"2020-05-12T12:00:05+00:00","og_image":[{"width":800,"height":600,"url":"https:\/\/visitviskovo.hr\/wp-content\/uploads\/2019\/07\/566ac5b4a7baf.jpg","type":"image\/jpeg"}],"twitter_card":"summary_large_image","twitter_misc":{"Tempo di lettura stimato":"1 minuto"},"schema":{"@context":"https:\/\/schema.org","@graph":[{"@type":"WebPage","@id":"https:\/\/visitviskovo.hr\/it\/cosa-fare\/i-dintorni-di-viskovo\/kostrena\/","url":"https:\/\/visitviskovo.hr\/it\/cosa-fare\/i-dintorni-di-viskovo\/kostrena\/","name":"Kostrena - Turisti\u010dka zajednica op\u0107ine Vi\u0161kovo","isPartOf":{"@id":"https:\/\/visitviskovo.hr\/it\/#website"},"primaryImageOfPage":{"@id":"https:\/\/visitviskovo.hr\/it\/cosa-fare\/i-dintorni-di-viskovo\/kostrena\/#primaryimage"},"image":{"@id":"https:\/\/visitviskovo.hr\/it\/cosa-fare\/i-dintorni-di-viskovo\/kostrena\/#primaryimage"},"thumbnailUrl":"https:\/\/visitviskovo.hr\/wp-content\/uploads\/2019\/07\/566ac5b4a7baf.jpg","datePublished":"2019-08-19T19:24:24+00:00","dateModified":"2020-05-12T12:00:05+00:00","breadcrumb":{"@id":"https:\/\/visitviskovo.hr\/it\/cosa-fare\/i-dintorni-di-viskovo\/kostrena\/#breadcrumb"},"inLanguage":"it-IT","potentialAction":[{"@type":"ReadAction","target":["https:\/\/visitviskovo.hr\/it\/cosa-fare\/i-dintorni-di-viskovo\/kostrena\/"]}]},{"@type":"ImageObject","inLanguage":"it-IT","@id":"https:\/\/visitviskovo.hr\/it\/cosa-fare\/i-dintorni-di-viskovo\/kostrena\/#primaryimage","url":"https:\/\/visitviskovo.hr\/wp-content\/uploads\/2019\/07\/566ac5b4a7baf.jpg","contentUrl":"https:\/\/visitviskovo.hr\/wp-content\/uploads\/2019\/07\/566ac5b4a7baf.jpg","width":800,"height":600},{"@type":"BreadcrumbList","@id":"https:\/\/visitviskovo.hr\/it\/cosa-fare\/i-dintorni-di-viskovo\/kostrena\/#breadcrumb","itemListElement":[{"@type":"ListItem","position":1,"name":"Home","item":"https:\/\/visitviskovo.hr\/it\/"},{"@type":"ListItem","position":2,"name":"Cosa fare","item":"https:\/\/visitviskovo.hr\/it\/cosa-fare\/"},{"@type":"ListItem","position":3,"name":"I dintorni di Vi\u0161kovo","item":"https:\/\/visitviskovo.hr\/it\/cosa-fare\/i-dintorni-di-viskovo\/"},{"@type":"ListItem","position":4,"name":"Kostrena"}]},{"@type":"WebSite","@id":"https:\/\/visitviskovo.hr\/it\/#website","url":"https:\/\/visitviskovo.hr\/it\/","name":"Turisti\u010dka zajednica op\u0107ine Vi\u0161kovo","description":"","potentialAction":[{"@type":"SearchAction","target":{"@type":"EntryPoint","urlTemplate":"https:\/\/visitviskovo.hr\/it\/?s={search_term_string}"},"query-input":"required name=search_term_string"}],"inLanguage":"it-IT"}]}},"_links":{"self":[{"href":"https:\/\/visitviskovo.hr\/it\/wp-json\/wp\/v2\/pages\/3879"}],"collection":[{"href":"https:\/\/visitviskovo.hr\/it\/wp-json\/wp\/v2\/pages"}],"about":[{"href":"https:\/\/visitviskovo.hr\/it\/wp-json\/wp\/v2\/types\/page"}],"author":[{"embeddable":true,"href":"https:\/\/visitviskovo.hr\/it\/wp-json\/wp\/v2\/users\/1"}],"replies":[{"embeddable":true,"href":"https:\/\/visitviskovo.hr\/it\/wp-json\/wp\/v2\/comments?post=3879"}],"version-history":[{"count":2,"href":"https:\/\/visitviskovo.hr\/it\/wp-json\/wp\/v2\/pages\/3879\/revisions"}],"predecessor-version":[{"id":13541,"href":"https:\/\/visitviskovo.hr\/it\/wp-json\/wp\/v2\/pages\/3879\/revisions\/13541"}],"up":[{"embeddable":true,"href":"https:\/\/visitviskovo.hr\/it\/wp-json\/wp\/v2\/pages\/3785"}],"wp:featuredmedia":[{"embeddable":true,"href":"https:\/\/visitviskovo.hr\/it\/wp-json\/wp\/v2\/media\/3885"}],"wp:attachment":[{"href":"https:\/\/visitviskovo.hr\/it\/wp-json\/wp\/v2\/media?parent=3879"}],"curies":[{"name":"wp","href":"https:\/\/api.w.org\/{rel}","templated":true}]}}