{"id":3940,"date":"2019-08-19T19:59:52","date_gmt":"2019-08-19T19:59:52","guid":{"rendered":"https:\/\/visitviskovo.hr\/?page_id=3940"},"modified":"2024-04-18T11:22:17","modified_gmt":"2024-04-18T11:22:17","slug":"info","status":"publish","type":"page","link":"https:\/\/visitviskovo.hr\/it\/info\/","title":{"rendered":"Info"},"content":{"rendered":"\n<p>Vi\u0161kovo \u00e8 facilmente raggiungibile in auto seguendo le indicazioni: Se arrivate dalla vicina Slovenia, il valico di frontiera Rupa, prima dell\u2019ingresso occidentale di Rijeka , le indicazionii stradali \u00a0vi dirigono in Kastav e poi in Vi\u0161kovo.  Se arrivate via Rijeka (Fiume) scegliete l\u2019uscita-ovest (Kastav) Vi\u0161kovo.  Se arrivate da Opatija, seguite le indicazion ida Matulji per \u00a0Kastav \u00a0e poi Vi\u0161kovo.<br><br>Se venite in Croazia con l\u2019autobus o in treno, come destinazione scegliete Rijeka,da \u00a0dove Vi\u0161kovo e\u2019 facilmente raggiungibile con autobus o taxi. Se invece \u00a0arrivate in Croazia in aereo, su disposizione sono l\u2019aeroporto di Rijeka (isola di Krk), Zagabria e Pola. Tutti gli aeroporti di sopra hanno buoni collegamenti con \u00a0Rijeka e Vi\u0161kovo.<\/p>\n\n\n\n<p>Vi\u0161kovo e\u2019 facilmente raggiungibile con autobus interurbani di trasporto pubblico, linee 11, 20, 21 e 18A.<br><br>Orario di linee di autobus nella zona di Vi\u0161kovo: <a href=\"http:\/\/autotrolej.hr\/en\/routes\/suburban-routes\/\">autotrolej.hr\/en\/routes\/suburban-routes\/<\/a><\/p>\n","protected":false},"excerpt":{"rendered":"<p>Vi\u0161kovo \u00e8 facilmente raggiungibile in auto seguendo le indicazioni: Se arrivate dalla vicina Slovenia, il valico di frontiera Rupa, prima dell\u2019ingresso occidentale di Rijeka , le indicazionii stradali \u00a0vi dirigono in Kastav e poi in Vi\u0161kovo. Se arrivate via Rijeka (Fiume) scegliete l\u2019uscita-ovest (Kastav) Vi\u0161kovo. Se arrivate da Opatija, seguite le indicazion ida Matulji per [&hellip;]<\/p>\n","protected":false},"author":1,"featured_media":0,"parent":0,"menu_order":0,"comment_status":"closed","ping_status":"closed","template":"child-pages.php","meta":{"_acf_changed":false,"footnotes":""},"acf":[],"yoast_head":"<!-- This site is optimized with the Yoast SEO plugin v22.7 - https:\/\/yoast.com\/wordpress\/plugins\/seo\/ -->\n<title>Info - Turisti\u010dka zajednica op\u0107ine Vi\u0161kovo<\/title>\n<meta name=\"robots\" content=\"index, follow, max-snippet:-1, max-image-preview:large, max-video-preview:-1\" \/>\n<link rel=\"canonical\" href=\"https:\/\/visitviskovo.hr\/it\/info\/\" \/>\n<meta property=\"og:locale\" content=\"it_IT\" \/>\n<meta property=\"og:type\" content=\"article\" \/>\n<meta property=\"og:title\" content=\"Info - Turisti\u010dka zajednica op\u0107ine Vi\u0161kovo\" \/>\n<meta property=\"og:description\" content=\"Vi\u0161kovo \u00e8 facilmente raggiungibile in auto seguendo le indicazioni: Se arrivate dalla vicina Slovenia, il valico di frontiera Rupa, prima dell\u2019ingresso occidentale di Rijeka , le indicazionii stradali \u00a0vi dirigono in Kastav e poi in Vi\u0161kovo. Se arrivate via Rijeka (Fiume) scegliete l\u2019uscita-ovest (Kastav) Vi\u0161kovo. Se arrivate da Opatija, seguite le indicazion ida Matulji per [&hellip;]\" \/>\n<meta property=\"og:url\" content=\"https:\/\/visitviskovo.hr\/it\/info\/\" \/>\n<meta property=\"og:site_name\" content=\"Turisti\u010dka zajednica op\u0107ine Vi\u0161kovo\" \/>\n<meta property=\"article:publisher\" content=\"https:\/\/web.facebook.com\/VisitViskovo\" \/>\n<meta property=\"article:modified_time\" content=\"2024-04-18T11:22:17+00:00\" \/>\n<meta name=\"twitter:card\" content=\"summary_large_image\" \/>\n<meta name=\"twitter:label1\" content=\"Tempo di lettura stimato\" \/>\n\t<meta name=\"twitter:data1\" content=\"1 minuto\" \/>\n<script type=\"application\/ld+json\" class=\"yoast-schema-graph\">{\"@context\":\"https:\/\/schema.org\",\"@graph\":[{\"@type\":\"WebPage\",\"@id\":\"https:\/\/visitviskovo.hr\/it\/info\/\",\"url\":\"https:\/\/visitviskovo.hr\/it\/info\/\",\"name\":\"Info - Turisti\u010dka zajednica op\u0107ine Vi\u0161kovo\",\"isPartOf\":{\"@id\":\"https:\/\/visitviskovo.hr\/it\/#website\"},\"datePublished\":\"2019-08-19T19:59:52+00:00\",\"dateModified\":\"2024-04-18T11:22:17+00:00\",\"breadcrumb\":{\"@id\":\"https:\/\/visitviskovo.hr\/it\/info\/#breadcrumb\"},\"inLanguage\":\"it-IT\",\"potentialAction\":[{\"@type\":\"ReadAction\",\"target\":[\"https:\/\/visitviskovo.hr\/it\/info\/\"]}]},{\"@type\":\"BreadcrumbList\",\"@id\":\"https:\/\/visitviskovo.hr\/it\/info\/#breadcrumb\",\"itemListElement\":[{\"@type\":\"ListItem\",\"position\":1,\"name\":\"Home\",\"item\":\"https:\/\/visitviskovo.hr\/it\/\"},{\"@type\":\"ListItem\",\"position\":2,\"name\":\"Info\"}]},{\"@type\":\"WebSite\",\"@id\":\"https:\/\/visitviskovo.hr\/it\/#website\",\"url\":\"https:\/\/visitviskovo.hr\/it\/\",\"name\":\"Turisti\u010dka zajednica op\u0107ine Vi\u0161kovo\",\"description\":\"\",\"potentialAction\":[{\"@type\":\"SearchAction\",\"target\":{\"@type\":\"EntryPoint\",\"urlTemplate\":\"https:\/\/visitviskovo.hr\/it\/?s={search_term_string}\"},\"query-input\":\"required name=search_term_string\"}],\"inLanguage\":\"it-IT\"}]}<\/script>\n<!-- \/ Yoast SEO plugin. -->","yoast_head_json":{"title":"Info - Turisti\u010dka zajednica op\u0107ine Vi\u0161kovo","robots":{"index":"index","follow":"follow","max-snippet":"max-snippet:-1","max-image-preview":"max-image-preview:large","max-video-preview":"max-video-preview:-1"},"canonical":"https:\/\/visitviskovo.hr\/it\/info\/","og_locale":"it_IT","og_type":"article","og_title":"Info - Turisti\u010dka zajednica op\u0107ine Vi\u0161kovo","og_description":"Vi\u0161kovo \u00e8 facilmente raggiungibile in auto seguendo le indicazioni: Se arrivate dalla vicina Slovenia, il valico di frontiera Rupa, prima dell\u2019ingresso occidentale di Rijeka , le indicazionii stradali \u00a0vi dirigono in Kastav e poi in Vi\u0161kovo. Se arrivate via Rijeka (Fiume) scegliete l\u2019uscita-ovest (Kastav) Vi\u0161kovo. Se arrivate da Opatija, seguite le indicazion ida Matulji per [&hellip;]","og_url":"https:\/\/visitviskovo.hr\/it\/info\/","og_site_name":"Turisti\u010dka zajednica op\u0107ine Vi\u0161kovo","article_publisher":"https:\/\/web.facebook.com\/VisitViskovo","article_modified_time":"2024-04-18T11:22:17+00:00","twitter_card":"summary_large_image","twitter_misc":{"Tempo di lettura stimato":"1 minuto"},"schema":{"@context":"https:\/\/schema.org","@graph":[{"@type":"WebPage","@id":"https:\/\/visitviskovo.hr\/it\/info\/","url":"https:\/\/visitviskovo.hr\/it\/info\/","name":"Info - Turisti\u010dka zajednica op\u0107ine Vi\u0161kovo","isPartOf":{"@id":"https:\/\/visitviskovo.hr\/it\/#website"},"datePublished":"2019-08-19T19:59:52+00:00","dateModified":"2024-04-18T11:22:17+00:00","breadcrumb":{"@id":"https:\/\/visitviskovo.hr\/it\/info\/#breadcrumb"},"inLanguage":"it-IT","potentialAction":[{"@type":"ReadAction","target":["https:\/\/visitviskovo.hr\/it\/info\/"]}]},{"@type":"BreadcrumbList","@id":"https:\/\/visitviskovo.hr\/it\/info\/#breadcrumb","itemListElement":[{"@type":"ListItem","position":1,"name":"Home","item":"https:\/\/visitviskovo.hr\/it\/"},{"@type":"ListItem","position":2,"name":"Info"}]},{"@type":"WebSite","@id":"https:\/\/visitviskovo.hr\/it\/#website","url":"https:\/\/visitviskovo.hr\/it\/","name":"Turisti\u010dka zajednica op\u0107ine Vi\u0161kovo","description":"","potentialAction":[{"@type":"SearchAction","target":{"@type":"EntryPoint","urlTemplate":"https:\/\/visitviskovo.hr\/it\/?s={search_term_string}"},"query-input":"required name=search_term_string"}],"inLanguage":"it-IT"}]}},"_links":{"self":[{"href":"https:\/\/visitviskovo.hr\/it\/wp-json\/wp\/v2\/pages\/3940"}],"collection":[{"href":"https:\/\/visitviskovo.hr\/it\/wp-json\/wp\/v2\/pages"}],"about":[{"href":"https:\/\/visitviskovo.hr\/it\/wp-json\/wp\/v2\/types\/page"}],"author":[{"embeddable":true,"href":"https:\/\/visitviskovo.hr\/it\/wp-json\/wp\/v2\/users\/1"}],"replies":[{"embeddable":true,"href":"https:\/\/visitviskovo.hr\/it\/wp-json\/wp\/v2\/comments?post=3940"}],"version-history":[{"count":2,"href":"https:\/\/visitviskovo.hr\/it\/wp-json\/wp\/v2\/pages\/3940\/revisions"}],"predecessor-version":[{"id":21058,"href":"https:\/\/visitviskovo.hr\/it\/wp-json\/wp\/v2\/pages\/3940\/revisions\/21058"}],"wp:attachment":[{"href":"https:\/\/visitviskovo.hr\/it\/wp-json\/wp\/v2\/media?parent=3940"}],"curies":[{"name":"wp","href":"https:\/\/api.w.org\/{rel}","templated":true}]}}