{"id":3956,"date":"2019-08-19T20:05:09","date_gmt":"2019-08-19T20:05:09","guid":{"rendered":"https:\/\/visitviskovo.hr\/?page_id=3956"},"modified":"2024-04-18T11:41:42","modified_gmt":"2024-04-18T11:41:42","slug":"informazioni-generali","status":"publish","type":"page","link":"https:\/\/visitviskovo.hr\/it\/info\/tips-info\/informazioni-generali\/","title":{"rendered":"Informazioni generali"},"content":{"rendered":"\n<p>La Croazia \u00e8 membro dell\u2019Unione europea, e dal 1\u00b0 gennaio 2023 fa anche parte del c.d. \u201cSpazio Schengen\u201d.<\/p>\n\n\n\n<p>I viaggiatori provenienti da altri Paesi appartenenti anch\u2019essi allo Spazio Schengen non devono esibire la loro carta d\u2019identit\u00e0 o il passaporto quando viaggiano verso o dalla Croazia se provengono da Paesi appartenenti allo Spazio Schengen. Vi consigliamo comunque di portare con voi il passaporto o la carta d\u2019identit\u00e0, nel caso in cui dobbiate dimostrare la vostra identit\u00e0.<\/p>\n\n\n\n<p>L\u2019ingresso in Croazia da Paesi che non appartengono allo Spazio Schengen \u00e8 possibile dietro presentazione di una carta d\u2019identit\u00e0, di un passaporto o visto valido. \u00c8 inoltre importante sottolineare che il passaporto \u00e8 necessario per richiedere un modulo di rimborso dell\u2019IVA per gli acquisti effettuati in Croazia se risiedete in un Paese non membro dell\u2019Unione europea.<\/p>\n\n\n\n<p>Prima di recarvi in Croazia, potete verificare tutti i dettagli sul sito ufficiale del Ministero degli Affari Esteri ed Europei della Repubblica di Croazia. Si consiglia inoltre di contattare l\u2019ambasciata o il consolato croato per verificare i requisiti prima del viaggio.<\/p>\n\n\n\n<p>La mobilit\u00e0 all\u2019interno dell\u2019UE ha fatto s\u00ec che in tanti considerino i propri documenti d\u2019identit\u00e0 personale (passaporto incluso) non pi\u00f9 cos\u00ec importanti come in passato. Nonostante il nostro Paese sia caratterizzato dall\u2019assenza dei confini e dalla libera circolazione dei cittadini, \u00e8 sempre bene custodire con cura i propri documenti d\u2019identit\u00e0 perch\u00e9 il loro furto o smarrimento pu\u00f2 causare problemi indesiderati o portare a frodi di identit\u00e0.<\/p>\n\n\n\n<p>Se dovesse capitarvi di smarrire il passaporto o la carta d\u2019identit\u00e0 con cui siete entrati in Croazia, la prima cosa da fare \u00e8 rivolgersi alla stazione di polizia pi\u00f9 vicina, poi alla missione diplomatica o al consolato del proprio Paese dove \u00e8 possibile ottenere un documento d\u2019identit\u00e0 provvisorio indispensabile per lasciare la Croazia.<\/p>\n\n\n\n<p>Volete sapere qualcosa di pi\u00f9 sul regime dei visti per l\u2019ingresso in Croazia? Consultate il sito istituzionale del Ministero degli Affari Esteri ed Europei della Repubblica di Croazia, oppure contattate direttamente le rappresentanze diplomatiche e consolari croate nel mondo, il cui elenco \u00e8 consultabile qui: (MVEP \u2022\u00a0<a href=\"https:\/\/mvep.gov.hr\/embassies-and-consulates\/embassies-of-the-republic-of-croatia-in-the-world\/244601\" target=\"_blank\" rel=\"noreferrer noopener\">Ambasciate della Repubblica di Croazia nel mondo<\/a>). La regola generale stabilisce che i cittadini di un paese europeo, facente o meno parte dell\u2019UE, per entrare in Croazia non hanno bisogno di alcun visto. Le uniche eccezioni riguardano la Federazione Russa, la Bielorussia e la Repubblica di Turchia. I cittadini della maggior parte dei paesi extraeuropei \u00e8 molto probabile che siano assoggettati al regime dei visti, il che dipende dagli accordi bilaterali intercorrenti tra la Repubblica di Croazia e la loro patria. Per maggiori informazioni sul regime dei visti vigente in Croazia, clicca qui: (MVEP \u2022\u00a0<a href=\"https:\/\/mvep.gov.hr\/services-for-citizens\/consular-information-22802\/visas-22807\/visa-requirements-overview-22879\/22879\" target=\"_blank\" rel=\"noreferrer noopener\">Informazioni sul sistema dei visti<\/a>).<\/p>\n","protected":false},"excerpt":{"rendered":"<p>La Croazia \u00e8 membro dell\u2019Unione europea, e dal 1\u00b0 gennaio 2023 fa anche parte del c.d. \u201cSpazio Schengen\u201d. I viaggiatori provenienti da altri Paesi appartenenti anch\u2019essi allo Spazio Schengen non devono esibire la loro carta d\u2019identit\u00e0 o il passaporto quando viaggiano verso o dalla Croazia se provengono da Paesi appartenenti allo Spazio Schengen. Vi consigliamo [&hellip;]<\/p>\n","protected":false},"author":1,"featured_media":3958,"parent":3950,"menu_order":0,"comment_status":"closed","ping_status":"closed","template":"","meta":{"_acf_changed":false,"footnotes":""},"acf":[],"yoast_head":"<!-- This site is optimized with the Yoast SEO plugin v22.7 - https:\/\/yoast.com\/wordpress\/plugins\/seo\/ -->\n<title>Informazioni generali - Turisti\u010dka zajednica op\u0107ine Vi\u0161kovo<\/title>\n<meta name=\"robots\" content=\"index, follow, max-snippet:-1, max-image-preview:large, max-video-preview:-1\" \/>\n<link rel=\"canonical\" href=\"https:\/\/visitviskovo.hr\/it\/info\/tips-info\/informazioni-generali\/\" \/>\n<meta property=\"og:locale\" content=\"it_IT\" \/>\n<meta property=\"og:type\" content=\"article\" \/>\n<meta property=\"og:title\" content=\"Informazioni generali - Turisti\u010dka zajednica op\u0107ine Vi\u0161kovo\" \/>\n<meta property=\"og:description\" content=\"La Croazia \u00e8 membro dell\u2019Unione europea, e dal 1\u00b0 gennaio 2023 fa anche parte del c.d. \u201cSpazio Schengen\u201d. I viaggiatori provenienti da altri Paesi appartenenti anch\u2019essi allo Spazio Schengen non devono esibire la loro carta d\u2019identit\u00e0 o il passaporto quando viaggiano verso o dalla Croazia se provengono da Paesi appartenenti allo Spazio Schengen. Vi consigliamo [&hellip;]\" \/>\n<meta property=\"og:url\" content=\"https:\/\/visitviskovo.hr\/it\/info\/tips-info\/informazioni-generali\/\" \/>\n<meta property=\"og:site_name\" content=\"Turisti\u010dka zajednica op\u0107ine Vi\u0161kovo\" \/>\n<meta property=\"article:publisher\" content=\"https:\/\/web.facebook.com\/VisitViskovo\" \/>\n<meta property=\"article:modified_time\" content=\"2024-04-18T11:41:42+00:00\" \/>\n<meta property=\"og:image\" content=\"https:\/\/visitviskovo.hr\/wp-content\/uploads\/2019\/05\/tips.jpg\" \/>\n\t<meta property=\"og:image:width\" content=\"1280\" \/>\n\t<meta property=\"og:image:height\" content=\"648\" \/>\n\t<meta property=\"og:image:type\" content=\"image\/jpeg\" \/>\n<meta name=\"twitter:card\" content=\"summary_large_image\" \/>\n<meta name=\"twitter:label1\" content=\"Tempo di lettura stimato\" \/>\n\t<meta name=\"twitter:data1\" content=\"3 minuti\" \/>\n<script type=\"application\/ld+json\" class=\"yoast-schema-graph\">{\"@context\":\"https:\/\/schema.org\",\"@graph\":[{\"@type\":\"WebPage\",\"@id\":\"https:\/\/visitviskovo.hr\/it\/info\/tips-info\/informazioni-generali\/\",\"url\":\"https:\/\/visitviskovo.hr\/it\/info\/tips-info\/informazioni-generali\/\",\"name\":\"Informazioni generali - Turisti\u010dka zajednica op\u0107ine Vi\u0161kovo\",\"isPartOf\":{\"@id\":\"https:\/\/visitviskovo.hr\/it\/#website\"},\"primaryImageOfPage\":{\"@id\":\"https:\/\/visitviskovo.hr\/it\/info\/tips-info\/informazioni-generali\/#primaryimage\"},\"image\":{\"@id\":\"https:\/\/visitviskovo.hr\/it\/info\/tips-info\/informazioni-generali\/#primaryimage\"},\"thumbnailUrl\":\"https:\/\/visitviskovo.hr\/wp-content\/uploads\/2019\/05\/tips.jpg\",\"datePublished\":\"2019-08-19T20:05:09+00:00\",\"dateModified\":\"2024-04-18T11:41:42+00:00\",\"breadcrumb\":{\"@id\":\"https:\/\/visitviskovo.hr\/it\/info\/tips-info\/informazioni-generali\/#breadcrumb\"},\"inLanguage\":\"it-IT\",\"potentialAction\":[{\"@type\":\"ReadAction\",\"target\":[\"https:\/\/visitviskovo.hr\/it\/info\/tips-info\/informazioni-generali\/\"]}]},{\"@type\":\"ImageObject\",\"inLanguage\":\"it-IT\",\"@id\":\"https:\/\/visitviskovo.hr\/it\/info\/tips-info\/informazioni-generali\/#primaryimage\",\"url\":\"https:\/\/visitviskovo.hr\/wp-content\/uploads\/2019\/05\/tips.jpg\",\"contentUrl\":\"https:\/\/visitviskovo.hr\/wp-content\/uploads\/2019\/05\/tips.jpg\",\"width\":1280,\"height\":648},{\"@type\":\"BreadcrumbList\",\"@id\":\"https:\/\/visitviskovo.hr\/it\/info\/tips-info\/informazioni-generali\/#breadcrumb\",\"itemListElement\":[{\"@type\":\"ListItem\",\"position\":1,\"name\":\"Home\",\"item\":\"https:\/\/visitviskovo.hr\/it\/\"},{\"@type\":\"ListItem\",\"position\":2,\"name\":\"Info\",\"item\":\"https:\/\/visitviskovo.hr\/it\/info\/\"},{\"@type\":\"ListItem\",\"position\":3,\"name\":\"Tips &#038; info\",\"item\":\"https:\/\/visitviskovo.hr\/it\/info\/tips-info\/\"},{\"@type\":\"ListItem\",\"position\":4,\"name\":\"Informazioni generali\"}]},{\"@type\":\"WebSite\",\"@id\":\"https:\/\/visitviskovo.hr\/it\/#website\",\"url\":\"https:\/\/visitviskovo.hr\/it\/\",\"name\":\"Turisti\u010dka zajednica op\u0107ine Vi\u0161kovo\",\"description\":\"\",\"potentialAction\":[{\"@type\":\"SearchAction\",\"target\":{\"@type\":\"EntryPoint\",\"urlTemplate\":\"https:\/\/visitviskovo.hr\/it\/?s={search_term_string}\"},\"query-input\":\"required name=search_term_string\"}],\"inLanguage\":\"it-IT\"}]}<\/script>\n<!-- \/ Yoast SEO plugin. -->","yoast_head_json":{"title":"Informazioni generali - Turisti\u010dka zajednica op\u0107ine Vi\u0161kovo","robots":{"index":"index","follow":"follow","max-snippet":"max-snippet:-1","max-image-preview":"max-image-preview:large","max-video-preview":"max-video-preview:-1"},"canonical":"https:\/\/visitviskovo.hr\/it\/info\/tips-info\/informazioni-generali\/","og_locale":"it_IT","og_type":"article","og_title":"Informazioni generali - Turisti\u010dka zajednica op\u0107ine Vi\u0161kovo","og_description":"La Croazia \u00e8 membro dell\u2019Unione europea, e dal 1\u00b0 gennaio 2023 fa anche parte del c.d. \u201cSpazio Schengen\u201d. I viaggiatori provenienti da altri Paesi appartenenti anch\u2019essi allo Spazio Schengen non devono esibire la loro carta d\u2019identit\u00e0 o il passaporto quando viaggiano verso o dalla Croazia se provengono da Paesi appartenenti allo Spazio Schengen. Vi consigliamo [&hellip;]","og_url":"https:\/\/visitviskovo.hr\/it\/info\/tips-info\/informazioni-generali\/","og_site_name":"Turisti\u010dka zajednica op\u0107ine Vi\u0161kovo","article_publisher":"https:\/\/web.facebook.com\/VisitViskovo","article_modified_time":"2024-04-18T11:41:42+00:00","og_image":[{"width":1280,"height":648,"url":"https:\/\/visitviskovo.hr\/wp-content\/uploads\/2019\/05\/tips.jpg","type":"image\/jpeg"}],"twitter_card":"summary_large_image","twitter_misc":{"Tempo di lettura stimato":"3 minuti"},"schema":{"@context":"https:\/\/schema.org","@graph":[{"@type":"WebPage","@id":"https:\/\/visitviskovo.hr\/it\/info\/tips-info\/informazioni-generali\/","url":"https:\/\/visitviskovo.hr\/it\/info\/tips-info\/informazioni-generali\/","name":"Informazioni generali - Turisti\u010dka zajednica op\u0107ine Vi\u0161kovo","isPartOf":{"@id":"https:\/\/visitviskovo.hr\/it\/#website"},"primaryImageOfPage":{"@id":"https:\/\/visitviskovo.hr\/it\/info\/tips-info\/informazioni-generali\/#primaryimage"},"image":{"@id":"https:\/\/visitviskovo.hr\/it\/info\/tips-info\/informazioni-generali\/#primaryimage"},"thumbnailUrl":"https:\/\/visitviskovo.hr\/wp-content\/uploads\/2019\/05\/tips.jpg","datePublished":"2019-08-19T20:05:09+00:00","dateModified":"2024-04-18T11:41:42+00:00","breadcrumb":{"@id":"https:\/\/visitviskovo.hr\/it\/info\/tips-info\/informazioni-generali\/#breadcrumb"},"inLanguage":"it-IT","potentialAction":[{"@type":"ReadAction","target":["https:\/\/visitviskovo.hr\/it\/info\/tips-info\/informazioni-generali\/"]}]},{"@type":"ImageObject","inLanguage":"it-IT","@id":"https:\/\/visitviskovo.hr\/it\/info\/tips-info\/informazioni-generali\/#primaryimage","url":"https:\/\/visitviskovo.hr\/wp-content\/uploads\/2019\/05\/tips.jpg","contentUrl":"https:\/\/visitviskovo.hr\/wp-content\/uploads\/2019\/05\/tips.jpg","width":1280,"height":648},{"@type":"BreadcrumbList","@id":"https:\/\/visitviskovo.hr\/it\/info\/tips-info\/informazioni-generali\/#breadcrumb","itemListElement":[{"@type":"ListItem","position":1,"name":"Home","item":"https:\/\/visitviskovo.hr\/it\/"},{"@type":"ListItem","position":2,"name":"Info","item":"https:\/\/visitviskovo.hr\/it\/info\/"},{"@type":"ListItem","position":3,"name":"Tips &#038; info","item":"https:\/\/visitviskovo.hr\/it\/info\/tips-info\/"},{"@type":"ListItem","position":4,"name":"Informazioni generali"}]},{"@type":"WebSite","@id":"https:\/\/visitviskovo.hr\/it\/#website","url":"https:\/\/visitviskovo.hr\/it\/","name":"Turisti\u010dka zajednica op\u0107ine Vi\u0161kovo","description":"","potentialAction":[{"@type":"SearchAction","target":{"@type":"EntryPoint","urlTemplate":"https:\/\/visitviskovo.hr\/it\/?s={search_term_string}"},"query-input":"required name=search_term_string"}],"inLanguage":"it-IT"}]}},"_links":{"self":[{"href":"https:\/\/visitviskovo.hr\/it\/wp-json\/wp\/v2\/pages\/3956"}],"collection":[{"href":"https:\/\/visitviskovo.hr\/it\/wp-json\/wp\/v2\/pages"}],"about":[{"href":"https:\/\/visitviskovo.hr\/it\/wp-json\/wp\/v2\/types\/page"}],"author":[{"embeddable":true,"href":"https:\/\/visitviskovo.hr\/it\/wp-json\/wp\/v2\/users\/1"}],"replies":[{"embeddable":true,"href":"https:\/\/visitviskovo.hr\/it\/wp-json\/wp\/v2\/comments?post=3956"}],"version-history":[{"count":3,"href":"https:\/\/visitviskovo.hr\/it\/wp-json\/wp\/v2\/pages\/3956\/revisions"}],"predecessor-version":[{"id":21070,"href":"https:\/\/visitviskovo.hr\/it\/wp-json\/wp\/v2\/pages\/3956\/revisions\/21070"}],"up":[{"embeddable":true,"href":"https:\/\/visitviskovo.hr\/it\/wp-json\/wp\/v2\/pages\/3950"}],"wp:featuredmedia":[{"embeddable":true,"href":"https:\/\/visitviskovo.hr\/it\/wp-json\/wp\/v2\/media\/3958"}],"wp:attachment":[{"href":"https:\/\/visitviskovo.hr\/it\/wp-json\/wp\/v2\/media?parent=3956"}],"curies":[{"name":"wp","href":"https:\/\/api.w.org\/{rel}","templated":true}]}}