{"id":3962,"date":"2019-08-19T20:06:58","date_gmt":"2019-08-19T20:06:58","guid":{"rendered":"https:\/\/visitviskovo.hr\/?page_id=3962"},"modified":"2024-04-18T12:26:21","modified_gmt":"2024-04-18T12:26:21","slug":"moneta-e-atm","status":"publish","type":"page","link":"https:\/\/visitviskovo.hr\/it\/info\/tips-info\/moneta-e-atm\/","title":{"rendered":"Moneta e ATM"},"content":{"rendered":"\n<p>A partire dal 1o gennaio 2023 la valuta della Croazia \u00e8 l\u2019euro (EUR), che ha sostituito la precedente kuna ed \u00e8 diventato l\u2019unico mezzo di pagamento ufficiale valido in Croazia. Le banconote sono disponibili nei tagli da 5, 10, 20, 50, 100 e 200 euro, mentre le monete da 1 e 2 euro e da 1, 2, 5, 10, 20 e 50 centesimi. Sono ancora in circolazione le banconote da 500 euro, le quali non vengono pi\u00f9 prodotte dal 2019, ma rappresentano ancora un mezzo di pagamento legalmente valido.\u00a0<\/p>\n\n\n\n<p>In Croazia non \u00e8 un problema cambiare dollari, sterline o qualsiasi altra valuta in euro dato che ci sono molti cambiavalute, soprattutto nelle localit\u00e0 turistiche pi\u00f9 gettonate. Il tasso di cambio dell\u2019euro rispetto alle altre valute mondiali non \u00e8 fisso, ma cambia quasi ogni giorno a seconda delle condizioni del mercato.<\/p>\n\n\n\n<p>Potete verificare il tasso di cambio ufficiale ogni giorno sul sito web della&nbsp;<a href=\"https:\/\/www.hnb.hr\/en\" target=\"_blank\" rel=\"noreferrer noopener\">Banca nazionale croata<\/a>&nbsp;(HNB), tuttavia le banche commerciali e i cambiavalute hanno il proprio tasso di cambio di mercato perci\u00f2 prendete in considerazione quest\u2019informazione quando dovrete effettuare il cambio di denaro. Per evitare costi indesiderati, prima del vostro viaggio verificate pure le commissioni applicate dalla vostra banca e dai gestori delle carte di credito.<\/p>\n\n\n\n<p>Il mezzo di pagamento ufficiale nei negozi, nei ristoranti e nelle altre strutture commerciali \u00e8 esclusivamente l\u2019euro, pertanto consigliamo agli ospiti provenienti dai paesi che non fanno parte dell\u2019Eurozona di utilizzare carte di debito o di credito, le applicazioni per i pagamenti contactless o i pagamenti in contanti quando non \u00e8 possibile fare altrimenti. In Croazia, nella maggior parte dei casi, i metodi di pagamento accettati sono chiaramente esposti in punti ben visibili della struttura, quindi vi consigliamo di controllare i metodi di pagamento accettati prima di effettuare l\u2019acquisto.<\/p>\n\n\n\n<p>ERSTE BANKA: VI\u0160KOVO 122C<br>ZAGREBA\u010cKA BANKA: VOZI\u0160\u0106E 24<br>PRIVREDNA BANKA ZAGREB: MARINI\u0106I 11<br>ISTARSKA KREDITNA BANKA: VI\u0160KOVO 2<br>HRVATSKA PO\u0160TANSKA BANKA: VI\u0160KOVO 39F<\/p>\n\n\n\n<p>KREDITNA UNIJA DUKAT: VI\u0160KOVO 32<\/p>\n\n\n\n<p><br><\/p>\n","protected":false},"excerpt":{"rendered":"<p>A partire dal 1o gennaio 2023 la valuta della Croazia \u00e8 l\u2019euro (EUR), che ha sostituito la precedente kuna ed \u00e8 diventato l\u2019unico mezzo di pagamento ufficiale valido in Croazia. Le banconote sono disponibili nei tagli da 5, 10, 20, 50, 100 e 200 euro, mentre le monete da 1 e 2 euro e da [&hellip;]<\/p>\n","protected":false},"author":1,"featured_media":21074,"parent":3950,"menu_order":0,"comment_status":"closed","ping_status":"closed","template":"","meta":{"_acf_changed":false,"footnotes":""},"acf":[],"yoast_head":"<!-- This site is optimized with the Yoast SEO plugin v22.7 - https:\/\/yoast.com\/wordpress\/plugins\/seo\/ -->\n<title>Moneta e ATM - Turisti\u010dka zajednica op\u0107ine Vi\u0161kovo<\/title>\n<meta name=\"robots\" content=\"index, follow, max-snippet:-1, max-image-preview:large, max-video-preview:-1\" \/>\n<link rel=\"canonical\" href=\"https:\/\/visitviskovo.hr\/it\/info\/tips-info\/moneta-e-atm\/\" \/>\n<meta property=\"og:locale\" content=\"it_IT\" \/>\n<meta property=\"og:type\" content=\"article\" \/>\n<meta property=\"og:title\" content=\"Moneta e ATM - Turisti\u010dka zajednica op\u0107ine Vi\u0161kovo\" \/>\n<meta property=\"og:description\" content=\"A partire dal 1o gennaio 2023 la valuta della Croazia \u00e8 l\u2019euro (EUR), che ha sostituito la precedente kuna ed \u00e8 diventato l\u2019unico mezzo di pagamento ufficiale valido in Croazia. Le banconote sono disponibili nei tagli da 5, 10, 20, 50, 100 e 200 euro, mentre le monete da 1 e 2 euro e da [&hellip;]\" \/>\n<meta property=\"og:url\" content=\"https:\/\/visitviskovo.hr\/it\/info\/tips-info\/moneta-e-atm\/\" \/>\n<meta property=\"og:site_name\" content=\"Turisti\u010dka zajednica op\u0107ine Vi\u0161kovo\" \/>\n<meta property=\"article:publisher\" content=\"https:\/\/web.facebook.com\/VisitViskovo\" \/>\n<meta property=\"article:modified_time\" content=\"2024-04-18T12:26:21+00:00\" \/>\n<meta property=\"og:image\" content=\"https:\/\/visitviskovo.hr\/wp-content\/uploads\/2024\/04\/banknotes-209104_1280.jpg\" \/>\n\t<meta property=\"og:image:width\" content=\"1280\" \/>\n\t<meta property=\"og:image:height\" content=\"853\" \/>\n\t<meta property=\"og:image:type\" content=\"image\/jpeg\" \/>\n<meta name=\"twitter:card\" content=\"summary_large_image\" \/>\n<meta name=\"twitter:label1\" content=\"Tempo di lettura stimato\" \/>\n\t<meta name=\"twitter:data1\" content=\"2 minuti\" \/>\n<script type=\"application\/ld+json\" class=\"yoast-schema-graph\">{\"@context\":\"https:\/\/schema.org\",\"@graph\":[{\"@type\":\"WebPage\",\"@id\":\"https:\/\/visitviskovo.hr\/it\/info\/tips-info\/moneta-e-atm\/\",\"url\":\"https:\/\/visitviskovo.hr\/it\/info\/tips-info\/moneta-e-atm\/\",\"name\":\"Moneta e ATM - Turisti\u010dka zajednica op\u0107ine Vi\u0161kovo\",\"isPartOf\":{\"@id\":\"https:\/\/visitviskovo.hr\/it\/#website\"},\"primaryImageOfPage\":{\"@id\":\"https:\/\/visitviskovo.hr\/it\/info\/tips-info\/moneta-e-atm\/#primaryimage\"},\"image\":{\"@id\":\"https:\/\/visitviskovo.hr\/it\/info\/tips-info\/moneta-e-atm\/#primaryimage\"},\"thumbnailUrl\":\"https:\/\/visitviskovo.hr\/wp-content\/uploads\/2024\/04\/banknotes-209104_1280.jpg\",\"datePublished\":\"2019-08-19T20:06:58+00:00\",\"dateModified\":\"2024-04-18T12:26:21+00:00\",\"breadcrumb\":{\"@id\":\"https:\/\/visitviskovo.hr\/it\/info\/tips-info\/moneta-e-atm\/#breadcrumb\"},\"inLanguage\":\"it-IT\",\"potentialAction\":[{\"@type\":\"ReadAction\",\"target\":[\"https:\/\/visitviskovo.hr\/it\/info\/tips-info\/moneta-e-atm\/\"]}]},{\"@type\":\"ImageObject\",\"inLanguage\":\"it-IT\",\"@id\":\"https:\/\/visitviskovo.hr\/it\/info\/tips-info\/moneta-e-atm\/#primaryimage\",\"url\":\"https:\/\/visitviskovo.hr\/wp-content\/uploads\/2024\/04\/banknotes-209104_1280.jpg\",\"contentUrl\":\"https:\/\/visitviskovo.hr\/wp-content\/uploads\/2024\/04\/banknotes-209104_1280.jpg\",\"width\":1280,\"height\":853},{\"@type\":\"BreadcrumbList\",\"@id\":\"https:\/\/visitviskovo.hr\/it\/info\/tips-info\/moneta-e-atm\/#breadcrumb\",\"itemListElement\":[{\"@type\":\"ListItem\",\"position\":1,\"name\":\"Home\",\"item\":\"https:\/\/visitviskovo.hr\/it\/\"},{\"@type\":\"ListItem\",\"position\":2,\"name\":\"Info\",\"item\":\"https:\/\/visitviskovo.hr\/it\/info\/\"},{\"@type\":\"ListItem\",\"position\":3,\"name\":\"Tips &#038; info\",\"item\":\"https:\/\/visitviskovo.hr\/it\/info\/tips-info\/\"},{\"@type\":\"ListItem\",\"position\":4,\"name\":\"Moneta e ATM\"}]},{\"@type\":\"WebSite\",\"@id\":\"https:\/\/visitviskovo.hr\/it\/#website\",\"url\":\"https:\/\/visitviskovo.hr\/it\/\",\"name\":\"Turisti\u010dka zajednica op\u0107ine Vi\u0161kovo\",\"description\":\"\",\"potentialAction\":[{\"@type\":\"SearchAction\",\"target\":{\"@type\":\"EntryPoint\",\"urlTemplate\":\"https:\/\/visitviskovo.hr\/it\/?s={search_term_string}\"},\"query-input\":\"required name=search_term_string\"}],\"inLanguage\":\"it-IT\"}]}<\/script>\n<!-- \/ Yoast SEO plugin. -->","yoast_head_json":{"title":"Moneta e ATM - Turisti\u010dka zajednica op\u0107ine Vi\u0161kovo","robots":{"index":"index","follow":"follow","max-snippet":"max-snippet:-1","max-image-preview":"max-image-preview:large","max-video-preview":"max-video-preview:-1"},"canonical":"https:\/\/visitviskovo.hr\/it\/info\/tips-info\/moneta-e-atm\/","og_locale":"it_IT","og_type":"article","og_title":"Moneta e ATM - Turisti\u010dka zajednica op\u0107ine Vi\u0161kovo","og_description":"A partire dal 1o gennaio 2023 la valuta della Croazia \u00e8 l\u2019euro (EUR), che ha sostituito la precedente kuna ed \u00e8 diventato l\u2019unico mezzo di pagamento ufficiale valido in Croazia. Le banconote sono disponibili nei tagli da 5, 10, 20, 50, 100 e 200 euro, mentre le monete da 1 e 2 euro e da [&hellip;]","og_url":"https:\/\/visitviskovo.hr\/it\/info\/tips-info\/moneta-e-atm\/","og_site_name":"Turisti\u010dka zajednica op\u0107ine Vi\u0161kovo","article_publisher":"https:\/\/web.facebook.com\/VisitViskovo","article_modified_time":"2024-04-18T12:26:21+00:00","og_image":[{"width":1280,"height":853,"url":"https:\/\/visitviskovo.hr\/wp-content\/uploads\/2024\/04\/banknotes-209104_1280.jpg","type":"image\/jpeg"}],"twitter_card":"summary_large_image","twitter_misc":{"Tempo di lettura stimato":"2 minuti"},"schema":{"@context":"https:\/\/schema.org","@graph":[{"@type":"WebPage","@id":"https:\/\/visitviskovo.hr\/it\/info\/tips-info\/moneta-e-atm\/","url":"https:\/\/visitviskovo.hr\/it\/info\/tips-info\/moneta-e-atm\/","name":"Moneta e ATM - Turisti\u010dka zajednica op\u0107ine Vi\u0161kovo","isPartOf":{"@id":"https:\/\/visitviskovo.hr\/it\/#website"},"primaryImageOfPage":{"@id":"https:\/\/visitviskovo.hr\/it\/info\/tips-info\/moneta-e-atm\/#primaryimage"},"image":{"@id":"https:\/\/visitviskovo.hr\/it\/info\/tips-info\/moneta-e-atm\/#primaryimage"},"thumbnailUrl":"https:\/\/visitviskovo.hr\/wp-content\/uploads\/2024\/04\/banknotes-209104_1280.jpg","datePublished":"2019-08-19T20:06:58+00:00","dateModified":"2024-04-18T12:26:21+00:00","breadcrumb":{"@id":"https:\/\/visitviskovo.hr\/it\/info\/tips-info\/moneta-e-atm\/#breadcrumb"},"inLanguage":"it-IT","potentialAction":[{"@type":"ReadAction","target":["https:\/\/visitviskovo.hr\/it\/info\/tips-info\/moneta-e-atm\/"]}]},{"@type":"ImageObject","inLanguage":"it-IT","@id":"https:\/\/visitviskovo.hr\/it\/info\/tips-info\/moneta-e-atm\/#primaryimage","url":"https:\/\/visitviskovo.hr\/wp-content\/uploads\/2024\/04\/banknotes-209104_1280.jpg","contentUrl":"https:\/\/visitviskovo.hr\/wp-content\/uploads\/2024\/04\/banknotes-209104_1280.jpg","width":1280,"height":853},{"@type":"BreadcrumbList","@id":"https:\/\/visitviskovo.hr\/it\/info\/tips-info\/moneta-e-atm\/#breadcrumb","itemListElement":[{"@type":"ListItem","position":1,"name":"Home","item":"https:\/\/visitviskovo.hr\/it\/"},{"@type":"ListItem","position":2,"name":"Info","item":"https:\/\/visitviskovo.hr\/it\/info\/"},{"@type":"ListItem","position":3,"name":"Tips &#038; info","item":"https:\/\/visitviskovo.hr\/it\/info\/tips-info\/"},{"@type":"ListItem","position":4,"name":"Moneta e ATM"}]},{"@type":"WebSite","@id":"https:\/\/visitviskovo.hr\/it\/#website","url":"https:\/\/visitviskovo.hr\/it\/","name":"Turisti\u010dka zajednica op\u0107ine Vi\u0161kovo","description":"","potentialAction":[{"@type":"SearchAction","target":{"@type":"EntryPoint","urlTemplate":"https:\/\/visitviskovo.hr\/it\/?s={search_term_string}"},"query-input":"required name=search_term_string"}],"inLanguage":"it-IT"}]}},"_links":{"self":[{"href":"https:\/\/visitviskovo.hr\/it\/wp-json\/wp\/v2\/pages\/3962"}],"collection":[{"href":"https:\/\/visitviskovo.hr\/it\/wp-json\/wp\/v2\/pages"}],"about":[{"href":"https:\/\/visitviskovo.hr\/it\/wp-json\/wp\/v2\/types\/page"}],"author":[{"embeddable":true,"href":"https:\/\/visitviskovo.hr\/it\/wp-json\/wp\/v2\/users\/1"}],"replies":[{"embeddable":true,"href":"https:\/\/visitviskovo.hr\/it\/wp-json\/wp\/v2\/comments?post=3962"}],"version-history":[{"count":4,"href":"https:\/\/visitviskovo.hr\/it\/wp-json\/wp\/v2\/pages\/3962\/revisions"}],"predecessor-version":[{"id":21088,"href":"https:\/\/visitviskovo.hr\/it\/wp-json\/wp\/v2\/pages\/3962\/revisions\/21088"}],"up":[{"embeddable":true,"href":"https:\/\/visitviskovo.hr\/it\/wp-json\/wp\/v2\/pages\/3950"}],"wp:featuredmedia":[{"embeddable":true,"href":"https:\/\/visitviskovo.hr\/it\/wp-json\/wp\/v2\/media\/21074"}],"wp:attachment":[{"href":"https:\/\/visitviskovo.hr\/it\/wp-json\/wp\/v2\/media?parent=3962"}],"curies":[{"name":"wp","href":"https:\/\/api.w.org\/{rel}","templated":true}]}}