{"id":3969,"date":"2019-08-19T20:09:19","date_gmt":"2019-08-19T20:09:19","guid":{"rendered":"https:\/\/visitviskovo.hr\/?page_id=3969"},"modified":"2024-04-18T13:14:58","modified_gmt":"2024-04-18T13:14:58","slug":"info-traffico","status":"publish","type":"page","link":"https:\/\/visitviskovo.hr\/it\/info\/tips-info\/info-traffico\/","title":{"rendered":"Info traffico"},"content":{"rendered":"\n<p>Nel territorio della Repubblica di Croazia \u00e8 permesso guidare un veicolo motorizzato nel traffico stradale soltanto a chi possiede una patente di guida valida rilasciata nella Repubblica di Croazia, una patente di guida straniera, una patente di guida internazionale oppure un certificato della richiesta di rilascio della patente di guida (il certificato che conferma la richiesta di rilascio della patente di guida \u00e8 valido per la guida del veicolo motorizzato per 30 giorni che decorrono dalla richiesta di rilascio del documento) per la categoria del rispettivo veicolo. Quando si trova al volante, il conducente deve avere appresso la patente di guida oppure il certificato che conferma la richiesta di rilascio della patente di guida ed \u00e8 tenuto ad esibirla su richiesta dell\u2019agente di polizia. Inoltre, il conducente che nel traffico stradale guida un veicolo deve avere appresso la patente di guida ed \u00e8 tenuto ad esibirla su richiesta dell\u2019agente di polizia. La patente di guida non deve essere lasciata nel veicolo senza la supervisione del conducente.<\/p>\n\n\n\n<p>Nel territorio della Repubblica di Croazia possono partecipare nel traffico i veicoli motorizzati e le autovetture se sono immatricolate e se dispongono del permesso di circolazione valido. In casi eccezionali, non c\u2019\u00e8 bisogno che siano immatricolati i veicoli motorizzati e le autovetture che sono assicurate e contrassegnate con targhe prova o trasferibili.<\/p>\n\n\n\n<p>Il conducente che entra nel territorio della Repubblica di Croazia con un veicolo recante una targa straniera oppure con la targa di un Paese membro dello Spazio economico europeo deve disporre di un documento internazionale di Assicurazione responsabilit\u00e0 civile auto in regola e valido nel territorio dell\u2019Unione Europea, oppure possedere un\u2019altra prova che tale assicurazione esista. Si considerano prove dell\u2019esistenza di un documento internazionale la targa ufficiale di immatricolazione con la quale \u00e8 contrassegnato il veicolo solitamente stazionato nel territorio del Paese il cui ufficio nazionale \u00e8 firmatario dell\u2019Accordo multilaterale (i Paesi membri dello Spazio economico europeo e Paesi aggiunti), ovvero la Carta verde valida rilasciata per il veicolo che proviene dal Paese il cui ufficio nazionale per l\u2019assicurazione non \u00e8 firmatario dell\u2019Accordo multilaterale (i Paesi membri del \u201cSistema della carta verde di assicurazione\u201d, firmatari dell\u2019Accordo di Creta) e altri documenti e prove la cui validit\u00e0 \u00e8 confermata dall\u2019Ufficio croato per l\u2019assicurazione.\u00a0<\/p>\n\n\n\n<p>In Croazia si guida sul lato destro della strada.  Limiti di velocit\u00e0:<\/p>\n\n\n\n<ul>\n<li>Centri abitati: 50 km\/h<\/li>\n\n\n\n<li>Fuori dai centri abitati: 90 km\/h<\/li>\n\n\n\n<li>Strade destinate esclusivamente alla circolazione degli autoveicoli e superstrade: 110 km\/h&nbsp;<\/li>\n\n\n\n<li>Autostrade: 130 km\/h<\/li>\n<\/ul>\n\n\n\n<p>Nel periodo in cui vige l\u2019ora legale \u00e8 obbligatorio guidare con le luci di posizione accese anche di giorno.\u00a0<\/p>\n\n\n\n<p>\u00c8 vietato l\u2019uso del cellulare durante la guida.<\/p>\n\n\n\n<p>\u00c8 obbligatorio l\u2019uso della cintura di sicurezza.<\/p>\n\n\n\n<p>\u00c8 obbligatorio avere il giubbotto retro-riflettente tra le dotazioni dell\u2019autoveicolo. L\u2019autista \u00e8 tenuto a indossare il giubbotto retro-riflettente in caso di sosta per motivi di emergenza (cambio della ruota, piccole riparazioni del mezzo, rifornimento di carburante per strada, ricerca di aiuto fermando altre automobili, ecc.). Importo massimo di alcool nel sangue \u00e8 di 0,5 per mille.<\/p>\n\n\n\n<h2 class=\"wp-block-heading\">Informazioni e aiuto sulla strada<\/h2>\n\n\n\n<p>Automobile Club croato (HAK)<\/p>\n\n\n\n<p><a href=\"http:\/\/www.hak.hr\/\" target=\"_blank\" rel=\"noreferrer noopener\">www.hak.hr<\/a><br>Centro di informazione: +385 1 4640 800<br>Assistenza stradale: +385 1 1987<\/p>\n\n\n\n<h2 class=\"wp-block-heading\"><strong>Distributori di carburante:<\/strong><\/h2>\n\n\n\n<p>Stazioni vendono pi\u00f9 tipi di combustibile: Super 98, Super plus 98, Super 95, Eurosuper 95, Super 95, Euro Diesel, Diesel e bombole di gas.  Distributori in Vi\u0161kovo:<\/p>\n\n\n\n<p>ADRIA OIL: FURI\u0106EVO 93<br>PETROL: VOZI\u0160\u0106E 32<br><\/p>\n","protected":false},"excerpt":{"rendered":"<p>Nel territorio della Repubblica di Croazia \u00e8 permesso guidare un veicolo motorizzato nel traffico stradale soltanto a chi possiede una patente di guida valida rilasciata nella Repubblica di Croazia, una patente di guida straniera, una patente di guida internazionale oppure un certificato della richiesta di rilascio della patente di guida (il certificato che conferma la [&hellip;]<\/p>\n","protected":false},"author":1,"featured_media":21096,"parent":3950,"menu_order":0,"comment_status":"closed","ping_status":"closed","template":"","meta":{"_acf_changed":false,"footnotes":""},"acf":[],"yoast_head":"<!-- This site is optimized with the Yoast SEO plugin v22.7 - https:\/\/yoast.com\/wordpress\/plugins\/seo\/ -->\n<title>Info traffico - Turisti\u010dka zajednica op\u0107ine Vi\u0161kovo<\/title>\n<meta name=\"robots\" content=\"index, follow, max-snippet:-1, max-image-preview:large, max-video-preview:-1\" \/>\n<link rel=\"canonical\" href=\"https:\/\/visitviskovo.hr\/it\/info\/tips-info\/info-traffico\/\" \/>\n<meta property=\"og:locale\" content=\"it_IT\" \/>\n<meta property=\"og:type\" content=\"article\" \/>\n<meta property=\"og:title\" content=\"Info traffico - Turisti\u010dka zajednica op\u0107ine Vi\u0161kovo\" \/>\n<meta property=\"og:description\" content=\"Nel territorio della Repubblica di Croazia \u00e8 permesso guidare un veicolo motorizzato nel traffico stradale soltanto a chi possiede una patente di guida valida rilasciata nella Repubblica di Croazia, una patente di guida straniera, una patente di guida internazionale oppure un certificato della richiesta di rilascio della patente di guida (il certificato che conferma la [&hellip;]\" \/>\n<meta property=\"og:url\" content=\"https:\/\/visitviskovo.hr\/it\/info\/tips-info\/info-traffico\/\" \/>\n<meta property=\"og:site_name\" content=\"Turisti\u010dka zajednica op\u0107ine Vi\u0161kovo\" \/>\n<meta property=\"article:publisher\" content=\"https:\/\/web.facebook.com\/VisitViskovo\" \/>\n<meta property=\"article:modified_time\" content=\"2024-04-18T13:14:58+00:00\" \/>\n<meta property=\"og:image\" content=\"https:\/\/visitviskovo.hr\/wp-content\/uploads\/2024\/04\/traffic-4522805_1280.jpg\" \/>\n\t<meta property=\"og:image:width\" content=\"1280\" \/>\n\t<meta property=\"og:image:height\" content=\"853\" \/>\n\t<meta property=\"og:image:type\" content=\"image\/jpeg\" \/>\n<meta name=\"twitter:card\" content=\"summary_large_image\" \/>\n<meta name=\"twitter:label1\" content=\"Tempo di lettura stimato\" \/>\n\t<meta name=\"twitter:data1\" content=\"4 minuti\" \/>\n<script type=\"application\/ld+json\" class=\"yoast-schema-graph\">{\"@context\":\"https:\/\/schema.org\",\"@graph\":[{\"@type\":\"WebPage\",\"@id\":\"https:\/\/visitviskovo.hr\/it\/info\/tips-info\/info-traffico\/\",\"url\":\"https:\/\/visitviskovo.hr\/it\/info\/tips-info\/info-traffico\/\",\"name\":\"Info traffico - Turisti\u010dka zajednica op\u0107ine Vi\u0161kovo\",\"isPartOf\":{\"@id\":\"https:\/\/visitviskovo.hr\/it\/#website\"},\"primaryImageOfPage\":{\"@id\":\"https:\/\/visitviskovo.hr\/it\/info\/tips-info\/info-traffico\/#primaryimage\"},\"image\":{\"@id\":\"https:\/\/visitviskovo.hr\/it\/info\/tips-info\/info-traffico\/#primaryimage\"},\"thumbnailUrl\":\"https:\/\/visitviskovo.hr\/wp-content\/uploads\/2024\/04\/traffic-4522805_1280.jpg\",\"datePublished\":\"2019-08-19T20:09:19+00:00\",\"dateModified\":\"2024-04-18T13:14:58+00:00\",\"breadcrumb\":{\"@id\":\"https:\/\/visitviskovo.hr\/it\/info\/tips-info\/info-traffico\/#breadcrumb\"},\"inLanguage\":\"it-IT\",\"potentialAction\":[{\"@type\":\"ReadAction\",\"target\":[\"https:\/\/visitviskovo.hr\/it\/info\/tips-info\/info-traffico\/\"]}]},{\"@type\":\"ImageObject\",\"inLanguage\":\"it-IT\",\"@id\":\"https:\/\/visitviskovo.hr\/it\/info\/tips-info\/info-traffico\/#primaryimage\",\"url\":\"https:\/\/visitviskovo.hr\/wp-content\/uploads\/2024\/04\/traffic-4522805_1280.jpg\",\"contentUrl\":\"https:\/\/visitviskovo.hr\/wp-content\/uploads\/2024\/04\/traffic-4522805_1280.jpg\",\"width\":1280,\"height\":853},{\"@type\":\"BreadcrumbList\",\"@id\":\"https:\/\/visitviskovo.hr\/it\/info\/tips-info\/info-traffico\/#breadcrumb\",\"itemListElement\":[{\"@type\":\"ListItem\",\"position\":1,\"name\":\"Home\",\"item\":\"https:\/\/visitviskovo.hr\/it\/\"},{\"@type\":\"ListItem\",\"position\":2,\"name\":\"Info\",\"item\":\"https:\/\/visitviskovo.hr\/it\/info\/\"},{\"@type\":\"ListItem\",\"position\":3,\"name\":\"Tips &#038; info\",\"item\":\"https:\/\/visitviskovo.hr\/it\/info\/tips-info\/\"},{\"@type\":\"ListItem\",\"position\":4,\"name\":\"Info traffico\"}]},{\"@type\":\"WebSite\",\"@id\":\"https:\/\/visitviskovo.hr\/it\/#website\",\"url\":\"https:\/\/visitviskovo.hr\/it\/\",\"name\":\"Turisti\u010dka zajednica op\u0107ine Vi\u0161kovo\",\"description\":\"\",\"potentialAction\":[{\"@type\":\"SearchAction\",\"target\":{\"@type\":\"EntryPoint\",\"urlTemplate\":\"https:\/\/visitviskovo.hr\/it\/?s={search_term_string}\"},\"query-input\":\"required name=search_term_string\"}],\"inLanguage\":\"it-IT\"}]}<\/script>\n<!-- \/ Yoast SEO plugin. -->","yoast_head_json":{"title":"Info traffico - Turisti\u010dka zajednica op\u0107ine Vi\u0161kovo","robots":{"index":"index","follow":"follow","max-snippet":"max-snippet:-1","max-image-preview":"max-image-preview:large","max-video-preview":"max-video-preview:-1"},"canonical":"https:\/\/visitviskovo.hr\/it\/info\/tips-info\/info-traffico\/","og_locale":"it_IT","og_type":"article","og_title":"Info traffico - Turisti\u010dka zajednica op\u0107ine Vi\u0161kovo","og_description":"Nel territorio della Repubblica di Croazia \u00e8 permesso guidare un veicolo motorizzato nel traffico stradale soltanto a chi possiede una patente di guida valida rilasciata nella Repubblica di Croazia, una patente di guida straniera, una patente di guida internazionale oppure un certificato della richiesta di rilascio della patente di guida (il certificato che conferma la [&hellip;]","og_url":"https:\/\/visitviskovo.hr\/it\/info\/tips-info\/info-traffico\/","og_site_name":"Turisti\u010dka zajednica op\u0107ine Vi\u0161kovo","article_publisher":"https:\/\/web.facebook.com\/VisitViskovo","article_modified_time":"2024-04-18T13:14:58+00:00","og_image":[{"width":1280,"height":853,"url":"https:\/\/visitviskovo.hr\/wp-content\/uploads\/2024\/04\/traffic-4522805_1280.jpg","type":"image\/jpeg"}],"twitter_card":"summary_large_image","twitter_misc":{"Tempo di lettura stimato":"4 minuti"},"schema":{"@context":"https:\/\/schema.org","@graph":[{"@type":"WebPage","@id":"https:\/\/visitviskovo.hr\/it\/info\/tips-info\/info-traffico\/","url":"https:\/\/visitviskovo.hr\/it\/info\/tips-info\/info-traffico\/","name":"Info traffico - Turisti\u010dka zajednica op\u0107ine Vi\u0161kovo","isPartOf":{"@id":"https:\/\/visitviskovo.hr\/it\/#website"},"primaryImageOfPage":{"@id":"https:\/\/visitviskovo.hr\/it\/info\/tips-info\/info-traffico\/#primaryimage"},"image":{"@id":"https:\/\/visitviskovo.hr\/it\/info\/tips-info\/info-traffico\/#primaryimage"},"thumbnailUrl":"https:\/\/visitviskovo.hr\/wp-content\/uploads\/2024\/04\/traffic-4522805_1280.jpg","datePublished":"2019-08-19T20:09:19+00:00","dateModified":"2024-04-18T13:14:58+00:00","breadcrumb":{"@id":"https:\/\/visitviskovo.hr\/it\/info\/tips-info\/info-traffico\/#breadcrumb"},"inLanguage":"it-IT","potentialAction":[{"@type":"ReadAction","target":["https:\/\/visitviskovo.hr\/it\/info\/tips-info\/info-traffico\/"]}]},{"@type":"ImageObject","inLanguage":"it-IT","@id":"https:\/\/visitviskovo.hr\/it\/info\/tips-info\/info-traffico\/#primaryimage","url":"https:\/\/visitviskovo.hr\/wp-content\/uploads\/2024\/04\/traffic-4522805_1280.jpg","contentUrl":"https:\/\/visitviskovo.hr\/wp-content\/uploads\/2024\/04\/traffic-4522805_1280.jpg","width":1280,"height":853},{"@type":"BreadcrumbList","@id":"https:\/\/visitviskovo.hr\/it\/info\/tips-info\/info-traffico\/#breadcrumb","itemListElement":[{"@type":"ListItem","position":1,"name":"Home","item":"https:\/\/visitviskovo.hr\/it\/"},{"@type":"ListItem","position":2,"name":"Info","item":"https:\/\/visitviskovo.hr\/it\/info\/"},{"@type":"ListItem","position":3,"name":"Tips &#038; info","item":"https:\/\/visitviskovo.hr\/it\/info\/tips-info\/"},{"@type":"ListItem","position":4,"name":"Info traffico"}]},{"@type":"WebSite","@id":"https:\/\/visitviskovo.hr\/it\/#website","url":"https:\/\/visitviskovo.hr\/it\/","name":"Turisti\u010dka zajednica op\u0107ine Vi\u0161kovo","description":"","potentialAction":[{"@type":"SearchAction","target":{"@type":"EntryPoint","urlTemplate":"https:\/\/visitviskovo.hr\/it\/?s={search_term_string}"},"query-input":"required name=search_term_string"}],"inLanguage":"it-IT"}]}},"_links":{"self":[{"href":"https:\/\/visitviskovo.hr\/it\/wp-json\/wp\/v2\/pages\/3969"}],"collection":[{"href":"https:\/\/visitviskovo.hr\/it\/wp-json\/wp\/v2\/pages"}],"about":[{"href":"https:\/\/visitviskovo.hr\/it\/wp-json\/wp\/v2\/types\/page"}],"author":[{"embeddable":true,"href":"https:\/\/visitviskovo.hr\/it\/wp-json\/wp\/v2\/users\/1"}],"replies":[{"embeddable":true,"href":"https:\/\/visitviskovo.hr\/it\/wp-json\/wp\/v2\/comments?post=3969"}],"version-history":[{"count":4,"href":"https:\/\/visitviskovo.hr\/it\/wp-json\/wp\/v2\/pages\/3969\/revisions"}],"predecessor-version":[{"id":21106,"href":"https:\/\/visitviskovo.hr\/it\/wp-json\/wp\/v2\/pages\/3969\/revisions\/21106"}],"up":[{"embeddable":true,"href":"https:\/\/visitviskovo.hr\/it\/wp-json\/wp\/v2\/pages\/3950"}],"wp:featuredmedia":[{"embeddable":true,"href":"https:\/\/visitviskovo.hr\/it\/wp-json\/wp\/v2\/media\/21096"}],"wp:attachment":[{"href":"https:\/\/visitviskovo.hr\/it\/wp-json\/wp\/v2\/media?parent=3969"}],"curies":[{"name":"wp","href":"https:\/\/api.w.org\/{rel}","templated":true}]}}