{"id":3987,"date":"2019-08-19T20:13:54","date_gmt":"2019-08-19T20:13:54","guid":{"rendered":"https:\/\/visitviskovo.hr\/?page_id=3987"},"modified":"2024-08-14T12:09:18","modified_gmt":"2024-08-14T12:09:18","slug":"agenzie-di-viaggio","status":"publish","type":"page","link":"https:\/\/visitviskovo.hr\/it\/info\/tips-info\/agenzie-di-viaggio\/","title":{"rendered":"Agenzie di viaggio"},"content":{"rendered":"\n<h2 class=\"wp-block-heading\"><strong>Promotiv Travel Outdoor<\/strong><\/h2>\n\n\n\n<p>Indirizzo:  Stra\u017ea 102, Vi\u0161kovo <br>Tel:  +385 51 681 602 <br>E-mail:\u00a0<a rel=\"noreferrer noopener\" href=\"mailto:info@promotiv-turizam.hr\" target=\"_blank\">info@promotiv-turizam.hr<\/a><br>Web:\u00a0<a href=\"http:\/\/www.promotiv-turizam.hr\/\">www.promotiv-turizam.hr<\/a><br>FB:\u00a0<a href=\"https:\/\/www.facebook.com\/Promotiv-Travel-Outdoor-144556165583405\/?hc_ref=SEARCH\">www.facebook.com\/Promotiv-Travel-Outdoor<\/a> <\/p>\n\n\n\n<h3 class=\"wp-block-heading\"><strong>\u0160tok travel<\/strong><\/h3>\n\n\n\n<p>Indirizzo:&nbsp;Vi\u0161kovo 123, 51216 Vi\u0161kovo<br>Tel: +385 51 257 408<br>E-mail: stok.travel@ri.t-com.hr<\/p>\n","protected":false},"excerpt":{"rendered":"<p>Promotiv Travel Outdoor Indirizzo: Stra\u017ea 102, Vi\u0161kovo Tel: +385 51 681 602 E-mail:\u00a0info@promotiv-turizam.hrWeb:\u00a0www.promotiv-turizam.hrFB:\u00a0www.facebook.com\/Promotiv-Travel-Outdoor \u0160tok travel Indirizzo:&nbsp;Vi\u0161kovo 123, 51216 Vi\u0161kovoTel: +385 51 257 408E-mail: stok.travel@ri.t-com.hr<\/p>\n","protected":false},"author":1,"featured_media":21769,"parent":3950,"menu_order":0,"comment_status":"closed","ping_status":"closed","template":"","meta":{"_acf_changed":false,"footnotes":""},"acf":[],"yoast_head":"<!-- This site is optimized with the Yoast SEO plugin v22.7 - https:\/\/yoast.com\/wordpress\/plugins\/seo\/ -->\n<title>Agenzie di viaggio - Turisti\u010dka zajednica op\u0107ine Vi\u0161kovo<\/title>\n<meta name=\"robots\" content=\"index, follow, max-snippet:-1, max-image-preview:large, max-video-preview:-1\" \/>\n<link rel=\"canonical\" href=\"https:\/\/visitviskovo.hr\/it\/info\/tips-info\/agenzie-di-viaggio\/\" \/>\n<meta property=\"og:locale\" content=\"it_IT\" \/>\n<meta property=\"og:type\" content=\"article\" \/>\n<meta property=\"og:title\" content=\"Agenzie di viaggio - Turisti\u010dka zajednica op\u0107ine Vi\u0161kovo\" \/>\n<meta property=\"og:description\" content=\"Promotiv Travel Outdoor Indirizzo: Stra\u017ea 102, Vi\u0161kovo Tel: +385 51 681 602 E-mail:\u00a0info@promotiv-turizam.hrWeb:\u00a0www.promotiv-turizam.hrFB:\u00a0www.facebook.com\/Promotiv-Travel-Outdoor \u0160tok travel Indirizzo:&nbsp;Vi\u0161kovo 123, 51216 Vi\u0161kovoTel: +385 51 257 408E-mail: stok.travel@ri.t-com.hr\" \/>\n<meta property=\"og:url\" content=\"https:\/\/visitviskovo.hr\/it\/info\/tips-info\/agenzie-di-viaggio\/\" \/>\n<meta property=\"og:site_name\" content=\"Turisti\u010dka zajednica op\u0107ine Vi\u0161kovo\" \/>\n<meta property=\"article:publisher\" content=\"https:\/\/web.facebook.com\/VisitViskovo\" \/>\n<meta property=\"article:modified_time\" content=\"2024-08-14T12:09:18+00:00\" \/>\n<meta property=\"og:image\" content=\"https:\/\/visitviskovo.hr\/wp-content\/uploads\/2024\/08\/globe-trotter-1828079_1280.jpg\" \/>\n\t<meta property=\"og:image:width\" content=\"1280\" \/>\n\t<meta property=\"og:image:height\" content=\"853\" \/>\n\t<meta property=\"og:image:type\" content=\"image\/jpeg\" \/>\n<meta name=\"twitter:card\" content=\"summary_large_image\" \/>\n<meta name=\"twitter:label1\" content=\"Tempo di lettura stimato\" \/>\n\t<meta name=\"twitter:data1\" content=\"1 minuto\" \/>\n<script type=\"application\/ld+json\" class=\"yoast-schema-graph\">{\"@context\":\"https:\/\/schema.org\",\"@graph\":[{\"@type\":\"WebPage\",\"@id\":\"https:\/\/visitviskovo.hr\/it\/info\/tips-info\/agenzie-di-viaggio\/\",\"url\":\"https:\/\/visitviskovo.hr\/it\/info\/tips-info\/agenzie-di-viaggio\/\",\"name\":\"Agenzie di viaggio - Turisti\u010dka zajednica op\u0107ine Vi\u0161kovo\",\"isPartOf\":{\"@id\":\"https:\/\/visitviskovo.hr\/it\/#website\"},\"primaryImageOfPage\":{\"@id\":\"https:\/\/visitviskovo.hr\/it\/info\/tips-info\/agenzie-di-viaggio\/#primaryimage\"},\"image\":{\"@id\":\"https:\/\/visitviskovo.hr\/it\/info\/tips-info\/agenzie-di-viaggio\/#primaryimage\"},\"thumbnailUrl\":\"https:\/\/visitviskovo.hr\/wp-content\/uploads\/2024\/08\/globe-trotter-1828079_1280.jpg\",\"datePublished\":\"2019-08-19T20:13:54+00:00\",\"dateModified\":\"2024-08-14T12:09:18+00:00\",\"breadcrumb\":{\"@id\":\"https:\/\/visitviskovo.hr\/it\/info\/tips-info\/agenzie-di-viaggio\/#breadcrumb\"},\"inLanguage\":\"it-IT\",\"potentialAction\":[{\"@type\":\"ReadAction\",\"target\":[\"https:\/\/visitviskovo.hr\/it\/info\/tips-info\/agenzie-di-viaggio\/\"]}]},{\"@type\":\"ImageObject\",\"inLanguage\":\"it-IT\",\"@id\":\"https:\/\/visitviskovo.hr\/it\/info\/tips-info\/agenzie-di-viaggio\/#primaryimage\",\"url\":\"https:\/\/visitviskovo.hr\/wp-content\/uploads\/2024\/08\/globe-trotter-1828079_1280.jpg\",\"contentUrl\":\"https:\/\/visitviskovo.hr\/wp-content\/uploads\/2024\/08\/globe-trotter-1828079_1280.jpg\",\"width\":1280,\"height\":853},{\"@type\":\"BreadcrumbList\",\"@id\":\"https:\/\/visitviskovo.hr\/it\/info\/tips-info\/agenzie-di-viaggio\/#breadcrumb\",\"itemListElement\":[{\"@type\":\"ListItem\",\"position\":1,\"name\":\"Home\",\"item\":\"https:\/\/visitviskovo.hr\/it\/\"},{\"@type\":\"ListItem\",\"position\":2,\"name\":\"Info\",\"item\":\"https:\/\/visitviskovo.hr\/it\/info\/\"},{\"@type\":\"ListItem\",\"position\":3,\"name\":\"Tips &#038; info\",\"item\":\"https:\/\/visitviskovo.hr\/it\/info\/tips-info\/\"},{\"@type\":\"ListItem\",\"position\":4,\"name\":\"Agenzie di viaggio\"}]},{\"@type\":\"WebSite\",\"@id\":\"https:\/\/visitviskovo.hr\/it\/#website\",\"url\":\"https:\/\/visitviskovo.hr\/it\/\",\"name\":\"Turisti\u010dka zajednica op\u0107ine Vi\u0161kovo\",\"description\":\"\",\"potentialAction\":[{\"@type\":\"SearchAction\",\"target\":{\"@type\":\"EntryPoint\",\"urlTemplate\":\"https:\/\/visitviskovo.hr\/it\/?s={search_term_string}\"},\"query-input\":\"required name=search_term_string\"}],\"inLanguage\":\"it-IT\"}]}<\/script>\n<!-- \/ Yoast SEO plugin. -->","yoast_head_json":{"title":"Agenzie di viaggio - Turisti\u010dka zajednica op\u0107ine Vi\u0161kovo","robots":{"index":"index","follow":"follow","max-snippet":"max-snippet:-1","max-image-preview":"max-image-preview:large","max-video-preview":"max-video-preview:-1"},"canonical":"https:\/\/visitviskovo.hr\/it\/info\/tips-info\/agenzie-di-viaggio\/","og_locale":"it_IT","og_type":"article","og_title":"Agenzie di viaggio - Turisti\u010dka zajednica op\u0107ine Vi\u0161kovo","og_description":"Promotiv Travel Outdoor Indirizzo: Stra\u017ea 102, Vi\u0161kovo Tel: +385 51 681 602 E-mail:\u00a0info@promotiv-turizam.hrWeb:\u00a0www.promotiv-turizam.hrFB:\u00a0www.facebook.com\/Promotiv-Travel-Outdoor \u0160tok travel Indirizzo:&nbsp;Vi\u0161kovo 123, 51216 Vi\u0161kovoTel: +385 51 257 408E-mail: stok.travel@ri.t-com.hr","og_url":"https:\/\/visitviskovo.hr\/it\/info\/tips-info\/agenzie-di-viaggio\/","og_site_name":"Turisti\u010dka zajednica op\u0107ine Vi\u0161kovo","article_publisher":"https:\/\/web.facebook.com\/VisitViskovo","article_modified_time":"2024-08-14T12:09:18+00:00","og_image":[{"width":1280,"height":853,"url":"https:\/\/visitviskovo.hr\/wp-content\/uploads\/2024\/08\/globe-trotter-1828079_1280.jpg","type":"image\/jpeg"}],"twitter_card":"summary_large_image","twitter_misc":{"Tempo di lettura stimato":"1 minuto"},"schema":{"@context":"https:\/\/schema.org","@graph":[{"@type":"WebPage","@id":"https:\/\/visitviskovo.hr\/it\/info\/tips-info\/agenzie-di-viaggio\/","url":"https:\/\/visitviskovo.hr\/it\/info\/tips-info\/agenzie-di-viaggio\/","name":"Agenzie di viaggio - Turisti\u010dka zajednica op\u0107ine Vi\u0161kovo","isPartOf":{"@id":"https:\/\/visitviskovo.hr\/it\/#website"},"primaryImageOfPage":{"@id":"https:\/\/visitviskovo.hr\/it\/info\/tips-info\/agenzie-di-viaggio\/#primaryimage"},"image":{"@id":"https:\/\/visitviskovo.hr\/it\/info\/tips-info\/agenzie-di-viaggio\/#primaryimage"},"thumbnailUrl":"https:\/\/visitviskovo.hr\/wp-content\/uploads\/2024\/08\/globe-trotter-1828079_1280.jpg","datePublished":"2019-08-19T20:13:54+00:00","dateModified":"2024-08-14T12:09:18+00:00","breadcrumb":{"@id":"https:\/\/visitviskovo.hr\/it\/info\/tips-info\/agenzie-di-viaggio\/#breadcrumb"},"inLanguage":"it-IT","potentialAction":[{"@type":"ReadAction","target":["https:\/\/visitviskovo.hr\/it\/info\/tips-info\/agenzie-di-viaggio\/"]}]},{"@type":"ImageObject","inLanguage":"it-IT","@id":"https:\/\/visitviskovo.hr\/it\/info\/tips-info\/agenzie-di-viaggio\/#primaryimage","url":"https:\/\/visitviskovo.hr\/wp-content\/uploads\/2024\/08\/globe-trotter-1828079_1280.jpg","contentUrl":"https:\/\/visitviskovo.hr\/wp-content\/uploads\/2024\/08\/globe-trotter-1828079_1280.jpg","width":1280,"height":853},{"@type":"BreadcrumbList","@id":"https:\/\/visitviskovo.hr\/it\/info\/tips-info\/agenzie-di-viaggio\/#breadcrumb","itemListElement":[{"@type":"ListItem","position":1,"name":"Home","item":"https:\/\/visitviskovo.hr\/it\/"},{"@type":"ListItem","position":2,"name":"Info","item":"https:\/\/visitviskovo.hr\/it\/info\/"},{"@type":"ListItem","position":3,"name":"Tips &#038; info","item":"https:\/\/visitviskovo.hr\/it\/info\/tips-info\/"},{"@type":"ListItem","position":4,"name":"Agenzie di viaggio"}]},{"@type":"WebSite","@id":"https:\/\/visitviskovo.hr\/it\/#website","url":"https:\/\/visitviskovo.hr\/it\/","name":"Turisti\u010dka zajednica op\u0107ine Vi\u0161kovo","description":"","potentialAction":[{"@type":"SearchAction","target":{"@type":"EntryPoint","urlTemplate":"https:\/\/visitviskovo.hr\/it\/?s={search_term_string}"},"query-input":"required name=search_term_string"}],"inLanguage":"it-IT"}]}},"_links":{"self":[{"href":"https:\/\/visitviskovo.hr\/it\/wp-json\/wp\/v2\/pages\/3987"}],"collection":[{"href":"https:\/\/visitviskovo.hr\/it\/wp-json\/wp\/v2\/pages"}],"about":[{"href":"https:\/\/visitviskovo.hr\/it\/wp-json\/wp\/v2\/types\/page"}],"author":[{"embeddable":true,"href":"https:\/\/visitviskovo.hr\/it\/wp-json\/wp\/v2\/users\/1"}],"replies":[{"embeddable":true,"href":"https:\/\/visitviskovo.hr\/it\/wp-json\/wp\/v2\/comments?post=3987"}],"version-history":[{"count":2,"href":"https:\/\/visitviskovo.hr\/it\/wp-json\/wp\/v2\/pages\/3987\/revisions"}],"predecessor-version":[{"id":14785,"href":"https:\/\/visitviskovo.hr\/it\/wp-json\/wp\/v2\/pages\/3987\/revisions\/14785"}],"up":[{"embeddable":true,"href":"https:\/\/visitviskovo.hr\/it\/wp-json\/wp\/v2\/pages\/3950"}],"wp:featuredmedia":[{"embeddable":true,"href":"https:\/\/visitviskovo.hr\/it\/wp-json\/wp\/v2\/media\/21769"}],"wp:attachment":[{"href":"https:\/\/visitviskovo.hr\/it\/wp-json\/wp\/v2\/media?parent=3987"}],"curies":[{"name":"wp","href":"https:\/\/api.w.org\/{rel}","templated":true}]}}