{"id":3993,"date":"2019-08-19T20:16:02","date_gmt":"2019-08-19T20:16:02","guid":{"rendered":"https:\/\/visitviskovo.hr\/?page_id=3993"},"modified":"2024-08-14T12:39:14","modified_gmt":"2024-08-14T12:39:14","slug":"link","status":"publish","type":"page","link":"https:\/\/visitviskovo.hr\/it\/info\/tips-info\/link\/","title":{"rendered":"Unit\u00e0 di pronto soccorso e Giorni festivi"},"content":{"rendered":"\n<p>Si tratta del numero unico di emergenza europeo 112, in uso in tutti i paesi membri dell\u2019Unione europea e in buona parte dei paesi extraeuropei. La chiamata al 112 pu\u00f2 essere effettuata da qualsiasi apparecchio telefonico, a prescindere dalla rete di telecomunicazione del vostro paese. Il sistema vi collegher\u00e0 automaticamente con la pi\u00f9 vicina centrale operativa.\u00a0<\/p>\n\n\n\n<p>Alcuni servizi possono essere contattati direttamente chiamando i seguenti numeri:<\/p>\n\n\n\n<p><strong>&nbsp;+385 112<\/strong>&nbsp;\u2013 numero unico di emergenza<\/p>\n\n\n\n<p><strong>&nbsp;+385 192<\/strong>&nbsp;\u2013 polizia<\/p>\n\n\n\n<p><strong>&nbsp;+385 194<\/strong>&nbsp;\u2013 pronto soccorso<\/p>\n\n\n\n<p><strong>&nbsp;+385 193<\/strong>&nbsp;\u2013 vigili del fuoco<\/p>\n\n\n\n<p><strong>&nbsp;+385 1987<\/strong>&nbsp;\u2013 soccorso stradale<\/p>\n\n\n\n<p><strong>&nbsp;+385 195<\/strong>&nbsp;\u2013 Centro nazionale di coordinamento delle operazioni di ricerca e salvataggio in mare<\/p>\n\n\n\n<h2 class=\"wp-block-heading\">Giorni festivi<\/h2>\n\n\n\n<p>I giorni festivi in Croazia sono una combinazione di festivit\u00e0 civili e di festivit\u00e0 religiose (cattoliche, per l\u2019esattezza), per un totale di quattordici giorni:<\/p>\n\n\n\n<p><br><strong>1\u00b0 gennaio<\/strong>\u00a0\u2013 Capodanno<br><strong>6 gennaio<\/strong>\u00a0\u2013 Epifania<br><strong>Pasqua\u00a0<\/strong>\u2013 festivit\u00e0 mobile<br><strong>Luned\u00ec dell\u2019Angelo<\/strong>\u00a0\u2013 festivit\u00e0 mobile<br><strong>1\u00b0 maggio<\/strong>\u00a0\u2013 Festa del lavoro<br><strong>30 maggio<\/strong>\u00a0\u2013 Festa della Repubblica<br><strong>Corpus Domini\u00a0<\/strong>&#8211; festivit\u00e0 mobile<br><strong>22 giugno<\/strong>\u00a0\u2013 Giorno della lotta antifascista<br><strong>5 agosto<\/strong>\u00a0\u2013 Giorno della vittoria, del ringraziamento e dei reduci di guerra croati<br><strong>15 agosto\u00a0<\/strong>\u2013 Assunzione della Beata Vergine Maria (Ferragosto)<br><strong>1\u00b0 novembre<\/strong>\u00a0\u2013 Ognissanti<br><strong>18 novembre<\/strong>\u00a0\u2013 Giorno del ricordo dei caduti della Guerra di indipendenza della Croazia e del sacrificio di Vukovar e \u0160kabrnja<br><strong>25 dicembre\u00a0<\/strong>\u2013 Natale<br><strong>26 dicembre<\/strong>\u00a0\u2013 Santo Stefano<\/p>\n\n\n\n<p>Gli orari di apertura nei giorni non lavorativi possono variare o essere gli stessi della domenica. Ci\u00f2 significa che una parte dei negozi o dei servizi non funzioner\u00e0 o funzioner\u00e0 in modo abbreviato. Inoltre, gli orari di autobus, treni e altri mezzi di trasporto pubblico possono variare.<\/p>\n","protected":false},"excerpt":{"rendered":"<p>Si tratta del numero unico di emergenza europeo 112, in uso in tutti i paesi membri dell\u2019Unione europea e in buona parte dei paesi extraeuropei. La chiamata al 112 pu\u00f2 essere effettuata da qualsiasi apparecchio telefonico, a prescindere dalla rete di telecomunicazione del vostro paese. Il sistema vi collegher\u00e0 automaticamente con la pi\u00f9 vicina centrale [&hellip;]<\/p>\n","protected":false},"author":1,"featured_media":14775,"parent":3950,"menu_order":0,"comment_status":"closed","ping_status":"closed","template":"","meta":{"_acf_changed":false,"footnotes":""},"acf":[],"yoast_head":"<!-- This site is optimized with the Yoast SEO plugin v22.7 - https:\/\/yoast.com\/wordpress\/plugins\/seo\/ -->\n<title>Unit\u00e0 di pronto soccorso e Giorni festivi - Turisti\u010dka zajednica op\u0107ine Vi\u0161kovo<\/title>\n<meta name=\"robots\" content=\"index, follow, max-snippet:-1, max-image-preview:large, max-video-preview:-1\" \/>\n<link rel=\"canonical\" href=\"https:\/\/visitviskovo.hr\/it\/info\/tips-info\/link\/\" \/>\n<meta property=\"og:locale\" content=\"it_IT\" \/>\n<meta property=\"og:type\" content=\"article\" \/>\n<meta property=\"og:title\" content=\"Unit\u00e0 di pronto soccorso e Giorni festivi - Turisti\u010dka zajednica op\u0107ine Vi\u0161kovo\" \/>\n<meta property=\"og:description\" content=\"Si tratta del numero unico di emergenza europeo 112, in uso in tutti i paesi membri dell\u2019Unione europea e in buona parte dei paesi extraeuropei. La chiamata al 112 pu\u00f2 essere effettuata da qualsiasi apparecchio telefonico, a prescindere dalla rete di telecomunicazione del vostro paese. Il sistema vi collegher\u00e0 automaticamente con la pi\u00f9 vicina centrale [&hellip;]\" \/>\n<meta property=\"og:url\" content=\"https:\/\/visitviskovo.hr\/it\/info\/tips-info\/link\/\" \/>\n<meta property=\"og:site_name\" content=\"Turisti\u010dka zajednica op\u0107ine Vi\u0161kovo\" \/>\n<meta property=\"article:publisher\" content=\"https:\/\/web.facebook.com\/VisitViskovo\" \/>\n<meta property=\"article:modified_time\" content=\"2024-08-14T12:39:14+00:00\" \/>\n<meta property=\"og:image\" content=\"https:\/\/visitviskovo.hr\/wp-content\/uploads\/2020\/07\/preuzmi.jpg\" \/>\n\t<meta property=\"og:image:width\" content=\"273\" \/>\n\t<meta property=\"og:image:height\" content=\"185\" \/>\n\t<meta property=\"og:image:type\" content=\"image\/jpeg\" \/>\n<meta name=\"twitter:card\" content=\"summary_large_image\" \/>\n<meta name=\"twitter:label1\" content=\"Tempo di lettura stimato\" \/>\n\t<meta name=\"twitter:data1\" content=\"2 minuti\" \/>\n<script type=\"application\/ld+json\" class=\"yoast-schema-graph\">{\"@context\":\"https:\/\/schema.org\",\"@graph\":[{\"@type\":\"WebPage\",\"@id\":\"https:\/\/visitviskovo.hr\/it\/info\/tips-info\/link\/\",\"url\":\"https:\/\/visitviskovo.hr\/it\/info\/tips-info\/link\/\",\"name\":\"Unit\u00e0 di pronto soccorso e Giorni festivi - Turisti\u010dka zajednica op\u0107ine Vi\u0161kovo\",\"isPartOf\":{\"@id\":\"https:\/\/visitviskovo.hr\/it\/#website\"},\"primaryImageOfPage\":{\"@id\":\"https:\/\/visitviskovo.hr\/it\/info\/tips-info\/link\/#primaryimage\"},\"image\":{\"@id\":\"https:\/\/visitviskovo.hr\/it\/info\/tips-info\/link\/#primaryimage\"},\"thumbnailUrl\":\"https:\/\/visitviskovo.hr\/wp-content\/uploads\/2020\/07\/preuzmi.jpg\",\"datePublished\":\"2019-08-19T20:16:02+00:00\",\"dateModified\":\"2024-08-14T12:39:14+00:00\",\"breadcrumb\":{\"@id\":\"https:\/\/visitviskovo.hr\/it\/info\/tips-info\/link\/#breadcrumb\"},\"inLanguage\":\"it-IT\",\"potentialAction\":[{\"@type\":\"ReadAction\",\"target\":[\"https:\/\/visitviskovo.hr\/it\/info\/tips-info\/link\/\"]}]},{\"@type\":\"ImageObject\",\"inLanguage\":\"it-IT\",\"@id\":\"https:\/\/visitviskovo.hr\/it\/info\/tips-info\/link\/#primaryimage\",\"url\":\"https:\/\/visitviskovo.hr\/wp-content\/uploads\/2020\/07\/preuzmi.jpg\",\"contentUrl\":\"https:\/\/visitviskovo.hr\/wp-content\/uploads\/2020\/07\/preuzmi.jpg\",\"width\":273,\"height\":185},{\"@type\":\"BreadcrumbList\",\"@id\":\"https:\/\/visitviskovo.hr\/it\/info\/tips-info\/link\/#breadcrumb\",\"itemListElement\":[{\"@type\":\"ListItem\",\"position\":1,\"name\":\"Home\",\"item\":\"https:\/\/visitviskovo.hr\/it\/\"},{\"@type\":\"ListItem\",\"position\":2,\"name\":\"Info\",\"item\":\"https:\/\/visitviskovo.hr\/it\/info\/\"},{\"@type\":\"ListItem\",\"position\":3,\"name\":\"Tips &#038; info\",\"item\":\"https:\/\/visitviskovo.hr\/it\/info\/tips-info\/\"},{\"@type\":\"ListItem\",\"position\":4,\"name\":\"Unit\u00e0 di pronto soccorso e Giorni festivi\"}]},{\"@type\":\"WebSite\",\"@id\":\"https:\/\/visitviskovo.hr\/it\/#website\",\"url\":\"https:\/\/visitviskovo.hr\/it\/\",\"name\":\"Turisti\u010dka zajednica op\u0107ine Vi\u0161kovo\",\"description\":\"\",\"potentialAction\":[{\"@type\":\"SearchAction\",\"target\":{\"@type\":\"EntryPoint\",\"urlTemplate\":\"https:\/\/visitviskovo.hr\/it\/?s={search_term_string}\"},\"query-input\":\"required name=search_term_string\"}],\"inLanguage\":\"it-IT\"}]}<\/script>\n<!-- \/ Yoast SEO plugin. -->","yoast_head_json":{"title":"Unit\u00e0 di pronto soccorso e Giorni festivi - Turisti\u010dka zajednica op\u0107ine Vi\u0161kovo","robots":{"index":"index","follow":"follow","max-snippet":"max-snippet:-1","max-image-preview":"max-image-preview:large","max-video-preview":"max-video-preview:-1"},"canonical":"https:\/\/visitviskovo.hr\/it\/info\/tips-info\/link\/","og_locale":"it_IT","og_type":"article","og_title":"Unit\u00e0 di pronto soccorso e Giorni festivi - Turisti\u010dka zajednica op\u0107ine Vi\u0161kovo","og_description":"Si tratta del numero unico di emergenza europeo 112, in uso in tutti i paesi membri dell\u2019Unione europea e in buona parte dei paesi extraeuropei. La chiamata al 112 pu\u00f2 essere effettuata da qualsiasi apparecchio telefonico, a prescindere dalla rete di telecomunicazione del vostro paese. Il sistema vi collegher\u00e0 automaticamente con la pi\u00f9 vicina centrale [&hellip;]","og_url":"https:\/\/visitviskovo.hr\/it\/info\/tips-info\/link\/","og_site_name":"Turisti\u010dka zajednica op\u0107ine Vi\u0161kovo","article_publisher":"https:\/\/web.facebook.com\/VisitViskovo","article_modified_time":"2024-08-14T12:39:14+00:00","og_image":[{"width":273,"height":185,"url":"https:\/\/visitviskovo.hr\/wp-content\/uploads\/2020\/07\/preuzmi.jpg","type":"image\/jpeg"}],"twitter_card":"summary_large_image","twitter_misc":{"Tempo di lettura stimato":"2 minuti"},"schema":{"@context":"https:\/\/schema.org","@graph":[{"@type":"WebPage","@id":"https:\/\/visitviskovo.hr\/it\/info\/tips-info\/link\/","url":"https:\/\/visitviskovo.hr\/it\/info\/tips-info\/link\/","name":"Unit\u00e0 di pronto soccorso e Giorni festivi - Turisti\u010dka zajednica op\u0107ine Vi\u0161kovo","isPartOf":{"@id":"https:\/\/visitviskovo.hr\/it\/#website"},"primaryImageOfPage":{"@id":"https:\/\/visitviskovo.hr\/it\/info\/tips-info\/link\/#primaryimage"},"image":{"@id":"https:\/\/visitviskovo.hr\/it\/info\/tips-info\/link\/#primaryimage"},"thumbnailUrl":"https:\/\/visitviskovo.hr\/wp-content\/uploads\/2020\/07\/preuzmi.jpg","datePublished":"2019-08-19T20:16:02+00:00","dateModified":"2024-08-14T12:39:14+00:00","breadcrumb":{"@id":"https:\/\/visitviskovo.hr\/it\/info\/tips-info\/link\/#breadcrumb"},"inLanguage":"it-IT","potentialAction":[{"@type":"ReadAction","target":["https:\/\/visitviskovo.hr\/it\/info\/tips-info\/link\/"]}]},{"@type":"ImageObject","inLanguage":"it-IT","@id":"https:\/\/visitviskovo.hr\/it\/info\/tips-info\/link\/#primaryimage","url":"https:\/\/visitviskovo.hr\/wp-content\/uploads\/2020\/07\/preuzmi.jpg","contentUrl":"https:\/\/visitviskovo.hr\/wp-content\/uploads\/2020\/07\/preuzmi.jpg","width":273,"height":185},{"@type":"BreadcrumbList","@id":"https:\/\/visitviskovo.hr\/it\/info\/tips-info\/link\/#breadcrumb","itemListElement":[{"@type":"ListItem","position":1,"name":"Home","item":"https:\/\/visitviskovo.hr\/it\/"},{"@type":"ListItem","position":2,"name":"Info","item":"https:\/\/visitviskovo.hr\/it\/info\/"},{"@type":"ListItem","position":3,"name":"Tips &#038; info","item":"https:\/\/visitviskovo.hr\/it\/info\/tips-info\/"},{"@type":"ListItem","position":4,"name":"Unit\u00e0 di pronto soccorso e Giorni festivi"}]},{"@type":"WebSite","@id":"https:\/\/visitviskovo.hr\/it\/#website","url":"https:\/\/visitviskovo.hr\/it\/","name":"Turisti\u010dka zajednica op\u0107ine Vi\u0161kovo","description":"","potentialAction":[{"@type":"SearchAction","target":{"@type":"EntryPoint","urlTemplate":"https:\/\/visitviskovo.hr\/it\/?s={search_term_string}"},"query-input":"required name=search_term_string"}],"inLanguage":"it-IT"}]}},"_links":{"self":[{"href":"https:\/\/visitviskovo.hr\/it\/wp-json\/wp\/v2\/pages\/3993"}],"collection":[{"href":"https:\/\/visitviskovo.hr\/it\/wp-json\/wp\/v2\/pages"}],"about":[{"href":"https:\/\/visitviskovo.hr\/it\/wp-json\/wp\/v2\/types\/page"}],"author":[{"embeddable":true,"href":"https:\/\/visitviskovo.hr\/it\/wp-json\/wp\/v2\/users\/1"}],"replies":[{"embeddable":true,"href":"https:\/\/visitviskovo.hr\/it\/wp-json\/wp\/v2\/comments?post=3993"}],"version-history":[{"count":4,"href":"https:\/\/visitviskovo.hr\/it\/wp-json\/wp\/v2\/pages\/3993\/revisions"}],"predecessor-version":[{"id":21784,"href":"https:\/\/visitviskovo.hr\/it\/wp-json\/wp\/v2\/pages\/3993\/revisions\/21784"}],"up":[{"embeddable":true,"href":"https:\/\/visitviskovo.hr\/it\/wp-json\/wp\/v2\/pages\/3950"}],"wp:featuredmedia":[{"embeddable":true,"href":"https:\/\/visitviskovo.hr\/it\/wp-json\/wp\/v2\/media\/14775"}],"wp:attachment":[{"href":"https:\/\/visitviskovo.hr\/it\/wp-json\/wp\/v2\/media?parent=3993"}],"curies":[{"name":"wp","href":"https:\/\/api.w.org\/{rel}","templated":true}]}}