{"id":4484,"date":"2019-08-22T07:50:06","date_gmt":"2019-08-22T07:50:06","guid":{"rendered":"https:\/\/visitviskovo.hr\/?page_id=4484"},"modified":"2024-04-08T10:46:13","modified_gmt":"2024-04-08T10:46:13","slug":"pdf","status":"publish","type":"page","link":"https:\/\/visitviskovo.hr\/it\/pdf\/","title":{"rendered":"PDF"},"content":{"rendered":"\n<figure class=\"wp-block-image\"><img loading=\"lazy\" decoding=\"async\" width=\"1153\" height=\"768\" src=\"https:\/\/visitviskovo.hr\/wp-content\/uploads\/2020\/05\/TZ-Viskovo_11072019_056-Medium.jpg\" alt=\"\" class=\"wp-image-13807\" srcset=\"https:\/\/visitviskovo.hr\/wp-content\/uploads\/2020\/05\/TZ-Viskovo_11072019_056-Medium.jpg 1153w, https:\/\/visitviskovo.hr\/wp-content\/uploads\/2020\/05\/TZ-Viskovo_11072019_056-Medium-300x200.jpg 300w, https:\/\/visitviskovo.hr\/wp-content\/uploads\/2020\/05\/TZ-Viskovo_11072019_056-Medium-768x512.jpg 768w\" sizes=\"(max-width: 1153px) 100vw, 1153px\" \/><\/figure>\n\n\n\n<h2 class=\"wp-block-heading\">Carta di Vi\u0161kovo<\/h2>\n\n\n\n<p>Se state viaggiando attraverso la Croazia in cerca di grandi esperienze culturali, allora dovete assolutamente visitare Vi\u0161kovo! Qui sarete accolti da una moltitudine di beni culturali della&nbsp;<a href=\"https:\/\/visitviskovo.hr\/it\/viskovo\/unesco\/\">Lista Rappresentativa del Patrimonio culturale immateriale dell\u2019UNESCO<\/a>. Il nostro mite paesaggio invita gli appassionati di vacanze attive a fare un giro in bicicletta e i nostri sentieri e percorsi escursionistici offrono un\u2019opportunit\u00e0 perfetta per sfuggire al ritmo frenetico della vita quotidiana.&nbsp; <\/p>\n\n\n\n<div class=\"wp-block-file\"><a id=\"wp-block-file--media-08fda12c-037f-4167-8009-f751ddcb3ca9\" href=\"https:\/\/visitviskovo.hr\/wp-content\/uploads\/2020\/05\/Viskovo_strana_2_2019_07_187_outlines.pdf\">Carta di Vi\u0161kovo<\/a><\/div>\n\n\n\n<div class=\"wp-block-file\"><a id=\"wp-block-file--media-5bec601e-ee3a-4aa2-87de-2ac9bb3f9a84\" href=\"https:\/\/visitviskovo.hr\/wp-content\/uploads\/2020\/05\/Viskovo_strana_1_2019_07_187_outlines.pdf\">Carta di Vi\u0161kovo II<\/a><\/div>\n\n\n\n<h2 class=\"wp-block-heading\">Gastro guide<\/h2>\n\n\n\n<p>I numerosi ristoranti della zona, le osterie e le pasticcerie offrono&nbsp;<a href=\"https:\/\/visitviskovo.hr\/it\/gastronomia\/\">grandi esperienze culinarie<\/a>.<\/p>\n\n\n\n<div class=\"wp-block-file\"><a id=\"wp-block-file--media-237a777f-ece9-43e1-a133-83f64f458fef\" href=\"https:\/\/visitviskovo.hr\/wp-content\/uploads\/2020\/06\/TZ_Viskovo_deplijan_eng_2-1.pdf\">Gastro guide<\/a><\/div>\n\n\n\n<h2 class=\"wp-block-heading\">HALUbike<\/h2>\n\n\n\n<p>Vi\u0161kovo e dintorni sono circondati da un paesaggio tranquillo che invita a scoprire le tracce del passato. Concedetevi una passeggiata o un giro in bicicletta lungo i&nbsp;<a href=\"https:\/\/visitviskovo.hr\/it\/cosa-fare\/passeggiate-e-piste-cicabili\/\">nostri sentieri e percorsi ciclabili<\/a>&nbsp;verso oasi di tranquillit\u00e0 e panorami meravigliosi. Esplorate Vi\u0161kovo usando il sistema HALUbike! <\/p>\n\n\n\n<div class=\"wp-block-file\"><a id=\"wp-block-file--media-84dac74a-15fa-4ff1-86d7-247afabc12cc\" href=\"https:\/\/visitviskovo.hr\/wp-content\/uploads\/2020\/11\/HALUbike-DE-IT-1.pdf\">HALUbike<\/a><\/div>\n\n\n\n<h2 class=\"wp-block-heading\">Halubajski zvon\u010dari &#8211; Scampanatori di Halubje<\/h2>\n\n\n\n<p>Gli&nbsp;<em>zvon\u010dari<\/em>&nbsp;(scampanatori) sono un gruppo di uomini vestiti con pelli di pecora che, muovendosi, suonano le campane legate alla cintura per scacciare gli spiriti maligni. Questo tipo di maschere sono diffuse nel Mediterraneo, in particolare nelle zone carsiche, dove secoli fa la principale attivit\u00e0 economica era l\u2019allevamento del bestiame. <\/p>\n\n\n\n<div class=\"wp-block-file\"><a id=\"wp-block-file--media-1f1c3b9c-1583-4e75-bad3-2ed274626804\" href=\"https:\/\/visitviskovo.hr\/wp-content\/uploads\/2021\/03\/Halubajski-zvon\u010dari-bro\u0161ura.pdf\">Halubajski zvon\u010dari<\/a><\/div>\n\n\n\n<div class=\"wp-block-file\"><a id=\"wp-block-file--media-2c901880-f75c-49b4-82f5-ad34de8be5a4\" href=\"https:\/\/visitviskovo.hr\/wp-content\/uploads\/2019\/08\/halubajski_zvoncari_PRESS.pdf\">Discover &#8211; Halubajski zvon\u010dari<\/a><\/div>\n\n\n\n<h2 class=\"wp-block-heading\">Passeggiate e piste ciclabili <\/h2>\n\n\n\n<p>Cinque percorsi ciclabili tracciati che conducono attraverso l\u2019area di Vi\u0161kovo, una zona di eccezionale bellezza naturale dove il modo di vivere moderno si intreccia con quello tradizionale. Per tutti coloro che sono alla ricerca di un\u2019avventura all\u2019aria aperta, i nostri percorsi ciclabili offrono l\u2019opportunit\u00e0 perfetta per scoprire gli angoli nascosti di Vi\u0161kovo <\/p>\n\n\n\n<div class=\"wp-block-file\"><a id=\"wp-block-file--media-7026d652-e406-4fc2-80d8-2a987a10fea9\" href=\"https:\/\/visitviskovo.hr\/wp-content\/uploads\/2019\/08\/Biciklisti\u010dka-karta-Vi\u0161kovo-1.pdf\">Percorci ciclabili &#8211; Vi\u0161kovo<\/a><\/div>\n\n\n\n<h2 class=\"wp-block-heading\">I dintorni di Vi\u0161kovo<\/h2>\n\n\n\n<p>Visita i dintorni di Vi\u0161kovo, goditi la diversit\u00e0 e le peculiarit\u00e0 dei luoghi vicini.<\/p>\n\n\n\n<div class=\"wp-block-file\"><a id=\"wp-block-file--media-fb262ffd-a878-4670-a73b-e9a1b6aca55f\" href=\"https:\/\/visitviskovo.hr\/wp-content\/uploads\/2021\/03\/Rijeka-Bike.pdf\">Rijeka Bike<\/a><\/div>\n\n\n\n<div class=\"wp-block-file\"><a id=\"wp-block-file--media-479cf7ff-4fd8-4059-a95e-503de5a50e53\" href=\"https:\/\/visitviskovo.hr\/wp-content\/uploads\/2021\/03\/Rijeka-Trails.pdf\">Rijeka Trails<\/a><\/div>\n\n\n\n<div class=\"wp-block-file\"><a id=\"wp-block-file--media-86337d09-1c00-4130-aab6-2895991f32fd\" href=\"https:\/\/visitviskovo.hr\/wp-content\/uploads\/2021\/03\/rijeka_brosura_20_IT_light.pdf\">Rijeka e dintorni<\/a><\/div>\n","protected":false},"excerpt":{"rendered":"<p>Carta di Vi\u0161kovo Se state viaggiando attraverso la Croazia in cerca di grandi esperienze culturali, allora dovete assolutamente visitare Vi\u0161kovo! Qui sarete accolti da una moltitudine di beni culturali della&nbsp;Lista Rappresentativa del Patrimonio culturale immateriale dell\u2019UNESCO. Il nostro mite paesaggio invita gli appassionati di vacanze attive a fare un giro in bicicletta e i nostri [&hellip;]<\/p>\n","protected":false},"author":1,"featured_media":0,"parent":0,"menu_order":0,"comment_status":"closed","ping_status":"closed","template":"","meta":{"_acf_changed":false,"footnotes":""},"acf":[],"yoast_head":"<!-- This site is optimized with the Yoast SEO plugin v22.7 - https:\/\/yoast.com\/wordpress\/plugins\/seo\/ -->\n<title>PDF - Turisti\u010dka zajednica op\u0107ine Vi\u0161kovo<\/title>\n<meta name=\"robots\" content=\"index, follow, max-snippet:-1, max-image-preview:large, max-video-preview:-1\" \/>\n<link rel=\"canonical\" href=\"https:\/\/visitviskovo.hr\/it\/pdf\/\" \/>\n<meta property=\"og:locale\" content=\"it_IT\" \/>\n<meta property=\"og:type\" content=\"article\" \/>\n<meta property=\"og:title\" content=\"PDF - Turisti\u010dka zajednica op\u0107ine Vi\u0161kovo\" \/>\n<meta property=\"og:description\" content=\"Carta di Vi\u0161kovo Se state viaggiando attraverso la Croazia in cerca di grandi esperienze culturali, allora dovete assolutamente visitare Vi\u0161kovo! Qui sarete accolti da una moltitudine di beni culturali della&nbsp;Lista Rappresentativa del Patrimonio culturale immateriale dell\u2019UNESCO. Il nostro mite paesaggio invita gli appassionati di vacanze attive a fare un giro in bicicletta e i nostri [&hellip;]\" \/>\n<meta property=\"og:url\" content=\"https:\/\/visitviskovo.hr\/it\/pdf\/\" \/>\n<meta property=\"og:site_name\" content=\"Turisti\u010dka zajednica op\u0107ine Vi\u0161kovo\" \/>\n<meta property=\"article:publisher\" content=\"https:\/\/web.facebook.com\/VisitViskovo\" \/>\n<meta property=\"article:modified_time\" content=\"2024-04-08T10:46:13+00:00\" \/>\n<meta property=\"og:image\" content=\"https:\/\/visitviskovo.hr\/wp-content\/uploads\/2020\/05\/TZ-Viskovo_11072019_056-Medium.jpg\" \/>\n<meta name=\"twitter:card\" content=\"summary_large_image\" \/>\n<meta name=\"twitter:label1\" content=\"Tempo di lettura stimato\" \/>\n\t<meta name=\"twitter:data1\" content=\"2 minuti\" \/>\n<script type=\"application\/ld+json\" class=\"yoast-schema-graph\">{\"@context\":\"https:\/\/schema.org\",\"@graph\":[{\"@type\":\"WebPage\",\"@id\":\"https:\/\/visitviskovo.hr\/it\/pdf\/\",\"url\":\"https:\/\/visitviskovo.hr\/it\/pdf\/\",\"name\":\"PDF - Turisti\u010dka zajednica op\u0107ine Vi\u0161kovo\",\"isPartOf\":{\"@id\":\"https:\/\/visitviskovo.hr\/it\/#website\"},\"primaryImageOfPage\":{\"@id\":\"https:\/\/visitviskovo.hr\/it\/pdf\/#primaryimage\"},\"image\":{\"@id\":\"https:\/\/visitviskovo.hr\/it\/pdf\/#primaryimage\"},\"thumbnailUrl\":\"https:\/\/visitviskovo.hr\/wp-content\/uploads\/2020\/05\/TZ-Viskovo_11072019_056-Medium.jpg\",\"datePublished\":\"2019-08-22T07:50:06+00:00\",\"dateModified\":\"2024-04-08T10:46:13+00:00\",\"breadcrumb\":{\"@id\":\"https:\/\/visitviskovo.hr\/it\/pdf\/#breadcrumb\"},\"inLanguage\":\"it-IT\",\"potentialAction\":[{\"@type\":\"ReadAction\",\"target\":[\"https:\/\/visitviskovo.hr\/it\/pdf\/\"]}]},{\"@type\":\"ImageObject\",\"inLanguage\":\"it-IT\",\"@id\":\"https:\/\/visitviskovo.hr\/it\/pdf\/#primaryimage\",\"url\":\"https:\/\/visitviskovo.hr\/wp-content\/uploads\/2020\/05\/TZ-Viskovo_11072019_056-Medium.jpg\",\"contentUrl\":\"https:\/\/visitviskovo.hr\/wp-content\/uploads\/2020\/05\/TZ-Viskovo_11072019_056-Medium.jpg\"},{\"@type\":\"BreadcrumbList\",\"@id\":\"https:\/\/visitviskovo.hr\/it\/pdf\/#breadcrumb\",\"itemListElement\":[{\"@type\":\"ListItem\",\"position\":1,\"name\":\"Home\",\"item\":\"https:\/\/visitviskovo.hr\/it\/\"},{\"@type\":\"ListItem\",\"position\":2,\"name\":\"PDF\"}]},{\"@type\":\"WebSite\",\"@id\":\"https:\/\/visitviskovo.hr\/it\/#website\",\"url\":\"https:\/\/visitviskovo.hr\/it\/\",\"name\":\"Turisti\u010dka zajednica op\u0107ine Vi\u0161kovo\",\"description\":\"\",\"potentialAction\":[{\"@type\":\"SearchAction\",\"target\":{\"@type\":\"EntryPoint\",\"urlTemplate\":\"https:\/\/visitviskovo.hr\/it\/?s={search_term_string}\"},\"query-input\":\"required name=search_term_string\"}],\"inLanguage\":\"it-IT\"}]}<\/script>\n<!-- \/ Yoast SEO plugin. -->","yoast_head_json":{"title":"PDF - Turisti\u010dka zajednica op\u0107ine Vi\u0161kovo","robots":{"index":"index","follow":"follow","max-snippet":"max-snippet:-1","max-image-preview":"max-image-preview:large","max-video-preview":"max-video-preview:-1"},"canonical":"https:\/\/visitviskovo.hr\/it\/pdf\/","og_locale":"it_IT","og_type":"article","og_title":"PDF - Turisti\u010dka zajednica op\u0107ine Vi\u0161kovo","og_description":"Carta di Vi\u0161kovo Se state viaggiando attraverso la Croazia in cerca di grandi esperienze culturali, allora dovete assolutamente visitare Vi\u0161kovo! Qui sarete accolti da una moltitudine di beni culturali della&nbsp;Lista Rappresentativa del Patrimonio culturale immateriale dell\u2019UNESCO. Il nostro mite paesaggio invita gli appassionati di vacanze attive a fare un giro in bicicletta e i nostri [&hellip;]","og_url":"https:\/\/visitviskovo.hr\/it\/pdf\/","og_site_name":"Turisti\u010dka zajednica op\u0107ine Vi\u0161kovo","article_publisher":"https:\/\/web.facebook.com\/VisitViskovo","article_modified_time":"2024-04-08T10:46:13+00:00","og_image":[{"url":"https:\/\/visitviskovo.hr\/wp-content\/uploads\/2020\/05\/TZ-Viskovo_11072019_056-Medium.jpg"}],"twitter_card":"summary_large_image","twitter_misc":{"Tempo di lettura stimato":"2 minuti"},"schema":{"@context":"https:\/\/schema.org","@graph":[{"@type":"WebPage","@id":"https:\/\/visitviskovo.hr\/it\/pdf\/","url":"https:\/\/visitviskovo.hr\/it\/pdf\/","name":"PDF - Turisti\u010dka zajednica op\u0107ine Vi\u0161kovo","isPartOf":{"@id":"https:\/\/visitviskovo.hr\/it\/#website"},"primaryImageOfPage":{"@id":"https:\/\/visitviskovo.hr\/it\/pdf\/#primaryimage"},"image":{"@id":"https:\/\/visitviskovo.hr\/it\/pdf\/#primaryimage"},"thumbnailUrl":"https:\/\/visitviskovo.hr\/wp-content\/uploads\/2020\/05\/TZ-Viskovo_11072019_056-Medium.jpg","datePublished":"2019-08-22T07:50:06+00:00","dateModified":"2024-04-08T10:46:13+00:00","breadcrumb":{"@id":"https:\/\/visitviskovo.hr\/it\/pdf\/#breadcrumb"},"inLanguage":"it-IT","potentialAction":[{"@type":"ReadAction","target":["https:\/\/visitviskovo.hr\/it\/pdf\/"]}]},{"@type":"ImageObject","inLanguage":"it-IT","@id":"https:\/\/visitviskovo.hr\/it\/pdf\/#primaryimage","url":"https:\/\/visitviskovo.hr\/wp-content\/uploads\/2020\/05\/TZ-Viskovo_11072019_056-Medium.jpg","contentUrl":"https:\/\/visitviskovo.hr\/wp-content\/uploads\/2020\/05\/TZ-Viskovo_11072019_056-Medium.jpg"},{"@type":"BreadcrumbList","@id":"https:\/\/visitviskovo.hr\/it\/pdf\/#breadcrumb","itemListElement":[{"@type":"ListItem","position":1,"name":"Home","item":"https:\/\/visitviskovo.hr\/it\/"},{"@type":"ListItem","position":2,"name":"PDF"}]},{"@type":"WebSite","@id":"https:\/\/visitviskovo.hr\/it\/#website","url":"https:\/\/visitviskovo.hr\/it\/","name":"Turisti\u010dka zajednica op\u0107ine Vi\u0161kovo","description":"","potentialAction":[{"@type":"SearchAction","target":{"@type":"EntryPoint","urlTemplate":"https:\/\/visitviskovo.hr\/it\/?s={search_term_string}"},"query-input":"required name=search_term_string"}],"inLanguage":"it-IT"}]}},"_links":{"self":[{"href":"https:\/\/visitviskovo.hr\/it\/wp-json\/wp\/v2\/pages\/4484"}],"collection":[{"href":"https:\/\/visitviskovo.hr\/it\/wp-json\/wp\/v2\/pages"}],"about":[{"href":"https:\/\/visitviskovo.hr\/it\/wp-json\/wp\/v2\/types\/page"}],"author":[{"embeddable":true,"href":"https:\/\/visitviskovo.hr\/it\/wp-json\/wp\/v2\/users\/1"}],"replies":[{"embeddable":true,"href":"https:\/\/visitviskovo.hr\/it\/wp-json\/wp\/v2\/comments?post=4484"}],"version-history":[{"count":4,"href":"https:\/\/visitviskovo.hr\/it\/wp-json\/wp\/v2\/pages\/4484\/revisions"}],"predecessor-version":[{"id":20905,"href":"https:\/\/visitviskovo.hr\/it\/wp-json\/wp\/v2\/pages\/4484\/revisions\/20905"}],"wp:attachment":[{"href":"https:\/\/visitviskovo.hr\/it\/wp-json\/wp\/v2\/media?parent=4484"}],"curies":[{"name":"wp","href":"https:\/\/api.w.org\/{rel}","templated":true}]}}