{"id":8191,"date":"2019-08-26T07:46:12","date_gmt":"2019-08-26T07:46:12","guid":{"rendered":"https:\/\/visitviskovo.hr\/?page_id=8191"},"modified":"2024-04-09T07:24:26","modified_gmt":"2024-04-09T07:24:26","slug":"halubike","status":"publish","type":"page","link":"https:\/\/visitviskovo.hr\/it\/cosa-fare\/halubike\/","title":{"rendered":"HALUbike"},"content":{"rendered":"\n<p> Vi\u0161kovo e dintorni sono circondati da un paesaggio tranquillo che invita a scoprire le tracce del passato. Concedetevi una passeggiata o un giro in bicicletta lungo i <a href=\"https:\/\/visitviskovo.hr\/it\/cosa-fare\/passeggiate-e-piste-cicabili\/\">nostri sentieri e percorsi ciclabili<\/a> verso oasi di tranquillit\u00e0 e panorami meravigliosi. Esplorate Vi\u0161kovo usando il sistema HALUbike!<\/p>\n\n\n\n<p><br>HALUbike, un servizio di noleggio pubblico di biciclette nel Comune di Vi\u0161kovo, \u00e8 disponibile in due stazioni di bike sharing. Nel parcheggio Milihovo, al centro di Vi\u0161kovo, c\u2019\u00e8 una stazione con 6 biciclette classiche e 6 elettriche. A Ronjgi, nelle immediate vicinanze della rete di sentieri e percorsi ciclabili nonch\u00e9 dell\u2019Istituto \u201cIvan Mateti\u0107 Ronjgov\u201d, c\u2019\u00e8 un\u2019altra stazione con 4 biciclette classiche e 4 elettriche.<\/p>\n\n\n\n<p><br>Le biciclette si possono noleggiare in modo semplice direttamente nelle stazioni. Tramite la scansione del codice QR sulla colonnina, l\u2019utente accede all\u2019applicazione GO2BIKE. Accettando i termini e le condizioni generali, si effettua l\u2019inserimento dei dati e il trasferimento dell\u2019importo sul conto prepagato tramite carta di credito e sistema di autorizzazione e pagamento sicuro WSPay. Dopo aver selezionato la bicicletta desiderata mediante la scansione del suo codice QR, un segnale acustico informa l\u2019utente che la bicicletta \u00e8 sbloccata e pronta per essere utilizzata. Al termine del giro, la bici deve essere riportata correttamente sul posa biciclette, dopo di che all\u2019utente viene automaticamente detratto l\u2019importo dal suo conto prepagato in base al tempo di utilizzo e al listino prezzi valido.<\/p>\n\n\n\n<p>L\u2019unit\u00e0 di fatturazioneper determinare il tempo di utilizzo del noleggio della bicicletta \u00e8 di 1 minuto e il pagamento viene effettuato in base al tempo esatto di utilizzo. La bicicletta pu\u00f2 essere utilizzata dalle ore 06:00 alle 21:00 entro i confini amministrativi del Comune di Vi\u0161kovo.  <br><\/p>\n\n\n\n<p>Il sistema HALUbike di biciclette pubbliche \u00e8 stato progettato in modo da essere accessibile e facile da usare con tutte le informazioni e le istruzioni disponibili presso il terminal. Maggiori informazioni sono disponibili sul sito web HALUbike <a href=\"http:\/\/www.halubike.hr\">www.halubike.hr<\/a>. <\/p>\n\n\n\n<div class=\"wp-block-file\"><a id=\"wp-block-file--media-e846951f-2030-4b90-bbf6-e9edda923ef9\" href=\"https:\/\/visitviskovo.hr\/wp-content\/uploads\/2024\/04\/Cjenik-HALUbike-sustava-Talijanski.pdf\">Listino prezzi<\/a><\/div>\n\n\n\n<p><a href=\"https:\/\/visitviskovo.hr\/wp-content\/uploads\/2019\/08\/Biciklisti%C4%8Dka-karta-Vi%C5%A1kovo-1.pdf\">Mappe delle piste ciclabili in Vi\u0161kovo<\/a><\/p>\n\n\n\n<p><a href=\"https:\/\/visitviskovo.hr\/wp-content\/uploads\/2020\/05\/Viskovo_strana_2_2019_07_187_outlines.pdf\">Mappa di Vi\u0161kovo<\/a><\/p>\n\n\n\n<p><a href=\"https:\/\/visitviskovo.hr\/wp-content\/uploads\/2020\/11\/HALUbike-DE-IT-1.pdf\">HALUbike<\/a><\/p>\n","protected":false},"excerpt":{"rendered":"<p>Vi\u0161kovo e dintorni sono circondati da un paesaggio tranquillo che invita a scoprire le tracce del passato. Concedetevi una passeggiata o un giro in bicicletta lungo i nostri sentieri e percorsi ciclabili verso oasi di tranquillit\u00e0 e panorami meravigliosi. Esplorate Vi\u0161kovo usando il sistema HALUbike! HALUbike, un servizio di noleggio pubblico di biciclette nel Comune [&hellip;]<\/p>\n","protected":false},"author":1,"featured_media":8197,"parent":3919,"menu_order":0,"comment_status":"closed","ping_status":"closed","template":"","meta":{"_acf_changed":false,"footnotes":""},"acf":[],"yoast_head":"<!-- This site is optimized with the Yoast SEO plugin v22.7 - https:\/\/yoast.com\/wordpress\/plugins\/seo\/ -->\n<title>HALUbike - Turisti\u010dka zajednica op\u0107ine Vi\u0161kovo<\/title>\n<meta name=\"robots\" content=\"index, follow, max-snippet:-1, max-image-preview:large, max-video-preview:-1\" \/>\n<link rel=\"canonical\" href=\"https:\/\/visitviskovo.hr\/it\/cosa-fare\/halubike\/\" \/>\n<meta property=\"og:locale\" content=\"it_IT\" \/>\n<meta property=\"og:type\" content=\"article\" \/>\n<meta property=\"og:title\" content=\"HALUbike - Turisti\u010dka zajednica op\u0107ine Vi\u0161kovo\" \/>\n<meta property=\"og:description\" content=\"Vi\u0161kovo e dintorni sono circondati da un paesaggio tranquillo che invita a scoprire le tracce del passato. Concedetevi una passeggiata o un giro in bicicletta lungo i nostri sentieri e percorsi ciclabili verso oasi di tranquillit\u00e0 e panorami meravigliosi. Esplorate Vi\u0161kovo usando il sistema HALUbike! HALUbike, un servizio di noleggio pubblico di biciclette nel Comune [&hellip;]\" \/>\n<meta property=\"og:url\" content=\"https:\/\/visitviskovo.hr\/it\/cosa-fare\/halubike\/\" \/>\n<meta property=\"og:site_name\" content=\"Turisti\u010dka zajednica op\u0107ine Vi\u0161kovo\" \/>\n<meta property=\"article:publisher\" content=\"https:\/\/web.facebook.com\/VisitViskovo\" \/>\n<meta property=\"article:modified_time\" content=\"2024-04-09T07:24:26+00:00\" \/>\n<meta property=\"og:image\" content=\"https:\/\/visitviskovo.hr\/wp-content\/uploads\/2019\/08\/20180916213118000000-main.jpg\" \/>\n\t<meta property=\"og:image:width\" content=\"949\" \/>\n\t<meta property=\"og:image:height\" content=\"600\" \/>\n\t<meta property=\"og:image:type\" content=\"image\/jpeg\" \/>\n<meta name=\"twitter:card\" content=\"summary_large_image\" \/>\n<meta name=\"twitter:label1\" content=\"Tempo di lettura stimato\" \/>\n\t<meta name=\"twitter:data1\" content=\"2 minuti\" \/>\n<script type=\"application\/ld+json\" class=\"yoast-schema-graph\">{\"@context\":\"https:\/\/schema.org\",\"@graph\":[{\"@type\":\"WebPage\",\"@id\":\"https:\/\/visitviskovo.hr\/it\/cosa-fare\/halubike\/\",\"url\":\"https:\/\/visitviskovo.hr\/it\/cosa-fare\/halubike\/\",\"name\":\"HALUbike - Turisti\u010dka zajednica op\u0107ine Vi\u0161kovo\",\"isPartOf\":{\"@id\":\"https:\/\/visitviskovo.hr\/it\/#website\"},\"primaryImageOfPage\":{\"@id\":\"https:\/\/visitviskovo.hr\/it\/cosa-fare\/halubike\/#primaryimage\"},\"image\":{\"@id\":\"https:\/\/visitviskovo.hr\/it\/cosa-fare\/halubike\/#primaryimage\"},\"thumbnailUrl\":\"https:\/\/visitviskovo.hr\/wp-content\/uploads\/2019\/08\/20180916213118000000-main.jpg\",\"datePublished\":\"2019-08-26T07:46:12+00:00\",\"dateModified\":\"2024-04-09T07:24:26+00:00\",\"breadcrumb\":{\"@id\":\"https:\/\/visitviskovo.hr\/it\/cosa-fare\/halubike\/#breadcrumb\"},\"inLanguage\":\"it-IT\",\"potentialAction\":[{\"@type\":\"ReadAction\",\"target\":[\"https:\/\/visitviskovo.hr\/it\/cosa-fare\/halubike\/\"]}]},{\"@type\":\"ImageObject\",\"inLanguage\":\"it-IT\",\"@id\":\"https:\/\/visitviskovo.hr\/it\/cosa-fare\/halubike\/#primaryimage\",\"url\":\"https:\/\/visitviskovo.hr\/wp-content\/uploads\/2019\/08\/20180916213118000000-main.jpg\",\"contentUrl\":\"https:\/\/visitviskovo.hr\/wp-content\/uploads\/2019\/08\/20180916213118000000-main.jpg\",\"width\":949,\"height\":600},{\"@type\":\"BreadcrumbList\",\"@id\":\"https:\/\/visitviskovo.hr\/it\/cosa-fare\/halubike\/#breadcrumb\",\"itemListElement\":[{\"@type\":\"ListItem\",\"position\":1,\"name\":\"Home\",\"item\":\"https:\/\/visitviskovo.hr\/it\/\"},{\"@type\":\"ListItem\",\"position\":2,\"name\":\"Cosa fare\",\"item\":\"https:\/\/visitviskovo.hr\/it\/cosa-fare\/\"},{\"@type\":\"ListItem\",\"position\":3,\"name\":\"HALUbike\"}]},{\"@type\":\"WebSite\",\"@id\":\"https:\/\/visitviskovo.hr\/it\/#website\",\"url\":\"https:\/\/visitviskovo.hr\/it\/\",\"name\":\"Turisti\u010dka zajednica op\u0107ine Vi\u0161kovo\",\"description\":\"\",\"potentialAction\":[{\"@type\":\"SearchAction\",\"target\":{\"@type\":\"EntryPoint\",\"urlTemplate\":\"https:\/\/visitviskovo.hr\/it\/?s={search_term_string}\"},\"query-input\":\"required name=search_term_string\"}],\"inLanguage\":\"it-IT\"}]}<\/script>\n<!-- \/ Yoast SEO plugin. -->","yoast_head_json":{"title":"HALUbike - Turisti\u010dka zajednica op\u0107ine Vi\u0161kovo","robots":{"index":"index","follow":"follow","max-snippet":"max-snippet:-1","max-image-preview":"max-image-preview:large","max-video-preview":"max-video-preview:-1"},"canonical":"https:\/\/visitviskovo.hr\/it\/cosa-fare\/halubike\/","og_locale":"it_IT","og_type":"article","og_title":"HALUbike - Turisti\u010dka zajednica op\u0107ine Vi\u0161kovo","og_description":"Vi\u0161kovo e dintorni sono circondati da un paesaggio tranquillo che invita a scoprire le tracce del passato. Concedetevi una passeggiata o un giro in bicicletta lungo i nostri sentieri e percorsi ciclabili verso oasi di tranquillit\u00e0 e panorami meravigliosi. Esplorate Vi\u0161kovo usando il sistema HALUbike! HALUbike, un servizio di noleggio pubblico di biciclette nel Comune [&hellip;]","og_url":"https:\/\/visitviskovo.hr\/it\/cosa-fare\/halubike\/","og_site_name":"Turisti\u010dka zajednica op\u0107ine Vi\u0161kovo","article_publisher":"https:\/\/web.facebook.com\/VisitViskovo","article_modified_time":"2024-04-09T07:24:26+00:00","og_image":[{"width":949,"height":600,"url":"https:\/\/visitviskovo.hr\/wp-content\/uploads\/2019\/08\/20180916213118000000-main.jpg","type":"image\/jpeg"}],"twitter_card":"summary_large_image","twitter_misc":{"Tempo di lettura stimato":"2 minuti"},"schema":{"@context":"https:\/\/schema.org","@graph":[{"@type":"WebPage","@id":"https:\/\/visitviskovo.hr\/it\/cosa-fare\/halubike\/","url":"https:\/\/visitviskovo.hr\/it\/cosa-fare\/halubike\/","name":"HALUbike - Turisti\u010dka zajednica op\u0107ine Vi\u0161kovo","isPartOf":{"@id":"https:\/\/visitviskovo.hr\/it\/#website"},"primaryImageOfPage":{"@id":"https:\/\/visitviskovo.hr\/it\/cosa-fare\/halubike\/#primaryimage"},"image":{"@id":"https:\/\/visitviskovo.hr\/it\/cosa-fare\/halubike\/#primaryimage"},"thumbnailUrl":"https:\/\/visitviskovo.hr\/wp-content\/uploads\/2019\/08\/20180916213118000000-main.jpg","datePublished":"2019-08-26T07:46:12+00:00","dateModified":"2024-04-09T07:24:26+00:00","breadcrumb":{"@id":"https:\/\/visitviskovo.hr\/it\/cosa-fare\/halubike\/#breadcrumb"},"inLanguage":"it-IT","potentialAction":[{"@type":"ReadAction","target":["https:\/\/visitviskovo.hr\/it\/cosa-fare\/halubike\/"]}]},{"@type":"ImageObject","inLanguage":"it-IT","@id":"https:\/\/visitviskovo.hr\/it\/cosa-fare\/halubike\/#primaryimage","url":"https:\/\/visitviskovo.hr\/wp-content\/uploads\/2019\/08\/20180916213118000000-main.jpg","contentUrl":"https:\/\/visitviskovo.hr\/wp-content\/uploads\/2019\/08\/20180916213118000000-main.jpg","width":949,"height":600},{"@type":"BreadcrumbList","@id":"https:\/\/visitviskovo.hr\/it\/cosa-fare\/halubike\/#breadcrumb","itemListElement":[{"@type":"ListItem","position":1,"name":"Home","item":"https:\/\/visitviskovo.hr\/it\/"},{"@type":"ListItem","position":2,"name":"Cosa fare","item":"https:\/\/visitviskovo.hr\/it\/cosa-fare\/"},{"@type":"ListItem","position":3,"name":"HALUbike"}]},{"@type":"WebSite","@id":"https:\/\/visitviskovo.hr\/it\/#website","url":"https:\/\/visitviskovo.hr\/it\/","name":"Turisti\u010dka zajednica op\u0107ine Vi\u0161kovo","description":"","potentialAction":[{"@type":"SearchAction","target":{"@type":"EntryPoint","urlTemplate":"https:\/\/visitviskovo.hr\/it\/?s={search_term_string}"},"query-input":"required name=search_term_string"}],"inLanguage":"it-IT"}]}},"_links":{"self":[{"href":"https:\/\/visitviskovo.hr\/it\/wp-json\/wp\/v2\/pages\/8191"}],"collection":[{"href":"https:\/\/visitviskovo.hr\/it\/wp-json\/wp\/v2\/pages"}],"about":[{"href":"https:\/\/visitviskovo.hr\/it\/wp-json\/wp\/v2\/types\/page"}],"author":[{"embeddable":true,"href":"https:\/\/visitviskovo.hr\/it\/wp-json\/wp\/v2\/users\/1"}],"replies":[{"embeddable":true,"href":"https:\/\/visitviskovo.hr\/it\/wp-json\/wp\/v2\/comments?post=8191"}],"version-history":[{"count":10,"href":"https:\/\/visitviskovo.hr\/it\/wp-json\/wp\/v2\/pages\/8191\/revisions"}],"predecessor-version":[{"id":20983,"href":"https:\/\/visitviskovo.hr\/it\/wp-json\/wp\/v2\/pages\/8191\/revisions\/20983"}],"up":[{"embeddable":true,"href":"https:\/\/visitviskovo.hr\/it\/wp-json\/wp\/v2\/pages\/3919"}],"wp:featuredmedia":[{"embeddable":true,"href":"https:\/\/visitviskovo.hr\/it\/wp-json\/wp\/v2\/media\/8197"}],"wp:attachment":[{"href":"https:\/\/visitviskovo.hr\/it\/wp-json\/wp\/v2\/media?parent=8191"}],"curies":[{"name":"wp","href":"https:\/\/api.w.org\/{rel}","templated":true}]}}