{"id":8203,"date":"2019-08-26T07:56:32","date_gmt":"2019-08-26T07:56:32","guid":{"rendered":"https:\/\/visitviskovo.hr\/?page_id=8203"},"modified":"2024-04-09T11:45:19","modified_gmt":"2024-04-09T11:45:19","slug":"il-passato-nel-presente-manifestazioni","status":"publish","type":"page","link":"https:\/\/visitviskovo.hr\/it\/cosa-fare\/il-passato-nel-presente-manifestazioni\/","title":{"rendered":"Il passato nel presente &#8211; manifestazioni"},"content":{"rendered":"\n<p>Le nostre manifestazioni, sebbene radicate nella tradizione e nelle caratteristiche naturali della zona, assumono nuove forme per soddisfare le aspettative della gente moderna. In ogni stagione, Vi\u0161kovo offre una vasta gamma di programmi interessanti che soddisfano tutti i gusti. Vi invitiamo a unirvi a noi durante tutto l&#8217;anno e a godervi il nostro programma di manifestazioni.<\/p>\n\n\n\n<h2 class=\"wp-block-heading\"><strong>IL CARNEVALE<\/strong><\/h2>\n\n\n\n<p>Il Carnevale coincide con il periodo dell&#8217;inattivit\u00e0 della natura, poco prima del suo risveglio. In passato, per gli abitanti locali significava concedersi un po&#8217; di riposo dal lavoro quotidiano. Infatti, questo periodo, chiamato anche &#8220;la quinta stagione dell&#8217;anno&#8221; era dedicato al divertimento e allo stare in compagnia. Insomma, un&#8217;usanza che continua anche oggi. <strong>Il periodo di Carnevale <\/strong>nella zona del comune di Vi\u0161kovo inizia ogni anno il 17 gennaio per Sant&#8217;Antonio, il protettore del bestiame, che stabilisce un chiaro legame con le forme tradizionali di vita in quest&#8217;area (allevamento di bestiame). L&#8217;inizio del Carnevale \u00e8 caratterizzato dal suono del corno e dal fantoccio di paglia ovvero il Pust, che verr\u00e0 bruciato nella giornata di marted\u00ec prima delle Ceneri dopo essere stato condannato come colpevole di tutti i mali accaduti nell&#8217;anno precedente.<\/p>\n\n\n\n<p><strong>Il carnevale di Halubje<\/strong> si svolge dal 1999 ed \u00e8 caratterizzato dalla tradizione centenaria degli scampanatori di Halubje. Tutti gli eventi nell&#8217;abito del Carnevale sono rivolti a conservare le tradizioni, le usanze locali e i valori di un tempo. <\/p>\n\n\n\n<p>Il Carnevale inizia sempre la prima domenica dopo la giornata di Sant&#8217;Antonio. Vi partecipano tutte le associazioni carnevalesche attive nel Comune di Vi\u0161kovo: dai bambini degli asili alle Societ\u00e0 dei pensionati. Le strade si riempiono di maschere allegre e fantasiose di grandi e piccini nonch\u00e9 di costumi tradizionali che rievocano lo spirito dei tempi passati. Canti, balli e il fragoroso rumore dei vari gruppi di scampanatori possono essere vissuti in tutta la citt\u00e0. La fine della processione \u00e8 tradizionalmente riservata ai padroni di casa ovvero ai famosi Halubajski zvon\u010dari \u2013 scampanatori di Halubje. In quest&#8217;indimenticabile giornata di sabato, Vi\u0161kovo diventa un luogo di ritrovo di gruppi e associazioni carnevalesche provenienti dalla Croazia e dall&#8217;estero, e vi invita a partecipare a questa festa in maschera fino alle prime ore del mattino!<\/p>\n\n\n\n<p>La tradizione si ama gi\u00e0 dall\u2019infanzia. Durante la sfilata <strong>\u201cSmotra mi\u0107eh zvon\u010dari\u201d<\/strong>, Mar\u010delji diventa un luogo di ritrovo per i giovani scampanatori di Halubje delle zone limitrofe che promuovono quest&#8217;usanza. Il periodo di Carnevale \u00e8 scandito anche da numerosi altri eventi come il Torneo di bowling femminile in maschera, il Concerto della banda di ottoni di Marini\u0107i, il Torneo di freccette di Carnevale, i balli in maschera dei bambini, ecc., con i quali istituzioni e associazioni coltivano le tradizioni, i costumi e lo spirito del Carnevale.<\/p>\n\n\n\n<p>I protagonisti principali delle manifestazioni carnevalesche sono gli Halubajski zvon\u010dari &#8211; scampanatori di Halubje che con la loro particolare processione sono entrati a far parte della Lista del patrimonio culturale immateriale dell&#8217;UNESCO. Questa processione rievoca tempi passati in cui i confini amministrativi erano diversi, ma il significato del loro itinerario per secoli \u00e8 rimasto invariato: gli scampanatori visitano le case nell&#8217;area e i padroni di casa li accolgono con i tipici piatti tradizionali locali. . <\/p>\n\n\n\n<h2 class=\"wp-block-heading\"><strong>IL CARNEVALE<\/strong><\/h2>\n\n\n\n<p>Il Carnevale coincide con il periodo dell&#8217;inattivit\u00e0 della natura, poco prima del suo risveglio. In passato, per gli abitanti locali significava concedersi un po&#8217; di riposo dal lavoro quotidiano. Infatti, questo periodo, chiamato anche &#8220;la quinta stagione dell&#8217;anno&#8221; era dedicato al divertimento e allo stare in compagnia. Insomma, un&#8217;usanza che continua anche oggi. <strong>Il periodo di Carnevale <\/strong>nella zona del comune di Vi\u0161kovo inizia ogni anno il 17 gennaio per Sant&#8217;Antonio, il protettore del bestiame, che stabilisce un chiaro legame con le forme tradizionali di vita in quest&#8217;area (allevamento di bestiame). L&#8217;inizio del Carnevale \u00e8 caratterizzato dal suono del corno e dal fantoccio di paglia ovvero il Pust, che verr\u00e0 bruciato nella giornata di marted\u00ec prima delle Ceneri dopo essere stato condannato come colpevole di tutti i mali accaduti nell&#8217;anno precedente.<\/p>\n\n\n\n<p><strong>Il carnevale di Halubje<\/strong> si svolge dal 1999 ed \u00e8 caratterizzato dalla tradizione centenaria degli scampanatori di Halubje. Tutti gli eventi nell&#8217;abito del Carnevale sono rivolti a conservare le tradizioni, le usanze locali e i valori di un tempo. <\/p>\n\n\n\n<p>Il Carnevale inizia sempre la prima domenica dopo la giornata di Sant&#8217;Antonio. Vi partecipano tutte le associazioni carnevalesche attive nel Comune di Vi\u0161kovo: dai bambini degli asili alle Societ\u00e0 dei pensionati. Le strade si riempiono di maschere allegre e fantasiose di grandi e piccini nonch\u00e9 di costumi tradizionali che rievocano lo spirito dei tempi passati. Canti, balli e il fragoroso rumore dei vari gruppi di scampanatori possono essere vissuti in tutta la citt\u00e0. La fine della processione \u00e8 tradizionalmente riservata ai padroni di casa ovvero ai famosi Halubajski zvon\u010dari \u2013 scampanatori di Halubje. In quest&#8217;indimenticabile giornata di sabato, Vi\u0161kovo diventa un luogo di ritrovo di gruppi e associazioni carnevalesche provenienti dalla Croazia e dall&#8217;estero, e vi invita a partecipare a questa festa in maschera fino alle prime ore del mattino!<\/p>\n\n\n\n<p>La tradizione si ama gi\u00e0 dall\u2019infanzia. Durante la sfilata <strong>\u201cSmotra mi\u0107eh zvon\u010dari\u201d<\/strong>, Mar\u010delji diventa un luogo di ritrovo per i giovani scampanatori di Halubje delle zone limitrofe che promuovono quest&#8217;usanza. Il periodo di Carnevale \u00e8 scandito anche da numerosi altri eventi come il Torneo di bowling femminile in maschera, il Concerto della banda di ottoni di Marini\u0107i, il Torneo di freccette di Carnevale, i balli in maschera dei bambini, ecc., con i quali istituzioni e associazioni coltivano le tradizioni, i costumi e lo spirito del Carnevale.<\/p>\n\n\n\n<p>I protagonisti principali delle manifestazioni carnevalesche sono gli Halubajski zvon\u010dari &#8211; scampanatori di Halubje che con la loro particolare processione sono entrati a far parte della Lista del patrimonio culturale immateriale dell&#8217;UNESCO. Questa processione rievoca tempi passati in cui i confini amministrativi erano diversi, ma il significato del loro itinerario per secoli \u00e8 rimasto invariato: gli scampanatori visitano le case nell&#8217;area e i padroni di casa li accolgono con i tipici piatti tradizionali locali. <\/p>\n\n\n\n<h2 class=\"wp-block-heading\">PRONTI, ATTENTI, VIA! E <strong>PASSEGGIA CON ME\u2026<\/strong><\/h2>\n\n\n\n<p>Antichi sentieri e percorsi che un tempo collegavano villaggi e persone, oggi sono itinerari ben curati e tracciati. I percorsi ben curati e allestiti richiamano a fare una piacevole passeggiata lungo i vari paesaggi boschivi in coppia, in compagnia o assieme ai vostri amici a quattro zampe. In primavera, quando la natura \u00e8 in piena fioritura, una serie di escursioni guidate dal titolo&nbsp;<strong>\u201cPriprema, pozor, sad!\u201d<\/strong>&nbsp;(Pronti, attenti, via!) vengono organizzate ogni lunedi e mercoled\u00ec di aprile in collaborazione con il Club escursionistico di Vi\u0161kovo. Questa \u00e8 un\u2019occasione perfetta per godersi la natura e il patrimonio culturale, nonch\u00e9 ascoltare le storie interessanti raccontate dalle nostre guide. A ottobre, unitevi a noi per una passeggiata lungo i sentieri degli Scampanatori di Halubje (<strong>\u201cPro\u0161e\u0107i se z manun \u2026 po zvon\u010darskeh puteh\u201d<\/strong>) nel periodo dell\u2019anno in cui il bosco \u00e8 pieno di colori autunnali. Godetevi le passeggiate nella natura incontaminata, unite il relax e lo svago e scoprite Vi\u0161kovo in maniera diversa.<\/p>\n\n\n\n<h2 class=\"wp-block-heading\"><strong>MAJEVICA<\/strong><\/h2>\n\n\n\n<p>La prima domenica di maggio si chiama Majevica secondo il nome locale del lill\u00e0 che fiorisce in questo periodo dell&#8217;anno. In passato, questo era il giorno dell&#8217;ultima danza primaverile, seguita da un intenso periodo di lavoro nei campi<\/p>\n\n\n\n<p>Un tempo le ragazze aspettavano con impazienza questo giorno. Infatti, secondo la tradizione, i ragazzi dovevano decorare la finestra della ragazza che gli piaceva durante la notte. Sul comignolo della casa di questa ragazza o su un posto alto accanto alla casa (un albero di noci, gelsi o altro) si posava il maj ovvero un arbusto sempreverde (di solito ginepro o abete ma anche alloro) o un ramo di frassino o ciliegio in fiore.<\/p>\n\n\n\n<p>Si cantava:<br><em>Majevica, bella domenica,<br>Tu mi abbellirai la finestra,<br>oppure il gelso l\u00e0 sotto.<\/em><\/p>\n\n\n\n<p>La maggior parte dei giovani, dopo la Majevica, andava sulle montagne vicine a bruciare il carbone o la calce. In ricordo di quest&#8217;usanza, l&#8217;Ente per il turismo del Comune di Vi\u0161kovo ha promosso l&#8217;evento <strong>Majevica \u2013 la festa della primavera<\/strong>. Questa manifestazione dedicata alla tradizione, alla conservazione del patrimonio culturale e storico, alla cucina e alle antiche usanze della regione di Halubje si svolge la prima domenica di maggio. Il simbolo di quest&#8217;evento \u00e8 il lill\u00e0, che a Halubje si chiama anche majevica. Oltre alla rivitalizzazione dell&#8217;antico stile di vita attraverso giochi antichi, recitazioni, una fiera di prodotti locali ed ecologici, particolare enfasi \u00e8 posta sulla creazione di esperienze gastronomiche autoctone, sulla presentazione e preparazione dei piatti tradizionali locali e sui legami con il Mediterraneo. Dieta dell&#8217;entroterra, che fa parte del patrimonio immateriale dell&#8217;UNESCO &#8211; Dieta mediterranea sull&#8217;Adriatico croato, sulla sua costa, sulle isole e su parte dell&#8217;entroterra.<\/p>\n\n\n\n<h2 class=\"wp-block-heading\"><strong>CISTERNE (POZZI) \u2013 FONTE DI VITA<\/strong><\/h2>\n\n\n\n<p>In questo territorio carsico con rocce calcaree permeabili, le condizioni di vita sono sempre state sfavorevoli a causa dell&#8217;impossibilit\u00e0 di trattenere l&#8217;acqua. Il fiume Rje\u010dina, ossia il confine naturale nord-orientale tra il comune di Vi\u0161kovo e il territorio di Grobnik, rappresentava da sempre un&#8217;importante fonte d&#8217;acqua. Siccome prima della costruzione della moderna rete idrica, questo fiume era difficilmente accessibile agli abitanti di Vi\u0161kovo, le cisterne ovvero i pozzi erano per loro la fonte di vita.<\/p>\n\n\n\n<p>Il fabbisogno quotidiano di acqua portava giovani e anziani alla cisterna che divenne un luogo di ritrovo in cui scambiarsi informazioni e novit\u00e0. <a href=\"https:\/\/visitviskovo.hr\/it\/viskovo\/leggende\/\">La leggenda di Malik<\/a> avvertiva i bambini dal rischio di cadere nelle acque profonde e fredde. Tutto questo rendeva le cisterne fonte di vita non solo nel senso fisico ma anche quello spirituale.<\/p>\n\n\n\n<p>Durante il mese di giugno, le cisterne del comune di Vi\u0161kovo ospitano una serie di manifestazioni dal titolo <strong>\u201cCisterne (pozzi) &#8211; fonte di vita\u201d<\/strong>. Lo spazio limitato attorno alle cisterne offre un&#8217;atmosfera intima in cui gli artisti dei programmi culturali e d&#8217;intrattenimento sono strettamente collegati al loro pubblico. Questa serie di eventi trasforma le cisterne in piccoli palcoscenici che riportano in vita lo spirito dei tempi passati e il loro ruolo originale, anche se solo per un breve periodo.<\/p>\n\n\n\n<p>L&#8217;estate \u00e8 il periodo in cui godiamo di vari eventi in spazi aperti e ambienti interessanti. Uno di questi \u00e8 &#8220;Ljetni pljusak&#8221;: un concerto sulla piazza antistante la Chiesa di San Matteo, che offre un vero ristoro nel caldo mese di luglio<\/p>\n\n\n\n<h2 class=\"wp-block-heading\">MATEJNA<\/h2>\n\n\n\n<p>Nel giorno di S. San Matteo, il 21 settembre, si festeggia nella parrocchia di San Matteo. In passato nel giorno festivo si teneva una fiera, ma come la descrive I. Jardas, era miserabile, per cui non si pu\u00f2 nemmeno dire che fosse una vera fiera: &#8220;Kranjac \u00e8 venuto con le pentole e Dio \u00e8 felice&#8221;. La festa veniva celebrata solo ad Halubje e non a Kastav\u0161tina, la gente non era incline a quella fiera e faceva fatica ad imparare qualcosa di nuovo. Non ha giovato a suo favore il fatto che si tenesse il giorno di Matejna e non la domenica. Per Matejna c&#8217;era la festa in parrocchia, la messa e la benedizione, e la sera il ballo, e basta. Cos\u00ec era una volta, e oggi Matejna offre molto di pi\u00f9, una ricchezza di eventi culturali e sportivi, un&#8217;opportunit\u00e0 per gli abitanti del Comune di Vi\u0161kovo, cos\u00ec come per tutti i graditi visitatori, di incontrarsi, divertirsi e almeno staccare dalla vita di tutti i giorni per un po&#8217;.<\/p>\n\n\n\n<h2 class=\"wp-block-heading\">L&#8217;AVVENTO A VI\u0160KOVO<\/h2>\n\n\n\n<p>Di tutti i mesi dell&#8217;anno, dicembre indossa l&#8217;abito pi\u00f9 festoso della magia, dei profumi e dei sapori del Natale, del senso di comunit\u00e0 e di famiglia. Per rendere la fine dell&#8217;anno speciale come merita, abbiamo organizzato l&#8217;Avvento a Vi\u0161kovo, con tanti concerti, spettacoli di Natale e Capodanno, un mercatino di Natale e un brunch festivo e di ritrovo.<\/p>\n\n\n\n<h2 class=\"wp-block-heading\">ZELENA \u010cISTKA<\/h2>\n\n\n\n<p>Zelena \u010distka \u00e8 la pi\u00f9 grande azione di un giorno per pulire i siti di smaltimento dei rifiuti selvatici e il pi\u00f9 grande progetto di volontariato ecologico in Croazia. Con l&#8217;obiettivo di un futuro pi\u00f9 verde, preservando l&#8217;ambiente, sviluppando la consapevolezza del comportamento responsabile nella natura, sulle nostre passerelle e sentieri, TZ Vi\u0161kovo, Comune di Vi\u0161kovo, KD Vi\u0161kovo e numerosi volontari che contribuiscono alla protezione e alla conservazione dell&#8217;ambiente sono coinvolti nell&#8217;azione ogni anno.<\/p>\n","protected":false},"excerpt":{"rendered":"<p>Le nostre manifestazioni, sebbene radicate nella tradizione e nelle caratteristiche naturali della zona, assumono nuove forme per soddisfare le aspettative della gente moderna. In ogni stagione, Vi\u0161kovo offre una vasta gamma di programmi interessanti che soddisfano tutti i gusti. Vi invitiamo a unirvi a noi durante tutto l&#8217;anno e a godervi il nostro programma di [&hellip;]<\/p>\n","protected":false},"author":1,"featured_media":8449,"parent":3919,"menu_order":0,"comment_status":"closed","ping_status":"closed","template":"","meta":{"_acf_changed":false,"footnotes":""},"acf":[],"yoast_head":"<!-- This site is optimized with the Yoast SEO plugin v22.7 - https:\/\/yoast.com\/wordpress\/plugins\/seo\/ -->\n<title>Il passato nel presente - manifestazioni - Turisti\u010dka zajednica op\u0107ine Vi\u0161kovo<\/title>\n<meta name=\"robots\" content=\"index, follow, max-snippet:-1, max-image-preview:large, max-video-preview:-1\" \/>\n<link rel=\"canonical\" href=\"https:\/\/visitviskovo.hr\/it\/cosa-fare\/il-passato-nel-presente-manifestazioni\/\" \/>\n<meta property=\"og:locale\" content=\"it_IT\" \/>\n<meta property=\"og:type\" content=\"article\" \/>\n<meta property=\"og:title\" content=\"Il passato nel presente - manifestazioni - Turisti\u010dka zajednica op\u0107ine Vi\u0161kovo\" \/>\n<meta property=\"og:description\" content=\"Le nostre manifestazioni, sebbene radicate nella tradizione e nelle caratteristiche naturali della zona, assumono nuove forme per soddisfare le aspettative della gente moderna. In ogni stagione, Vi\u0161kovo offre una vasta gamma di programmi interessanti che soddisfano tutti i gusti. Vi invitiamo a unirvi a noi durante tutto l&#8217;anno e a godervi il nostro programma di [&hellip;]\" \/>\n<meta property=\"og:url\" content=\"https:\/\/visitviskovo.hr\/it\/cosa-fare\/il-passato-nel-presente-manifestazioni\/\" \/>\n<meta property=\"og:site_name\" content=\"Turisti\u010dka zajednica op\u0107ine Vi\u0161kovo\" \/>\n<meta property=\"article:publisher\" content=\"https:\/\/web.facebook.com\/VisitViskovo\" \/>\n<meta property=\"article:modified_time\" content=\"2024-04-09T11:45:19+00:00\" \/>\n<meta property=\"og:image\" content=\"https:\/\/visitviskovo.hr\/wp-content\/uploads\/2019\/09\/Ljetni-pljusak-1.jpg\" \/>\n\t<meta property=\"og:image:width\" content=\"1280\" \/>\n\t<meta property=\"og:image:height\" content=\"960\" \/>\n\t<meta property=\"og:image:type\" content=\"image\/jpeg\" \/>\n<meta name=\"twitter:card\" content=\"summary_large_image\" \/>\n<meta name=\"twitter:label1\" content=\"Tempo di lettura stimato\" \/>\n\t<meta name=\"twitter:data1\" content=\"11 minuti\" \/>\n<script type=\"application\/ld+json\" class=\"yoast-schema-graph\">{\"@context\":\"https:\/\/schema.org\",\"@graph\":[{\"@type\":\"WebPage\",\"@id\":\"https:\/\/visitviskovo.hr\/it\/cosa-fare\/il-passato-nel-presente-manifestazioni\/\",\"url\":\"https:\/\/visitviskovo.hr\/it\/cosa-fare\/il-passato-nel-presente-manifestazioni\/\",\"name\":\"Il passato nel presente - manifestazioni - Turisti\u010dka zajednica op\u0107ine Vi\u0161kovo\",\"isPartOf\":{\"@id\":\"https:\/\/visitviskovo.hr\/it\/#website\"},\"primaryImageOfPage\":{\"@id\":\"https:\/\/visitviskovo.hr\/it\/cosa-fare\/il-passato-nel-presente-manifestazioni\/#primaryimage\"},\"image\":{\"@id\":\"https:\/\/visitviskovo.hr\/it\/cosa-fare\/il-passato-nel-presente-manifestazioni\/#primaryimage\"},\"thumbnailUrl\":\"https:\/\/visitviskovo.hr\/wp-content\/uploads\/2019\/09\/Ljetni-pljusak-1.jpg\",\"datePublished\":\"2019-08-26T07:56:32+00:00\",\"dateModified\":\"2024-04-09T11:45:19+00:00\",\"breadcrumb\":{\"@id\":\"https:\/\/visitviskovo.hr\/it\/cosa-fare\/il-passato-nel-presente-manifestazioni\/#breadcrumb\"},\"inLanguage\":\"it-IT\",\"potentialAction\":[{\"@type\":\"ReadAction\",\"target\":[\"https:\/\/visitviskovo.hr\/it\/cosa-fare\/il-passato-nel-presente-manifestazioni\/\"]}]},{\"@type\":\"ImageObject\",\"inLanguage\":\"it-IT\",\"@id\":\"https:\/\/visitviskovo.hr\/it\/cosa-fare\/il-passato-nel-presente-manifestazioni\/#primaryimage\",\"url\":\"https:\/\/visitviskovo.hr\/wp-content\/uploads\/2019\/09\/Ljetni-pljusak-1.jpg\",\"contentUrl\":\"https:\/\/visitviskovo.hr\/wp-content\/uploads\/2019\/09\/Ljetni-pljusak-1.jpg\",\"width\":1280,\"height\":960},{\"@type\":\"BreadcrumbList\",\"@id\":\"https:\/\/visitviskovo.hr\/it\/cosa-fare\/il-passato-nel-presente-manifestazioni\/#breadcrumb\",\"itemListElement\":[{\"@type\":\"ListItem\",\"position\":1,\"name\":\"Home\",\"item\":\"https:\/\/visitviskovo.hr\/it\/\"},{\"@type\":\"ListItem\",\"position\":2,\"name\":\"Cosa fare\",\"item\":\"https:\/\/visitviskovo.hr\/it\/cosa-fare\/\"},{\"@type\":\"ListItem\",\"position\":3,\"name\":\"Il passato nel presente &#8211; manifestazioni\"}]},{\"@type\":\"WebSite\",\"@id\":\"https:\/\/visitviskovo.hr\/it\/#website\",\"url\":\"https:\/\/visitviskovo.hr\/it\/\",\"name\":\"Turisti\u010dka zajednica op\u0107ine Vi\u0161kovo\",\"description\":\"\",\"potentialAction\":[{\"@type\":\"SearchAction\",\"target\":{\"@type\":\"EntryPoint\",\"urlTemplate\":\"https:\/\/visitviskovo.hr\/it\/?s={search_term_string}\"},\"query-input\":\"required name=search_term_string\"}],\"inLanguage\":\"it-IT\"}]}<\/script>\n<!-- \/ Yoast SEO plugin. -->","yoast_head_json":{"title":"Il passato nel presente - manifestazioni - Turisti\u010dka zajednica op\u0107ine Vi\u0161kovo","robots":{"index":"index","follow":"follow","max-snippet":"max-snippet:-1","max-image-preview":"max-image-preview:large","max-video-preview":"max-video-preview:-1"},"canonical":"https:\/\/visitviskovo.hr\/it\/cosa-fare\/il-passato-nel-presente-manifestazioni\/","og_locale":"it_IT","og_type":"article","og_title":"Il passato nel presente - manifestazioni - Turisti\u010dka zajednica op\u0107ine Vi\u0161kovo","og_description":"Le nostre manifestazioni, sebbene radicate nella tradizione e nelle caratteristiche naturali della zona, assumono nuove forme per soddisfare le aspettative della gente moderna. In ogni stagione, Vi\u0161kovo offre una vasta gamma di programmi interessanti che soddisfano tutti i gusti. Vi invitiamo a unirvi a noi durante tutto l&#8217;anno e a godervi il nostro programma di [&hellip;]","og_url":"https:\/\/visitviskovo.hr\/it\/cosa-fare\/il-passato-nel-presente-manifestazioni\/","og_site_name":"Turisti\u010dka zajednica op\u0107ine Vi\u0161kovo","article_publisher":"https:\/\/web.facebook.com\/VisitViskovo","article_modified_time":"2024-04-09T11:45:19+00:00","og_image":[{"width":1280,"height":960,"url":"https:\/\/visitviskovo.hr\/wp-content\/uploads\/2019\/09\/Ljetni-pljusak-1.jpg","type":"image\/jpeg"}],"twitter_card":"summary_large_image","twitter_misc":{"Tempo di lettura stimato":"11 minuti"},"schema":{"@context":"https:\/\/schema.org","@graph":[{"@type":"WebPage","@id":"https:\/\/visitviskovo.hr\/it\/cosa-fare\/il-passato-nel-presente-manifestazioni\/","url":"https:\/\/visitviskovo.hr\/it\/cosa-fare\/il-passato-nel-presente-manifestazioni\/","name":"Il passato nel presente - manifestazioni - Turisti\u010dka zajednica op\u0107ine Vi\u0161kovo","isPartOf":{"@id":"https:\/\/visitviskovo.hr\/it\/#website"},"primaryImageOfPage":{"@id":"https:\/\/visitviskovo.hr\/it\/cosa-fare\/il-passato-nel-presente-manifestazioni\/#primaryimage"},"image":{"@id":"https:\/\/visitviskovo.hr\/it\/cosa-fare\/il-passato-nel-presente-manifestazioni\/#primaryimage"},"thumbnailUrl":"https:\/\/visitviskovo.hr\/wp-content\/uploads\/2019\/09\/Ljetni-pljusak-1.jpg","datePublished":"2019-08-26T07:56:32+00:00","dateModified":"2024-04-09T11:45:19+00:00","breadcrumb":{"@id":"https:\/\/visitviskovo.hr\/it\/cosa-fare\/il-passato-nel-presente-manifestazioni\/#breadcrumb"},"inLanguage":"it-IT","potentialAction":[{"@type":"ReadAction","target":["https:\/\/visitviskovo.hr\/it\/cosa-fare\/il-passato-nel-presente-manifestazioni\/"]}]},{"@type":"ImageObject","inLanguage":"it-IT","@id":"https:\/\/visitviskovo.hr\/it\/cosa-fare\/il-passato-nel-presente-manifestazioni\/#primaryimage","url":"https:\/\/visitviskovo.hr\/wp-content\/uploads\/2019\/09\/Ljetni-pljusak-1.jpg","contentUrl":"https:\/\/visitviskovo.hr\/wp-content\/uploads\/2019\/09\/Ljetni-pljusak-1.jpg","width":1280,"height":960},{"@type":"BreadcrumbList","@id":"https:\/\/visitviskovo.hr\/it\/cosa-fare\/il-passato-nel-presente-manifestazioni\/#breadcrumb","itemListElement":[{"@type":"ListItem","position":1,"name":"Home","item":"https:\/\/visitviskovo.hr\/it\/"},{"@type":"ListItem","position":2,"name":"Cosa fare","item":"https:\/\/visitviskovo.hr\/it\/cosa-fare\/"},{"@type":"ListItem","position":3,"name":"Il passato nel presente &#8211; manifestazioni"}]},{"@type":"WebSite","@id":"https:\/\/visitviskovo.hr\/it\/#website","url":"https:\/\/visitviskovo.hr\/it\/","name":"Turisti\u010dka zajednica op\u0107ine Vi\u0161kovo","description":"","potentialAction":[{"@type":"SearchAction","target":{"@type":"EntryPoint","urlTemplate":"https:\/\/visitviskovo.hr\/it\/?s={search_term_string}"},"query-input":"required name=search_term_string"}],"inLanguage":"it-IT"}]}},"_links":{"self":[{"href":"https:\/\/visitviskovo.hr\/it\/wp-json\/wp\/v2\/pages\/8203"}],"collection":[{"href":"https:\/\/visitviskovo.hr\/it\/wp-json\/wp\/v2\/pages"}],"about":[{"href":"https:\/\/visitviskovo.hr\/it\/wp-json\/wp\/v2\/types\/page"}],"author":[{"embeddable":true,"href":"https:\/\/visitviskovo.hr\/it\/wp-json\/wp\/v2\/users\/1"}],"replies":[{"embeddable":true,"href":"https:\/\/visitviskovo.hr\/it\/wp-json\/wp\/v2\/comments?post=8203"}],"version-history":[{"count":17,"href":"https:\/\/visitviskovo.hr\/it\/wp-json\/wp\/v2\/pages\/8203\/revisions"}],"predecessor-version":[{"id":21012,"href":"https:\/\/visitviskovo.hr\/it\/wp-json\/wp\/v2\/pages\/8203\/revisions\/21012"}],"up":[{"embeddable":true,"href":"https:\/\/visitviskovo.hr\/it\/wp-json\/wp\/v2\/pages\/3919"}],"wp:featuredmedia":[{"embeddable":true,"href":"https:\/\/visitviskovo.hr\/it\/wp-json\/wp\/v2\/media\/8449"}],"wp:attachment":[{"href":"https:\/\/visitviskovo.hr\/it\/wp-json\/wp\/v2\/media?parent=8203"}],"curies":[{"name":"wp","href":"https:\/\/api.w.org\/{rel}","templated":true}]}}