{"id":8241,"date":"2019-08-29T07:50:55","date_gmt":"2019-08-29T07:50:55","guid":{"rendered":"https:\/\/visitviskovo.hr\/?page_id=8241"},"modified":"2020-09-16T12:00:55","modified_gmt":"2020-09-16T12:00:55","slug":"punto-di-vista-e-allaperto-galleria","status":"publish","type":"page","link":"https:\/\/visitviskovo.hr\/it\/cosa-fare\/punto-di-vista-e-allaperto-galleria\/","title":{"rendered":"Punto di vista e all&#8217;aperto Galleria"},"content":{"rendered":"\n<p>Sopra Sar\u0161oni, nel paese di Lu\u010di\u0107i (506 m s.l.m.) si trova il punto panoramico Lon\u010deva gri\u017ea. Da qui si pu\u00f2 ammirare una splendida vista sul Quarnero, su Grobni\u010dko Polje, sul Gorski Kotar, sul Velebit e sulla vicina Slovenia. La parola \u201cgri\u017ea\u201d significa cumulo di rocce e pietre. Dalla sommit\u00e0 di questo cumulo, sotto il quale si trova una vecchia cava, si pu\u00f2 godere di una vista panoramica della zona circostante: dalle \u201cAlpi di Grobnik\u201d a nord e poi, spostandosi a destra, le montagne del Gorski Kotar e del Velebit, al Golfo del Quarnero con le sue isole e il canale Vela Vrata, il monte U\u010dka (Monte maggiore) e infine la Slovenia in lontananza. Sul lato nord della cresta c&#8217;\u00e8 una stretta valle con villaggi sparsi e il tortuoso fiume Rje\u010dina (Fiumara). Guardando a destra verso sud-est, si trova il centro storico di Grobnik con il suo castello in cima alla collina.<\/p>\n\n\n\n<p>Un sentiero educativo informa gli escursionisti che un tempo nei pressi c&#8217;era una cava. Sotto questo punto panoramico, sulla parete di una roccia si trova un&#8217;esposizione che grazie al lavoro di ricerca di Damir Petrc, ci fa conoscere i vecchi strumenti di scalpellini ed escavatori che si guadagnavano il pane svolgendo questo difficile lavoro.<\/p>\n\n\n\n<p>Su questa stessa roccia si trova un&#8217;eccezionale mostra all&#8217;aperto in cui sono esposte le opere dei membri dell&#8217;Associazione degli artisti dilettanti &#8220;Bra\u0107a Ba\u0161tijan&#8221; ispirati dai motivi tradizionali di Vi\u0161kovo.<\/p>\n","protected":false},"excerpt":{"rendered":"<p>Sopra Sar\u0161oni, nel paese di Lu\u010di\u0107i (506 m s.l.m.) si trova il punto panoramico Lon\u010deva gri\u017ea. Da qui si pu\u00f2 ammirare una splendida vista sul Quarnero, su Grobni\u010dko Polje, sul Gorski Kotar, sul Velebit e sulla vicina Slovenia. La parola \u201cgri\u017ea\u201d significa cumulo di rocce e pietre. Dalla sommit\u00e0 di questo cumulo, sotto il quale [&hellip;]<\/p>\n","protected":false},"author":1,"featured_media":13346,"parent":3919,"menu_order":0,"comment_status":"closed","ping_status":"closed","template":"","meta":{"_acf_changed":false,"footnotes":""},"acf":[],"yoast_head":"<!-- This site is optimized with the Yoast SEO plugin v22.7 - https:\/\/yoast.com\/wordpress\/plugins\/seo\/ -->\n<title>Punto di vista e all&#039;aperto Galleria - Turisti\u010dka zajednica op\u0107ine Vi\u0161kovo<\/title>\n<meta name=\"robots\" content=\"index, follow, max-snippet:-1, max-image-preview:large, max-video-preview:-1\" \/>\n<link rel=\"canonical\" href=\"https:\/\/visitviskovo.hr\/it\/cosa-fare\/punto-di-vista-e-allaperto-galleria\/\" \/>\n<meta property=\"og:locale\" content=\"it_IT\" \/>\n<meta property=\"og:type\" content=\"article\" \/>\n<meta property=\"og:title\" content=\"Punto di vista e all&#039;aperto Galleria - Turisti\u010dka zajednica op\u0107ine Vi\u0161kovo\" \/>\n<meta property=\"og:description\" content=\"Sopra Sar\u0161oni, nel paese di Lu\u010di\u0107i (506 m s.l.m.) si trova il punto panoramico Lon\u010deva gri\u017ea. Da qui si pu\u00f2 ammirare una splendida vista sul Quarnero, su Grobni\u010dko Polje, sul Gorski Kotar, sul Velebit e sulla vicina Slovenia. La parola \u201cgri\u017ea\u201d significa cumulo di rocce e pietre. Dalla sommit\u00e0 di questo cumulo, sotto il quale [&hellip;]\" \/>\n<meta property=\"og:url\" content=\"https:\/\/visitviskovo.hr\/it\/cosa-fare\/punto-di-vista-e-allaperto-galleria\/\" \/>\n<meta property=\"og:site_name\" content=\"Turisti\u010dka zajednica op\u0107ine Vi\u0161kovo\" \/>\n<meta property=\"article:publisher\" content=\"https:\/\/web.facebook.com\/VisitViskovo\" \/>\n<meta property=\"article:modified_time\" content=\"2020-09-16T12:00:55+00:00\" \/>\n<meta property=\"og:image\" content=\"https:\/\/visitviskovo.hr\/wp-content\/uploads\/2020\/04\/TZ-Viskovo_11072019_075.jpg\" \/>\n\t<meta property=\"og:image:width\" content=\"2000\" \/>\n\t<meta property=\"og:image:height\" content=\"1332\" \/>\n\t<meta property=\"og:image:type\" content=\"image\/jpeg\" \/>\n<meta name=\"twitter:card\" content=\"summary_large_image\" \/>\n<meta name=\"twitter:label1\" content=\"Tempo di lettura stimato\" \/>\n\t<meta name=\"twitter:data1\" content=\"1 minuto\" \/>\n<script type=\"application\/ld+json\" class=\"yoast-schema-graph\">{\"@context\":\"https:\/\/schema.org\",\"@graph\":[{\"@type\":\"WebPage\",\"@id\":\"https:\/\/visitviskovo.hr\/it\/cosa-fare\/punto-di-vista-e-allaperto-galleria\/\",\"url\":\"https:\/\/visitviskovo.hr\/it\/cosa-fare\/punto-di-vista-e-allaperto-galleria\/\",\"name\":\"Punto di vista e all'aperto Galleria - Turisti\u010dka zajednica op\u0107ine Vi\u0161kovo\",\"isPartOf\":{\"@id\":\"https:\/\/visitviskovo.hr\/it\/#website\"},\"primaryImageOfPage\":{\"@id\":\"https:\/\/visitviskovo.hr\/it\/cosa-fare\/punto-di-vista-e-allaperto-galleria\/#primaryimage\"},\"image\":{\"@id\":\"https:\/\/visitviskovo.hr\/it\/cosa-fare\/punto-di-vista-e-allaperto-galleria\/#primaryimage\"},\"thumbnailUrl\":\"https:\/\/visitviskovo.hr\/wp-content\/uploads\/2020\/04\/TZ-Viskovo_11072019_075.jpg\",\"datePublished\":\"2019-08-29T07:50:55+00:00\",\"dateModified\":\"2020-09-16T12:00:55+00:00\",\"breadcrumb\":{\"@id\":\"https:\/\/visitviskovo.hr\/it\/cosa-fare\/punto-di-vista-e-allaperto-galleria\/#breadcrumb\"},\"inLanguage\":\"it-IT\",\"potentialAction\":[{\"@type\":\"ReadAction\",\"target\":[\"https:\/\/visitviskovo.hr\/it\/cosa-fare\/punto-di-vista-e-allaperto-galleria\/\"]}]},{\"@type\":\"ImageObject\",\"inLanguage\":\"it-IT\",\"@id\":\"https:\/\/visitviskovo.hr\/it\/cosa-fare\/punto-di-vista-e-allaperto-galleria\/#primaryimage\",\"url\":\"https:\/\/visitviskovo.hr\/wp-content\/uploads\/2020\/04\/TZ-Viskovo_11072019_075.jpg\",\"contentUrl\":\"https:\/\/visitviskovo.hr\/wp-content\/uploads\/2020\/04\/TZ-Viskovo_11072019_075.jpg\",\"width\":2000,\"height\":1332},{\"@type\":\"BreadcrumbList\",\"@id\":\"https:\/\/visitviskovo.hr\/it\/cosa-fare\/punto-di-vista-e-allaperto-galleria\/#breadcrumb\",\"itemListElement\":[{\"@type\":\"ListItem\",\"position\":1,\"name\":\"Home\",\"item\":\"https:\/\/visitviskovo.hr\/it\/\"},{\"@type\":\"ListItem\",\"position\":2,\"name\":\"Cosa fare\",\"item\":\"https:\/\/visitviskovo.hr\/it\/cosa-fare\/\"},{\"@type\":\"ListItem\",\"position\":3,\"name\":\"Punto di vista e all&#8217;aperto Galleria\"}]},{\"@type\":\"WebSite\",\"@id\":\"https:\/\/visitviskovo.hr\/it\/#website\",\"url\":\"https:\/\/visitviskovo.hr\/it\/\",\"name\":\"Turisti\u010dka zajednica op\u0107ine Vi\u0161kovo\",\"description\":\"\",\"potentialAction\":[{\"@type\":\"SearchAction\",\"target\":{\"@type\":\"EntryPoint\",\"urlTemplate\":\"https:\/\/visitviskovo.hr\/it\/?s={search_term_string}\"},\"query-input\":\"required name=search_term_string\"}],\"inLanguage\":\"it-IT\"}]}<\/script>\n<!-- \/ Yoast SEO plugin. -->","yoast_head_json":{"title":"Punto di vista e all'aperto Galleria - Turisti\u010dka zajednica op\u0107ine Vi\u0161kovo","robots":{"index":"index","follow":"follow","max-snippet":"max-snippet:-1","max-image-preview":"max-image-preview:large","max-video-preview":"max-video-preview:-1"},"canonical":"https:\/\/visitviskovo.hr\/it\/cosa-fare\/punto-di-vista-e-allaperto-galleria\/","og_locale":"it_IT","og_type":"article","og_title":"Punto di vista e all'aperto Galleria - Turisti\u010dka zajednica op\u0107ine Vi\u0161kovo","og_description":"Sopra Sar\u0161oni, nel paese di Lu\u010di\u0107i (506 m s.l.m.) si trova il punto panoramico Lon\u010deva gri\u017ea. Da qui si pu\u00f2 ammirare una splendida vista sul Quarnero, su Grobni\u010dko Polje, sul Gorski Kotar, sul Velebit e sulla vicina Slovenia. La parola \u201cgri\u017ea\u201d significa cumulo di rocce e pietre. Dalla sommit\u00e0 di questo cumulo, sotto il quale [&hellip;]","og_url":"https:\/\/visitviskovo.hr\/it\/cosa-fare\/punto-di-vista-e-allaperto-galleria\/","og_site_name":"Turisti\u010dka zajednica op\u0107ine Vi\u0161kovo","article_publisher":"https:\/\/web.facebook.com\/VisitViskovo","article_modified_time":"2020-09-16T12:00:55+00:00","og_image":[{"width":2000,"height":1332,"url":"https:\/\/visitviskovo.hr\/wp-content\/uploads\/2020\/04\/TZ-Viskovo_11072019_075.jpg","type":"image\/jpeg"}],"twitter_card":"summary_large_image","twitter_misc":{"Tempo di lettura stimato":"1 minuto"},"schema":{"@context":"https:\/\/schema.org","@graph":[{"@type":"WebPage","@id":"https:\/\/visitviskovo.hr\/it\/cosa-fare\/punto-di-vista-e-allaperto-galleria\/","url":"https:\/\/visitviskovo.hr\/it\/cosa-fare\/punto-di-vista-e-allaperto-galleria\/","name":"Punto di vista e all'aperto Galleria - Turisti\u010dka zajednica op\u0107ine Vi\u0161kovo","isPartOf":{"@id":"https:\/\/visitviskovo.hr\/it\/#website"},"primaryImageOfPage":{"@id":"https:\/\/visitviskovo.hr\/it\/cosa-fare\/punto-di-vista-e-allaperto-galleria\/#primaryimage"},"image":{"@id":"https:\/\/visitviskovo.hr\/it\/cosa-fare\/punto-di-vista-e-allaperto-galleria\/#primaryimage"},"thumbnailUrl":"https:\/\/visitviskovo.hr\/wp-content\/uploads\/2020\/04\/TZ-Viskovo_11072019_075.jpg","datePublished":"2019-08-29T07:50:55+00:00","dateModified":"2020-09-16T12:00:55+00:00","breadcrumb":{"@id":"https:\/\/visitviskovo.hr\/it\/cosa-fare\/punto-di-vista-e-allaperto-galleria\/#breadcrumb"},"inLanguage":"it-IT","potentialAction":[{"@type":"ReadAction","target":["https:\/\/visitviskovo.hr\/it\/cosa-fare\/punto-di-vista-e-allaperto-galleria\/"]}]},{"@type":"ImageObject","inLanguage":"it-IT","@id":"https:\/\/visitviskovo.hr\/it\/cosa-fare\/punto-di-vista-e-allaperto-galleria\/#primaryimage","url":"https:\/\/visitviskovo.hr\/wp-content\/uploads\/2020\/04\/TZ-Viskovo_11072019_075.jpg","contentUrl":"https:\/\/visitviskovo.hr\/wp-content\/uploads\/2020\/04\/TZ-Viskovo_11072019_075.jpg","width":2000,"height":1332},{"@type":"BreadcrumbList","@id":"https:\/\/visitviskovo.hr\/it\/cosa-fare\/punto-di-vista-e-allaperto-galleria\/#breadcrumb","itemListElement":[{"@type":"ListItem","position":1,"name":"Home","item":"https:\/\/visitviskovo.hr\/it\/"},{"@type":"ListItem","position":2,"name":"Cosa fare","item":"https:\/\/visitviskovo.hr\/it\/cosa-fare\/"},{"@type":"ListItem","position":3,"name":"Punto di vista e all&#8217;aperto Galleria"}]},{"@type":"WebSite","@id":"https:\/\/visitviskovo.hr\/it\/#website","url":"https:\/\/visitviskovo.hr\/it\/","name":"Turisti\u010dka zajednica op\u0107ine Vi\u0161kovo","description":"","potentialAction":[{"@type":"SearchAction","target":{"@type":"EntryPoint","urlTemplate":"https:\/\/visitviskovo.hr\/it\/?s={search_term_string}"},"query-input":"required name=search_term_string"}],"inLanguage":"it-IT"}]}},"_links":{"self":[{"href":"https:\/\/visitviskovo.hr\/it\/wp-json\/wp\/v2\/pages\/8241"}],"collection":[{"href":"https:\/\/visitviskovo.hr\/it\/wp-json\/wp\/v2\/pages"}],"about":[{"href":"https:\/\/visitviskovo.hr\/it\/wp-json\/wp\/v2\/types\/page"}],"author":[{"embeddable":true,"href":"https:\/\/visitviskovo.hr\/it\/wp-json\/wp\/v2\/users\/1"}],"replies":[{"embeddable":true,"href":"https:\/\/visitviskovo.hr\/it\/wp-json\/wp\/v2\/comments?post=8241"}],"version-history":[{"count":3,"href":"https:\/\/visitviskovo.hr\/it\/wp-json\/wp\/v2\/pages\/8241\/revisions"}],"predecessor-version":[{"id":15031,"href":"https:\/\/visitviskovo.hr\/it\/wp-json\/wp\/v2\/pages\/8241\/revisions\/15031"}],"up":[{"embeddable":true,"href":"https:\/\/visitviskovo.hr\/it\/wp-json\/wp\/v2\/pages\/3919"}],"wp:featuredmedia":[{"embeddable":true,"href":"https:\/\/visitviskovo.hr\/it\/wp-json\/wp\/v2\/media\/13346"}],"wp:attachment":[{"href":"https:\/\/visitviskovo.hr\/it\/wp-json\/wp\/v2\/media?parent=8241"}],"curies":[{"name":"wp","href":"https:\/\/api.w.org\/{rel}","templated":true}]}}